{"id":705,"date":"2024-11-07T15:03:46","date_gmt":"2024-11-07T15:03:46","guid":{"rendered":"https:\/\/grillkalken.se\/?page_id=705"},"modified":"2024-11-12T16:36:29","modified_gmt":"2024-11-12T16:36:29","slug":"begagnade-kalkar","status":"publish","type":"page","link":"https:\/\/grillkalken.se\/index.php\/begagnade-kalkar\/","title":{"rendered":"Begagnade K\u00e4lkar"},"content":{"rendered":"\t\t<div data-elementor-type=\"wp-page\" data-elementor-id=\"705\" class=\"elementor elementor-705\">\n\t\t\t\t<div class=\"elementor-element elementor-element-bb07fab e-flex e-con-boxed e-con e-parent\" data-id=\"bb07fab\" data-element_type=\"container\" data-e-type=\"container\">\n\t\t\t\t\t<div class=\"e-con-inner\">\n\t\t\t\t<div class=\"elementor-element elementor-element-75ea368 elementor-widget elementor-widget-spacer\" data-id=\"75ea368\" data-element_type=\"widget\" data-e-type=\"widget\" data-widget_type=\"spacer.default\">\n\t\t\t\t<div class=\"elementor-widget-container\">\n\t\t\t\t\t\t\t<div class=\"elementor-spacer\">\n\t\t\t<div class=\"elementor-spacer-inner\"><\/div>\n\t\t<\/div>\n\t\t\t\t\t\t<\/div>\n\t\t\t\t<\/div>\n\t\t\t\t\t<\/div>\n\t\t\t\t<\/div>\n\t\t<div class=\"elementor-element elementor-element-654b9ad e-flex e-con-boxed e-con e-parent\" data-id=\"654b9ad\" data-element_type=\"container\" data-e-type=\"container\">\n\t\t\t\t\t<div class=\"e-con-inner\">\n\t\t<div class=\"elementor-element elementor-element-a3e9cad e-con-full e-flex e-con e-child\" data-id=\"a3e9cad\" data-element_type=\"container\" data-e-type=\"container\">\n\t\t\t\t<div class=\"elementor-element elementor-element-8adbf02 elementor-widget elementor-widget-text-editor\" data-id=\"8adbf02\" data-element_type=\"widget\" data-e-type=\"widget\" data-widget_type=\"text-editor.default\">\n\t\t\t\t<div class=\"elementor-widget-container\">\n\t\t\t\t\t\t\t\t\t<p>K\u00e4lken \u00e4r en tidigare generation. Denna variant \u00e4r utrustad med en h\u00f6j och s\u00e4nkanordning som \u00e4r\u00a0 lite mer avancerad.\u00a0<\/p><p>F\u00f6r att reglera h\u00f6jden p\u00e5 grillgallret s\u00e5 skjuter man upp st\u00e5ngen med ett handtag nedanifr\u00e5n. P\u00e5 denna k\u00e4lke g\u00e5r det \u00e4ven att vrida bort gallret fr\u00e5n elden.<\/p><p>K\u00e4lken har plastskidor och har inte k\u00f6rts mycket<\/p><p>Det \u00e4r grillat i grill\u00e5dan ett f\u00e5tal g\u00e5nger\u00a0<\/p>\t\t\t\t\t\t\t\t<\/div>\n\t\t\t\t<\/div>\n\t\t\t\t<\/div>\n\t\t<div class=\"elementor-element elementor-element-39abb3f e-con-full e-flex e-con e-child\" data-id=\"39abb3f\" data-element_type=\"container\" data-e-type=\"container\">\n\t\t\t\t<div class=\"elementor-element elementor-element-8282f7a elementor-widget elementor-widget-image\" data-id=\"8282f7a\" data-element_type=\"widget\" data-e-type=\"widget\" data-widget_type=\"image.default\">\n\t\t\t\t<div class=\"elementor-widget-container\">\n\t\t\t\t\t\t\t\t\t\t\t\t\t\t\t<img fetchpriority=\"high\" decoding=\"async\" width=\"800\" height=\"600\" src=\"https:\/\/grillkalken.se\/wp-content\/uploads\/2024\/11\/20241030_195257-1024x768.jpg\" class=\"attachment-large size-large wp-image-716\" alt=\"\" srcset=\"https:\/\/grillkalken.se\/wp-content\/uploads\/2024\/11\/20241030_195257-1024x768.jpg 1024w, https:\/\/grillkalken.se\/wp-content\/uploads\/2024\/11\/20241030_195257-300x225.jpg 300w, https:\/\/grillkalken.se\/wp-content\/uploads\/2024\/11\/20241030_195257-768x576.jpg 768w, https:\/\/grillkalken.se\/wp-content\/uploads\/2024\/11\/20241030_195257-1536x1152.jpg 1536w, https:\/\/grillkalken.se\/wp-content\/uploads\/2024\/11\/20241030_195257-2048x1536.jpg 2048w, https:\/\/grillkalken.se\/wp-content\/uploads\/2024\/11\/20241030_195257-600x450.jpg 600w\" sizes=\"(max-width: 800px) 100vw, 800px\" \/>\t\t\t\t\t\t\t\t\t\t\t\t\t\t\t<\/div>\n\t\t\t\t<\/div>\n\t\t\t\t<\/div>\n\t\t<div class=\"elementor-element elementor-element-24b1d57 e-con-full e-flex e-con e-child\" data-id=\"24b1d57\" data-element_type=\"container\" data-e-type=\"container\">\n\t\t\t\t<div class=\"elementor-element elementor-element-9e380d2 elementor-widget elementor-widget-image\" data-id=\"9e380d2\" data-element_type=\"widget\" data-e-type=\"widget\" data-widget_type=\"image.default\">\n\t\t\t\t<div class=\"elementor-widget-container\">\n\t\t\t\t\t\t\t\t\t\t\t\t\t\t\t<img decoding=\"async\" width=\"800\" height=\"600\" src=\"https:\/\/grillkalken.se\/wp-content\/uploads\/2024\/11\/20241030_195314-1024x768.jpg\" class=\"attachment-large size-large wp-image-717\" alt=\"\" srcset=\"https:\/\/grillkalken.se\/wp-content\/uploads\/2024\/11\/20241030_195314-1024x768.jpg 1024w, https:\/\/grillkalken.se\/wp-content\/uploads\/2024\/11\/20241030_195314-300x225.jpg 300w, https:\/\/grillkalken.se\/wp-content\/uploads\/2024\/11\/20241030_195314-768x576.jpg 768w, https:\/\/grillkalken.se\/wp-content\/uploads\/2024\/11\/20241030_195314-1536x1152.jpg 1536w, https:\/\/grillkalken.se\/wp-content\/uploads\/2024\/11\/20241030_195314-2048x1536.jpg 2048w, https:\/\/grillkalken.se\/wp-content\/uploads\/2024\/11\/20241030_195314-600x450.jpg 600w\" sizes=\"(max-width: 800px) 100vw, 800px\" \/>\t\t\t\t\t\t\t\t\t\t\t\t\t\t\t<\/div>\n\t\t\t\t<\/div>\n\t\t\t\t<\/div>\n\t\t<div class=\"elementor-element elementor-element-4c4972a e-con-full e-flex e-con e-child\" data-id=\"4c4972a\" data-element_type=\"container\" data-e-type=\"container\">\n\t\t\t\t<div class=\"elementor-element elementor-element-ff47a0c elementor-widget elementor-widget-image\" data-id=\"ff47a0c\" data-element_type=\"widget\" data-e-type=\"widget\" data-widget_type=\"image.default\">\n\t\t\t\t<div class=\"elementor-widget-container\">\n\t\t\t\t\t\t\t\t\t\t\t\t\t\t\t<img decoding=\"async\" width=\"800\" height=\"600\" src=\"https:\/\/grillkalken.se\/wp-content\/uploads\/2024\/11\/20241030_195419-1024x768.jpg\" class=\"attachment-large size-large wp-image-718\" alt=\"\" srcset=\"https:\/\/grillkalken.se\/wp-content\/uploads\/2024\/11\/20241030_195419-1024x768.jpg 1024w, https:\/\/grillkalken.se\/wp-content\/uploads\/2024\/11\/20241030_195419-300x225.jpg 300w, https:\/\/grillkalken.se\/wp-content\/uploads\/2024\/11\/20241030_195419-768x576.jpg 768w, https:\/\/grillkalken.se\/wp-content\/uploads\/2024\/11\/20241030_195419-1536x1152.jpg 1536w, https:\/\/grillkalken.se\/wp-content\/uploads\/2024\/11\/20241030_195419-2048x1536.jpg 2048w, https:\/\/grillkalken.se\/wp-content\/uploads\/2024\/11\/20241030_195419-600x450.jpg 600w\" sizes=\"(max-width: 800px) 100vw, 800px\" \/>\t\t\t\t\t\t\t\t\t\t\t\t\t\t\t<\/div>\n\t\t\t\t<\/div>\n\t\t\t\t<\/div>\n\t\t\t\t\t<\/div>\n\t\t\t\t<\/div>\n\t\t<div class=\"elementor-element elementor-element-e5dff9a e-flex e-con-boxed e-con e-parent\" data-id=\"e5dff9a\" data-element_type=\"container\" data-e-type=\"container\">\n\t\t\t\t\t<div class=\"e-con-inner\">\n\t\t\t\t<div class=\"elementor-element elementor-element-3a4a6f4 elementor-widget elementor-widget-spacer\" data-id=\"3a4a6f4\" data-element_type=\"widget\" data-e-type=\"widget\" data-widget_type=\"spacer.default\">\n\t\t\t\t<div class=\"elementor-widget-container\">\n\t\t\t\t\t\t\t<div class=\"elementor-spacer\">\n\t\t\t<div class=\"elementor-spacer-inner\"><\/div>\n\t\t<\/div>\n\t\t\t\t\t\t<\/div>\n\t\t\t\t<\/div>\n\t\t\t\t\t<\/div>\n\t\t\t\t<\/div>\n\t\t<div class=\"elementor-element elementor-element-19ed66a e-flex e-con-boxed e-con e-parent\" data-id=\"19ed66a\" data-element_type=\"container\" data-e-type=\"container\">\n\t\t\t\t\t<div class=\"e-con-inner\">\n\t\t<div class=\"elementor-element elementor-element-b6c2592 e-con-full e-flex e-con e-child\" data-id=\"b6c2592\" data-element_type=\"container\" data-e-type=\"container\">\n\t\t\t\t<div class=\"elementor-element elementor-element-8193d80 elementor-widget elementor-widget-image\" data-id=\"8193d80\" data-element_type=\"widget\" data-e-type=\"widget\" data-widget_type=\"image.default\">\n\t\t\t\t<div class=\"elementor-widget-container\">\n\t\t\t\t\t\t\t\t\t\t\t\t\t\t\t<img decoding=\"async\" src=\"https:\/\/grillkalken.se\/wp-content\/plugins\/elementor\/assets\/images\/placeholder.png\" title=\"\" alt=\"\" loading=\"lazy\" \/>\t\t\t\t\t\t\t\t\t\t\t\t\t\t\t<\/div>\n\t\t\t\t<\/div>\n\t\t\t\t<\/div>\n\t\t<div class=\"elementor-element elementor-element-44eb3fd e-con-full e-flex e-con e-child\" data-id=\"44eb3fd\" data-element_type=\"container\" data-e-type=\"container\">\n\t\t\t\t<\/div>\n\t\t<div class=\"elementor-element elementor-element-91a090c e-con-full e-flex e-con e-child\" data-id=\"91a090c\" data-element_type=\"container\" data-e-type=\"container\">\n\t\t\t\t<div class=\"elementor-element elementor-element-fc12b16 elementor-widget elementor-widget-image\" data-id=\"fc12b16\" data-element_type=\"widget\" data-e-type=\"widget\" data-widget_type=\"image.default\">\n\t\t\t\t<div class=\"elementor-widget-container\">\n\t\t\t\t\t\t\t\t\t\t\t\t\t\t\t<img decoding=\"async\" src=\"https:\/\/grillkalken.se\/wp-content\/plugins\/elementor\/assets\/images\/placeholder.png\" title=\"\" alt=\"\" loading=\"lazy\" \/>\t\t\t\t\t\t\t\t\t\t\t\t\t\t\t<\/div>\n\t\t\t\t<\/div>\n\t\t\t\t<\/div>\n\t\t<div class=\"elementor-element elementor-element-5b496b1 e-con-full e-flex e-con e-child\" data-id=\"5b496b1\" data-element_type=\"container\" data-e-type=\"container\">\n\t\t\t\t<div class=\"elementor-element elementor-element-671e11b elementor-widget elementor-widget-image\" data-id=\"671e11b\" data-element_type=\"widget\" data-e-type=\"widget\" data-widget_type=\"image.default\">\n\t\t\t\t<div class=\"elementor-widget-container\">\n\t\t\t\t\t\t\t\t\t\t\t\t\t\t\t<img decoding=\"async\" src=\"https:\/\/grillkalken.se\/wp-content\/plugins\/elementor\/assets\/images\/placeholder.png\" title=\"\" alt=\"\" loading=\"lazy\" \/>\t\t\t\t\t\t\t\t\t\t\t\t\t\t\t<\/div>\n\t\t\t\t<\/div>\n\t\t\t\t<\/div>\n\t\t\t\t\t<\/div>\n\t\t\t\t<\/div>\n\t\t\t\t<\/div>\n\t\t","protected":false},"excerpt":{"rendered":"<p>K\u00e4lken \u00e4r en tidigare generation. Denna variant \u00e4r utrustad med en h\u00f6j och s\u00e4nkanordning som \u00e4r\u00a0 lite mer avancerad.\u00a0 F\u00f6r att reglera h\u00f6jden p\u00e5 grillgallret s\u00e5 skjuter man upp st\u00e5ngen med ett handtag nedanifr\u00e5n. P\u00e5 denna k\u00e4lke g\u00e5r det \u00e4ven att vrida bort gallret fr\u00e5n elden. K\u00e4lken har plastskidor och har inte k\u00f6rts mycket Det [&hellip;]<\/p>\n","protected":false},"author":2,"featured_media":0,"parent":0,"menu_order":0,"comment_status":"closed","ping_status":"closed","template":"","meta":{"footnotes":""},"class_list":["post-705","page","type-page","status-publish","hentry"],"yoast_head":"<!-- This site is optimized with the Yoast SEO plugin v26.3 - https:\/\/yoast.com\/wordpress\/plugins\/seo\/ -->\n<title>Begagnade K\u00e4lkar -<\/title>\n<meta name=\"robots\" content=\"index, follow, max-snippet:-1, max-image-preview:large, max-video-preview:-1\" \/>\n<link rel=\"canonical\" href=\"https:\/\/grillkalken.se\/index.php\/begagnade-kalkar\/\" \/>\n<meta property=\"og:locale\" content=\"sv_SE\" \/>\n<meta property=\"og:type\" content=\"article\" \/>\n<meta property=\"og:title\" content=\"Begagnade K\u00e4lkar -\" \/>\n<meta property=\"og:description\" content=\"K\u00e4lken \u00e4r en tidigare generation. Denna variant \u00e4r utrustad med en h\u00f6j och s\u00e4nkanordning som \u00e4r\u00a0 lite mer avancerad.\u00a0 F\u00f6r att reglera h\u00f6jden p\u00e5 grillgallret s\u00e5 skjuter man upp st\u00e5ngen med ett handtag nedanifr\u00e5n. P\u00e5 denna k\u00e4lke g\u00e5r det \u00e4ven att vrida bort gallret fr\u00e5n elden. K\u00e4lken har plastskidor och har inte k\u00f6rts mycket Det [&hellip;]\" \/>\n<meta property=\"og:url\" content=\"https:\/\/grillkalken.se\/index.php\/begagnade-kalkar\/\" \/>\n<meta property=\"article:modified_time\" content=\"2024-11-12T16:36:29+00:00\" \/>\n<meta property=\"og:image\" content=\"https:\/\/grillkalken.se\/wp-content\/uploads\/2024\/11\/20241030_195257-1024x768.jpg\" \/>\n<meta name=\"twitter:card\" content=\"summary_large_image\" \/>\n<meta name=\"twitter:label1\" content=\"Ber\u00e4knad l\u00e4stid\" \/>\n\t<meta name=\"twitter:data1\" content=\"2 minuter\" \/>\n<script type=\"application\/ld+json\" class=\"yoast-schema-graph\">{\"@context\":\"https:\/\/schema.org\",\"@graph\":[{\"@type\":\"WebPage\",\"@id\":\"https:\/\/grillkalken.se\/index.php\/begagnade-kalkar\/\",\"url\":\"https:\/\/grillkalken.se\/index.php\/begagnade-kalkar\/\",\"name\":\"Begagnade K\u00e4lkar -\",\"isPartOf\":{\"@id\":\"https:\/\/grillkalken.se\/#website\"},\"primaryImageOfPage\":{\"@id\":\"https:\/\/grillkalken.se\/index.php\/begagnade-kalkar\/#primaryimage\"},\"image\":{\"@id\":\"https:\/\/grillkalken.se\/index.php\/begagnade-kalkar\/#primaryimage\"},\"thumbnailUrl\":\"https:\/\/grillkalken.se\/wp-content\/uploads\/2024\/11\/20241030_195257-1024x768.jpg\",\"datePublished\":\"2024-11-07T15:03:46+00:00\",\"dateModified\":\"2024-11-12T16:36:29+00:00\",\"breadcrumb\":{\"@id\":\"https:\/\/grillkalken.se\/index.php\/begagnade-kalkar\/#breadcrumb\"},\"inLanguage\":\"sv-SE\",\"potentialAction\":[{\"@type\":\"ReadAction\",\"target\":[\"https:\/\/grillkalken.se\/index.php\/begagnade-kalkar\/\"]}]},{\"@type\":\"ImageObject\",\"inLanguage\":\"sv-SE\",\"@id\":\"https:\/\/grillkalken.se\/index.php\/begagnade-kalkar\/#primaryimage\",\"url\":\"https:\/\/grillkalken.se\/wp-content\/uploads\/2024\/11\/20241030_195257-scaled.jpg\",\"contentUrl\":\"https:\/\/grillkalken.se\/wp-content\/uploads\/2024\/11\/20241030_195257-scaled.jpg\",\"width\":2560,\"height\":1920},{\"@type\":\"BreadcrumbList\",\"@id\":\"https:\/\/grillkalken.se\/index.php\/begagnade-kalkar\/#breadcrumb\",\"itemListElement\":[{\"@type\":\"ListItem\",\"position\":1,\"name\":\"Hem\",\"item\":\"https:\/\/grillkalken.se\/\"},{\"@type\":\"ListItem\",\"position\":2,\"name\":\"Begagnade K\u00e4lkar\"}]},{\"@type\":\"WebSite\",\"@id\":\"https:\/\/grillkalken.se\/#website\",\"url\":\"https:\/\/grillkalken.se\/\",\"name\":\"\",\"description\":\"F\u00f6rgyll skoterturen\",\"potentialAction\":[{\"@type\":\"SearchAction\",\"target\":{\"@type\":\"EntryPoint\",\"urlTemplate\":\"https:\/\/grillkalken.se\/?s={search_term_string}\"},\"query-input\":{\"@type\":\"PropertyValueSpecification\",\"valueRequired\":true,\"valueName\":\"search_term_string\"}}],\"inLanguage\":\"sv-SE\"}]}<\/script>\n<!-- \/ Yoast SEO plugin. -->","yoast_head_json":{"title":"Begagnade K\u00e4lkar -","robots":{"index":"index","follow":"follow","max-snippet":"max-snippet:-1","max-image-preview":"max-image-preview:large","max-video-preview":"max-video-preview:-1"},"canonical":"https:\/\/grillkalken.se\/index.php\/begagnade-kalkar\/","og_locale":"sv_SE","og_type":"article","og_title":"Begagnade K\u00e4lkar -","og_description":"K\u00e4lken \u00e4r en tidigare generation. Denna variant \u00e4r utrustad med en h\u00f6j och s\u00e4nkanordning som \u00e4r\u00a0 lite mer avancerad.\u00a0 F\u00f6r att reglera h\u00f6jden p\u00e5 grillgallret s\u00e5 skjuter man upp st\u00e5ngen med ett handtag nedanifr\u00e5n. P\u00e5 denna k\u00e4lke g\u00e5r det \u00e4ven att vrida bort gallret fr\u00e5n elden. K\u00e4lken har plastskidor och har inte k\u00f6rts mycket Det [&hellip;]","og_url":"https:\/\/grillkalken.se\/index.php\/begagnade-kalkar\/","article_modified_time":"2024-11-12T16:36:29+00:00","og_image":[{"url":"https:\/\/grillkalken.se\/wp-content\/uploads\/2024\/11\/20241030_195257-1024x768.jpg","type":"","width":"","height":""}],"twitter_card":"summary_large_image","twitter_misc":{"Ber\u00e4knad l\u00e4stid":"2 minuter"},"schema":{"@context":"https:\/\/schema.org","@graph":[{"@type":"WebPage","@id":"https:\/\/grillkalken.se\/index.php\/begagnade-kalkar\/","url":"https:\/\/grillkalken.se\/index.php\/begagnade-kalkar\/","name":"Begagnade K\u00e4lkar -","isPartOf":{"@id":"https:\/\/grillkalken.se\/#website"},"primaryImageOfPage":{"@id":"https:\/\/grillkalken.se\/index.php\/begagnade-kalkar\/#primaryimage"},"image":{"@id":"https:\/\/grillkalken.se\/index.php\/begagnade-kalkar\/#primaryimage"},"thumbnailUrl":"https:\/\/grillkalken.se\/wp-content\/uploads\/2024\/11\/20241030_195257-1024x768.jpg","datePublished":"2024-11-07T15:03:46+00:00","dateModified":"2024-11-12T16:36:29+00:00","breadcrumb":{"@id":"https:\/\/grillkalken.se\/index.php\/begagnade-kalkar\/#breadcrumb"},"inLanguage":"sv-SE","potentialAction":[{"@type":"ReadAction","target":["https:\/\/grillkalken.se\/index.php\/begagnade-kalkar\/"]}]},{"@type":"ImageObject","inLanguage":"sv-SE","@id":"https:\/\/grillkalken.se\/index.php\/begagnade-kalkar\/#primaryimage","url":"https:\/\/grillkalken.se\/wp-content\/uploads\/2024\/11\/20241030_195257-scaled.jpg","contentUrl":"https:\/\/grillkalken.se\/wp-content\/uploads\/2024\/11\/20241030_195257-scaled.jpg","width":2560,"height":1920},{"@type":"BreadcrumbList","@id":"https:\/\/grillkalken.se\/index.php\/begagnade-kalkar\/#breadcrumb","itemListElement":[{"@type":"ListItem","position":1,"name":"Hem","item":"https:\/\/grillkalken.se\/"},{"@type":"ListItem","position":2,"name":"Begagnade K\u00e4lkar"}]},{"@type":"WebSite","@id":"https:\/\/grillkalken.se\/#website","url":"https:\/\/grillkalken.se\/","name":"","description":"F\u00f6rgyll skoterturen","potentialAction":[{"@type":"SearchAction","target":{"@type":"EntryPoint","urlTemplate":"https:\/\/grillkalken.se\/?s={search_term_string}"},"query-input":{"@type":"PropertyValueSpecification","valueRequired":true,"valueName":"search_term_string"}}],"inLanguage":"sv-SE"}]}},"_links":{"self":[{"href":"https:\/\/grillkalken.se\/index.php\/wp-json\/wp\/v2\/pages\/705","targetHints":{"allow":["GET"]}}],"collection":[{"href":"https:\/\/grillkalken.se\/index.php\/wp-json\/wp\/v2\/pages"}],"about":[{"href":"https:\/\/grillkalken.se\/index.php\/wp-json\/wp\/v2\/types\/page"}],"author":[{"embeddable":true,"href":"https:\/\/grillkalken.se\/index.php\/wp-json\/wp\/v2\/users\/2"}],"replies":[{"embeddable":true,"href":"https:\/\/grillkalken.se\/index.php\/wp-json\/wp\/v2\/comments?post=705"}],"version-history":[{"count":10,"href":"https:\/\/grillkalken.se\/index.php\/wp-json\/wp\/v2\/pages\/705\/revisions"}],"predecessor-version":[{"id":725,"href":"https:\/\/grillkalken.se\/index.php\/wp-json\/wp\/v2\/pages\/705\/revisions\/725"}],"wp:attachment":[{"href":"https:\/\/grillkalken.se\/index.php\/wp-json\/wp\/v2\/media?parent=705"}],"curies":[{"name":"wp","href":"https:\/\/api.w.org\/{rel}","templated":true}]}}