{"id":659,"date":"2024-11-06T13:54:43","date_gmt":"2024-11-06T13:54:43","guid":{"rendered":"https:\/\/grillkalken.se\/?page_id=659"},"modified":"2024-12-12T11:01:09","modified_gmt":"2024-12-12T11:01:09","slug":"lofsdalen-2","status":"publish","type":"page","link":"https:\/\/grillkalken.se\/index.php\/lofsdalen-2\/","title":{"rendered":"Lofsdalen"},"content":{"rendered":"\t\t<div data-elementor-type=\"wp-page\" data-elementor-id=\"659\" class=\"elementor elementor-659\">\n\t\t\t\t<div class=\"elementor-element elementor-element-8196cc5 e-flex e-con-boxed e-con e-parent\" data-id=\"8196cc5\" data-element_type=\"container\" data-e-type=\"container\" data-settings=\"{&quot;background_background&quot;:&quot;classic&quot;}\">\n\t\t\t\t\t<div class=\"e-con-inner\">\n\t\t<div class=\"elementor-element elementor-element-4045e60 e-con-full e-flex e-con e-child\" data-id=\"4045e60\" data-element_type=\"container\" data-e-type=\"container\">\n\t\t\t\t<div class=\"elementor-element elementor-element-77b8fb6b elementor-widget elementor-widget-heading\" data-id=\"77b8fb6b\" data-element_type=\"widget\" data-e-type=\"widget\" data-widget_type=\"heading.default\">\n\t\t\t\t<div class=\"elementor-widget-container\">\n\t\t\t\t\t<h2 class=\"elementor-heading-title elementor-size-default\">Hyr grillk\u00e4lken fr\u00e5n Northland on demand i lofsalen<\/h2>\t\t\t\t<\/div>\n\t\t\t\t<\/div>\n\t\t\t\t<\/div>\n\t\t<div class=\"elementor-element elementor-element-748d711f e-con-full e-flex e-con e-child\" data-id=\"748d711f\" data-element_type=\"container\" data-e-type=\"container\">\n\t\t\t\t<div class=\"elementor-element elementor-element-6767dd78 elementor-widget elementor-widget-heading\" data-id=\"6767dd78\" data-element_type=\"widget\" data-e-type=\"widget\" data-widget_type=\"heading.default\">\n\t\t\t\t<div class=\"elementor-widget-container\">\n\t\t\t\t\t<h2 class=\"elementor-heading-title elementor-size-medium\">Pris<\/h2>\t\t\t\t<\/div>\n\t\t\t\t<\/div>\n\t\t\t\t<div class=\"elementor-element elementor-element-b36fce1 elementor-widget elementor-widget-heading\" data-id=\"b36fce1\" data-element_type=\"widget\" data-e-type=\"widget\" data-widget_type=\"heading.default\">\n\t\t\t\t<div class=\"elementor-widget-container\">\n\t\t\t\t\t<h2 class=\"elementor-heading-title elementor-size-xl\">595 kr <\/h2>\t\t\t\t<\/div>\n\t\t\t\t<\/div>\n\t\t\t\t<div class=\"elementor-element elementor-element-5e340b25 elementor-widget elementor-widget-heading\" data-id=\"5e340b25\" data-element_type=\"widget\" data-e-type=\"widget\" data-widget_type=\"heading.default\">\n\t\t\t\t<div class=\"elementor-widget-container\">\n\t\t\t\t\t<h2 class=\"elementor-heading-title elementor-size-medium\">F\u00f6r en hel dag<\/h2>\t\t\t\t<\/div>\n\t\t\t\t<\/div>\n\t\t\t\t<\/div>\n\t\t<div class=\"elementor-element elementor-element-5709004b e-con-full e-flex e-con e-child\" data-id=\"5709004b\" data-element_type=\"container\" data-e-type=\"container\" data-settings=\"{&quot;background_background&quot;:&quot;gradient&quot;}\">\n\t\t\t\t<div class=\"elementor-element elementor-element-1b05f5d1 elementor-widget elementor-widget-heading\" data-id=\"1b05f5d1\" data-element_type=\"widget\" data-e-type=\"widget\" data-widget_type=\"heading.default\">\n\t\t\t\t<div class=\"elementor-widget-container\">\n\t\t\t\t\t<h2 class=\"elementor-heading-title elementor-size-default\">Detta ing\u00e5r:<\/h2>\t\t\t\t<\/div>\n\t\t\t\t<\/div>\n\t\t\t\t<div class=\"elementor-element elementor-element-62111b32 elementor-widget elementor-widget-text-editor\" data-id=\"62111b32\" data-element_type=\"widget\" data-e-type=\"widget\" data-widget_type=\"text-editor.default\">\n\t\t\t\t<div class=\"elementor-widget-container\">\n\t\t\t\t\t\t\t\t\t<ul><li>Tv\u00e5 st liggunderlag<\/li><li>Tv\u00e5 st Grillspett<\/li><li>Yxa<\/li><li>Spade<\/li><li>Grillborste<\/li><li>Askskyffel<\/li><li>Fuktt\u00e4t l\u00e5da f\u00f6r t\u00e4nddon med:<ul><li>T\u00e4ndsticksask<\/li><li>Fem st t\u00e4ndp\u00e5sar<\/li><\/ul><\/li><\/ul>\t\t\t\t\t\t\t\t<\/div>\n\t\t\t\t<\/div>\n\t\t\t\t<\/div>\n\t\t<div class=\"elementor-element elementor-element-b4563f0 e-con-full e-flex e-con e-child\" data-id=\"b4563f0\" data-element_type=\"container\" data-e-type=\"container\" data-settings=\"{&quot;background_background&quot;:&quot;gradient&quot;}\">\n\t\t\t\t<div class=\"elementor-element elementor-element-f12afe9 elementor-widget elementor-widget-heading\" data-id=\"f12afe9\" data-element_type=\"widget\" data-e-type=\"widget\" data-widget_type=\"heading.default\">\n\t\t\t\t<div class=\"elementor-widget-container\">\n\t\t\t\t\t<h2 class=\"elementor-heading-title elementor-size-default\">S\u00e5 g\u00e5r det till<\/h2>\t\t\t\t<\/div>\n\t\t\t\t<\/div>\n\t\t\t\t<div class=\"elementor-element elementor-element-54db7ade elementor-widget elementor-widget-text-editor\" data-id=\"54db7ade\" data-element_type=\"widget\" data-e-type=\"widget\" data-widget_type=\"text-editor.default\">\n\t\t\t\t<div class=\"elementor-widget-container\">\n\t\t\t\t\t\t\t\t\t<ol><li>Grillk\u00e4lken \u00e4r utrustad med allt du beh\u00f6ver f\u00f6r en lyckad grillning. Det ni beh\u00f6ver ta med \u00e4r ved och det ni vill grilla.\u00a0<\/li><li>Ring eller e-maila direkt till Northland On Demand f\u00f6r att se tillg\u00e4nglighet och boka. tillg\u00e4nglighet o chb oka.<\/li><li>\u00d6nskar ni kan vi hj\u00e4lpa er att hitta er n\u00e4rmaste uthyrare och boka en grillk\u00e4lke.<\/li><li>Upph\u00e4mtning av grillk\u00e4lken sker enligt \u00f6verenskommelse med Norhland On Demand p\u00e5 adressen som anges till h\u00f6ger.\u00a0<\/li><li>\u00c5terl\u00e4mning sker enligt \u00f6verenskommelse med Norhland On Demand. and.<\/li><li>Sedan \u00e4r det bara att \u00e5ka p\u00e5 tur till den perfekta grillplatsen p\u00e5 fj\u00e4llet, p\u00e5 isen eller runt husknuten!<\/li><\/ol>\t\t\t\t\t\t\t\t<\/div>\n\t\t\t\t<\/div>\n\t\t\t\t<\/div>\n\t\t<div class=\"elementor-element elementor-element-5d0a2a4a e-con-full e-flex e-con e-child\" data-id=\"5d0a2a4a\" data-element_type=\"container\" data-e-type=\"container\" data-settings=\"{&quot;background_background&quot;:&quot;gradient&quot;}\">\n\t\t\t\t<div class=\"elementor-element elementor-element-30ca67ce elementor-widget elementor-widget-heading\" data-id=\"30ca67ce\" data-element_type=\"widget\" data-e-type=\"widget\" data-widget_type=\"heading.default\">\n\t\t\t\t<div class=\"elementor-widget-container\">\n\t\t\t\t\t<h2 class=\"elementor-heading-title elementor-size-default\">Endast i Lofsdalen!<\/h2>\t\t\t\t<\/div>\n\t\t\t\t<\/div>\n\t\t\t\t<div class=\"elementor-element elementor-element-1482463f elementor-widget elementor-widget-text-editor\" data-id=\"1482463f\" data-element_type=\"widget\" data-e-type=\"widget\" data-widget_type=\"text-editor.default\">\n\t\t\t\t<div class=\"elementor-widget-container\">\n\t\t\t\t\t\t\t\t\t<p>Hos Northland On Demand finns det helhetsl\u00f6sningar med f\u00e4rdiga matpaket! Bekv\u00e4mt och klart f\u00f6r grillen vilket ger er utflykt en extra guldkant<\/p><p>Kontakta Northland On Demand f\u00f6r att f\u00e5 veta pris och med om erbjudandet.<\/p>\t\t\t\t\t\t\t\t<\/div>\n\t\t\t\t<\/div>\n\t\t\t\t<\/div>\n\t\t<div class=\"elementor-element elementor-element-62270083 e-con-full e-flex e-con e-child\" data-id=\"62270083\" data-element_type=\"container\" data-e-type=\"container\">\n\t\t\t\t<div class=\"elementor-element elementor-element-61f2e148 eael-infobox-content-align--center eael-infobox-icon-bg-shape-none eael-infobox-icon-hover-bg-shape-none elementor-widget elementor-widget-eael-info-box\" data-id=\"61f2e148\" data-element_type=\"widget\" data-e-type=\"widget\" data-widget_type=\"eael-info-box.default\">\n\t\t\t\t<div class=\"elementor-widget-container\">\n\t\t\t\t\t        <div class=\"eael-infobox icon-on-top\">\n\t            <div class=\"infobox-icon eael-icon-only\">\n\n            \n                            <div class=\"infobox-icon-wrap\">\n                    <i aria-hidden=\"true\" class=\"far fa-envelope\"><\/i>                <\/div>\n            \n            \n        <\/div>\n            <div class=\"infobox-content eael-icon-only\">\n                    <div class=\"infobox-title-section\">\n                <h2 class=\"title\">Email<\/h2>            <\/div>\n            <div><p>info@northlandondemand.com<\/p><\/div>        <\/div>\n            <\/div>\n\n\t\t\t\t\t\t<\/div>\n\t\t\t\t<\/div>\n\t\t\t\t<div class=\"elementor-element elementor-element-58b0440b eael-infobox-content-align--center eael-infobox-icon-bg-shape-none eael-infobox-icon-hover-bg-shape-none elementor-widget elementor-widget-eael-info-box\" data-id=\"58b0440b\" data-element_type=\"widget\" data-e-type=\"widget\" data-widget_type=\"eael-info-box.default\">\n\t\t\t\t<div class=\"elementor-widget-container\">\n\t\t\t\t\t        <div class=\"eael-infobox icon-on-top\">\n\t            <div class=\"infobox-icon eael-icon-only\">\n\n            \n                            <div class=\"infobox-icon-wrap\">\n                    <i aria-hidden=\"true\" class=\"fas fa-phone-alt\"><\/i>                <\/div>\n            \n            \n        <\/div>\n            <div class=\"infobox-content eael-icon-only\">\n                    <div class=\"infobox-title-section\">\n                <h2 class=\"title\">Ring<\/h2>            <\/div>\n            <div><p>0680 &#8211; 40 000<\/p><\/div>        <\/div>\n            <\/div>\n\n\t\t\t\t\t\t<\/div>\n\t\t\t\t<\/div>\n\t\t\t\t<div class=\"elementor-element elementor-element-62fe7fab eael-infobox-content-align--center eael-infobox-icon-bg-shape-none eael-infobox-icon-hover-bg-shape-none elementor-widget elementor-widget-eael-info-box\" data-id=\"62fe7fab\" data-element_type=\"widget\" data-e-type=\"widget\" data-widget_type=\"eael-info-box.default\">\n\t\t\t\t<div class=\"elementor-widget-container\">\n\t\t\t\t\t            <a href=\"https:\/\/www.google.com\/maps\/place\/Hansl%C3%A4ttsv%C3%A4gen+10,+840+85+Lofsdalen\/@62.116216,13.241241,16.37z\/data=!4m6!3m5!1s0x46693211f654934b:0x396c4f741b40df4d!8m2!3d62.116656!4d13.2398194!16s%2Fg%2F11c4x_4rvk?entry=ttu\">\n\t            <div class=\"eael-infobox icon-on-top\">\n\t            <div class=\"infobox-icon eael-icon-only\">\n\n            \n                            <div class=\"infobox-icon-wrap\">\n                    <i aria-hidden=\"true\" class=\"fas fa-map-marker-alt\"><\/i>                <\/div>\n            \n            \n        <\/div>\n            <div class=\"infobox-content eael-icon-only\">\n                    <div class=\"infobox-title-section\">\n                <h2 class=\"title\">Adress<\/h2>            <\/div>\n            <div><p>Hansl\u00e4ttsv\u00e4gen 10<\/p><p>842 96 Lofsdalen\u00a0<\/p><\/div>        <\/div>\n            <\/div>\n\n\t\t            <\/a>\n\t\t\t\t\t\t<\/div>\n\t\t\t\t<\/div>\n\t\t\t\t<div class=\"elementor-element elementor-element-3f2e80a eael-infobox-content-align--center eael-infobox-icon-bg-shape-none eael-infobox-icon-hover-bg-shape-none elementor-widget elementor-widget-eael-info-box\" data-id=\"3f2e80a\" data-element_type=\"widget\" data-e-type=\"widget\" data-widget_type=\"eael-info-box.default\">\n\t\t\t\t<div class=\"elementor-widget-container\">\n\t\t\t\t\t            <a href=\"https:\/\/www.northlandondemand.com\/\">\n\t            <div class=\"eael-infobox icon-on-top\">\n\t            <div class=\"infobox-icon eael-icon-only\">\n\n            \n                            <div class=\"infobox-icon-wrap\">\n                    <i aria-hidden=\"true\" class=\"fas fa-globe\"><\/i>                <\/div>\n            \n            \n        <\/div>\n            <div class=\"infobox-content eael-icon-only\">\n                    <div class=\"infobox-title-section\">\n                <h2 class=\"title\">Hemsida<\/h2>            <\/div>\n            <div><p>northlandondemand.com<\/p><\/div>        <\/div>\n            <\/div>\n\n\t\t            <\/a>\n\t\t\t\t\t\t<\/div>\n\t\t\t\t<\/div>\n\t\t\t\t<\/div>\n\t\t\t\t\t<\/div>\n\t\t\t\t<\/div>\n\t\t\t\t<\/div>\n\t\t","protected":false},"excerpt":{"rendered":"<p>Hyr grillk\u00e4lken fr\u00e5n Northland on demand i lofsalen Pris 595 kr F\u00f6r en hel dag Detta ing\u00e5r: Tv\u00e5 st liggunderlag Tv\u00e5 st Grillspett Yxa Spade Grillborste Askskyffel Fuktt\u00e4t l\u00e5da f\u00f6r t\u00e4nddon med: T\u00e4ndsticksask Fem st t\u00e4ndp\u00e5sar S\u00e5 g\u00e5r det till Grillk\u00e4lken \u00e4r utrustad med allt du beh\u00f6ver f\u00f6r en lyckad grillning. Det ni beh\u00f6ver ta [&hellip;]<\/p>\n","protected":false},"author":2,"featured_media":0,"parent":0,"menu_order":0,"comment_status":"closed","ping_status":"closed","template":"","meta":{"footnotes":""},"class_list":["post-659","page","type-page","status-publish","hentry"],"yoast_head":"<!-- This site is optimized with the Yoast SEO plugin v26.3 - https:\/\/yoast.com\/wordpress\/plugins\/seo\/ -->\n<title>Lofsdalen -<\/title>\n<meta name=\"robots\" content=\"index, follow, max-snippet:-1, max-image-preview:large, max-video-preview:-1\" \/>\n<link rel=\"canonical\" href=\"https:\/\/grillkalken.se\/index.php\/lofsdalen-2\/\" \/>\n<meta property=\"og:locale\" content=\"sv_SE\" \/>\n<meta property=\"og:type\" content=\"article\" \/>\n<meta property=\"og:title\" content=\"Lofsdalen -\" \/>\n<meta property=\"og:description\" content=\"Hyr grillk\u00e4lken fr\u00e5n Northland on demand i lofsalen Pris 595 kr F\u00f6r en hel dag Detta ing\u00e5r: Tv\u00e5 st liggunderlag Tv\u00e5 st Grillspett Yxa Spade Grillborste Askskyffel Fuktt\u00e4t l\u00e5da f\u00f6r t\u00e4nddon med: T\u00e4ndsticksask Fem st t\u00e4ndp\u00e5sar S\u00e5 g\u00e5r det till Grillk\u00e4lken \u00e4r utrustad med allt du beh\u00f6ver f\u00f6r en lyckad grillning. Det ni beh\u00f6ver ta [&hellip;]\" \/>\n<meta property=\"og:url\" content=\"https:\/\/grillkalken.se\/index.php\/lofsdalen-2\/\" \/>\n<meta property=\"article:modified_time\" content=\"2024-12-12T11:01:09+00:00\" \/>\n<meta name=\"twitter:card\" content=\"summary_large_image\" \/>\n<meta name=\"twitter:label1\" content=\"Ber\u00e4knad l\u00e4stid\" \/>\n\t<meta name=\"twitter:data1\" content=\"1 minut\" \/>\n<script type=\"application\/ld+json\" class=\"yoast-schema-graph\">{\"@context\":\"https:\/\/schema.org\",\"@graph\":[{\"@type\":\"WebPage\",\"@id\":\"https:\/\/grillkalken.se\/index.php\/lofsdalen-2\/\",\"url\":\"https:\/\/grillkalken.se\/index.php\/lofsdalen-2\/\",\"name\":\"Lofsdalen -\",\"isPartOf\":{\"@id\":\"https:\/\/grillkalken.se\/#website\"},\"datePublished\":\"2024-11-06T13:54:43+00:00\",\"dateModified\":\"2024-12-12T11:01:09+00:00\",\"breadcrumb\":{\"@id\":\"https:\/\/grillkalken.se\/index.php\/lofsdalen-2\/#breadcrumb\"},\"inLanguage\":\"sv-SE\",\"potentialAction\":[{\"@type\":\"ReadAction\",\"target\":[\"https:\/\/grillkalken.se\/index.php\/lofsdalen-2\/\"]}]},{\"@type\":\"BreadcrumbList\",\"@id\":\"https:\/\/grillkalken.se\/index.php\/lofsdalen-2\/#breadcrumb\",\"itemListElement\":[{\"@type\":\"ListItem\",\"position\":1,\"name\":\"Hem\",\"item\":\"https:\/\/grillkalken.se\/\"},{\"@type\":\"ListItem\",\"position\":2,\"name\":\"Lofsdalen\"}]},{\"@type\":\"WebSite\",\"@id\":\"https:\/\/grillkalken.se\/#website\",\"url\":\"https:\/\/grillkalken.se\/\",\"name\":\"\",\"description\":\"F\u00f6rgyll skoterturen\",\"potentialAction\":[{\"@type\":\"SearchAction\",\"target\":{\"@type\":\"EntryPoint\",\"urlTemplate\":\"https:\/\/grillkalken.se\/?s={search_term_string}\"},\"query-input\":{\"@type\":\"PropertyValueSpecification\",\"valueRequired\":true,\"valueName\":\"search_term_string\"}}],\"inLanguage\":\"sv-SE\"}]}<\/script>\n<!-- \/ Yoast SEO plugin. -->","yoast_head_json":{"title":"Lofsdalen -","robots":{"index":"index","follow":"follow","max-snippet":"max-snippet:-1","max-image-preview":"max-image-preview:large","max-video-preview":"max-video-preview:-1"},"canonical":"https:\/\/grillkalken.se\/index.php\/lofsdalen-2\/","og_locale":"sv_SE","og_type":"article","og_title":"Lofsdalen -","og_description":"Hyr grillk\u00e4lken fr\u00e5n Northland on demand i lofsalen Pris 595 kr F\u00f6r en hel dag Detta ing\u00e5r: Tv\u00e5 st liggunderlag Tv\u00e5 st Grillspett Yxa Spade Grillborste Askskyffel Fuktt\u00e4t l\u00e5da f\u00f6r t\u00e4nddon med: T\u00e4ndsticksask Fem st t\u00e4ndp\u00e5sar S\u00e5 g\u00e5r det till Grillk\u00e4lken \u00e4r utrustad med allt du beh\u00f6ver f\u00f6r en lyckad grillning. Det ni beh\u00f6ver ta [&hellip;]","og_url":"https:\/\/grillkalken.se\/index.php\/lofsdalen-2\/","article_modified_time":"2024-12-12T11:01:09+00:00","twitter_card":"summary_large_image","twitter_misc":{"Ber\u00e4knad l\u00e4stid":"1 minut"},"schema":{"@context":"https:\/\/schema.org","@graph":[{"@type":"WebPage","@id":"https:\/\/grillkalken.se\/index.php\/lofsdalen-2\/","url":"https:\/\/grillkalken.se\/index.php\/lofsdalen-2\/","name":"Lofsdalen -","isPartOf":{"@id":"https:\/\/grillkalken.se\/#website"},"datePublished":"2024-11-06T13:54:43+00:00","dateModified":"2024-12-12T11:01:09+00:00","breadcrumb":{"@id":"https:\/\/grillkalken.se\/index.php\/lofsdalen-2\/#breadcrumb"},"inLanguage":"sv-SE","potentialAction":[{"@type":"ReadAction","target":["https:\/\/grillkalken.se\/index.php\/lofsdalen-2\/"]}]},{"@type":"BreadcrumbList","@id":"https:\/\/grillkalken.se\/index.php\/lofsdalen-2\/#breadcrumb","itemListElement":[{"@type":"ListItem","position":1,"name":"Hem","item":"https:\/\/grillkalken.se\/"},{"@type":"ListItem","position":2,"name":"Lofsdalen"}]},{"@type":"WebSite","@id":"https:\/\/grillkalken.se\/#website","url":"https:\/\/grillkalken.se\/","name":"","description":"F\u00f6rgyll skoterturen","potentialAction":[{"@type":"SearchAction","target":{"@type":"EntryPoint","urlTemplate":"https:\/\/grillkalken.se\/?s={search_term_string}"},"query-input":{"@type":"PropertyValueSpecification","valueRequired":true,"valueName":"search_term_string"}}],"inLanguage":"sv-SE"}]}},"_links":{"self":[{"href":"https:\/\/grillkalken.se\/index.php\/wp-json\/wp\/v2\/pages\/659","targetHints":{"allow":["GET"]}}],"collection":[{"href":"https:\/\/grillkalken.se\/index.php\/wp-json\/wp\/v2\/pages"}],"about":[{"href":"https:\/\/grillkalken.se\/index.php\/wp-json\/wp\/v2\/types\/page"}],"author":[{"embeddable":true,"href":"https:\/\/grillkalken.se\/index.php\/wp-json\/wp\/v2\/users\/2"}],"replies":[{"embeddable":true,"href":"https:\/\/grillkalken.se\/index.php\/wp-json\/wp\/v2\/comments?post=659"}],"version-history":[{"count":9,"href":"https:\/\/grillkalken.se\/index.php\/wp-json\/wp\/v2\/pages\/659\/revisions"}],"predecessor-version":[{"id":846,"href":"https:\/\/grillkalken.se\/index.php\/wp-json\/wp\/v2\/pages\/659\/revisions\/846"}],"wp:attachment":[{"href":"https:\/\/grillkalken.se\/index.php\/wp-json\/wp\/v2\/media?parent=659"}],"curies":[{"name":"wp","href":"https:\/\/api.w.org\/{rel}","templated":true}]}}