{"id":645,"date":"2024-11-05T13:54:44","date_gmt":"2024-11-05T13:54:44","guid":{"rendered":"https:\/\/grillkalken.se\/?page_id=645"},"modified":"2024-11-05T13:54:56","modified_gmt":"2024-11-05T13:54:56","slug":"ljungdalen","status":"publish","type":"page","link":"https:\/\/grillkalken.se\/index.php\/ljungdalen\/","title":{"rendered":"Ljungdalen"},"content":{"rendered":"\t\t<div data-elementor-type=\"wp-page\" data-elementor-id=\"645\" class=\"elementor elementor-645\">\n\t\t\t\t<div class=\"elementor-element elementor-element-48fae85f e-flex e-con-boxed e-con e-parent\" data-id=\"48fae85f\" data-element_type=\"container\" data-e-type=\"container\" data-settings=\"{&quot;background_background&quot;:&quot;classic&quot;}\">\n\t\t\t\t\t<div class=\"e-con-inner\">\n\t\t<div class=\"elementor-element elementor-element-68f0b6e7 e-con-full e-flex e-con e-child\" data-id=\"68f0b6e7\" data-element_type=\"container\" data-e-type=\"container\">\n\t\t\t\t<div class=\"elementor-element elementor-element-57bd1c7 elementor-widget elementor-widget-heading\" data-id=\"57bd1c7\" data-element_type=\"widget\" data-e-type=\"widget\" data-widget_type=\"heading.default\">\n\t\t\t\t<div class=\"elementor-widget-container\">\n\t\t\t\t\t<h2 class=\"elementor-heading-title elementor-size-default\">Hyr grillk\u00e4lken p\u00e5 Macken i Ljungdalen <\/h2>\t\t\t\t<\/div>\n\t\t\t\t<\/div>\n\t\t\t\t<\/div>\n\t\t<div class=\"elementor-element elementor-element-34ef932e e-con-full e-flex e-con e-child\" data-id=\"34ef932e\" data-element_type=\"container\" data-e-type=\"container\">\n\t\t\t\t<div class=\"elementor-element elementor-element-60787632 elementor-widget elementor-widget-heading\" data-id=\"60787632\" data-element_type=\"widget\" data-e-type=\"widget\" data-widget_type=\"heading.default\">\n\t\t\t\t<div class=\"elementor-widget-container\">\n\t\t\t\t\t<h2 class=\"elementor-heading-title elementor-size-medium\">Pris<\/h2>\t\t\t\t<\/div>\n\t\t\t\t<\/div>\n\t\t\t\t<div class=\"elementor-element elementor-element-21662aac elementor-widget elementor-widget-heading\" data-id=\"21662aac\" data-element_type=\"widget\" data-e-type=\"widget\" data-widget_type=\"heading.default\">\n\t\t\t\t<div class=\"elementor-widget-container\">\n\t\t\t\t\t<h2 class=\"elementor-heading-title elementor-size-xl\">595 kr <\/h2>\t\t\t\t<\/div>\n\t\t\t\t<\/div>\n\t\t\t\t<div class=\"elementor-element elementor-element-61d20446 elementor-widget elementor-widget-heading\" data-id=\"61d20446\" data-element_type=\"widget\" data-e-type=\"widget\" data-widget_type=\"heading.default\">\n\t\t\t\t<div class=\"elementor-widget-container\">\n\t\t\t\t\t<h2 class=\"elementor-heading-title elementor-size-medium\">F\u00f6r en hel dag<\/h2>\t\t\t\t<\/div>\n\t\t\t\t<\/div>\n\t\t\t\t<\/div>\n\t\t<div class=\"elementor-element elementor-element-66e35df6 e-con-full e-flex e-con e-child\" data-id=\"66e35df6\" data-element_type=\"container\" data-e-type=\"container\" data-settings=\"{&quot;background_background&quot;:&quot;gradient&quot;}\">\n\t\t\t\t<div class=\"elementor-element elementor-element-1e73bbea elementor-widget elementor-widget-heading\" data-id=\"1e73bbea\" data-element_type=\"widget\" data-e-type=\"widget\" data-widget_type=\"heading.default\">\n\t\t\t\t<div class=\"elementor-widget-container\">\n\t\t\t\t\t<h2 class=\"elementor-heading-title elementor-size-default\">Detta ing\u00e5r:<\/h2>\t\t\t\t<\/div>\n\t\t\t\t<\/div>\n\t\t\t\t<div class=\"elementor-element elementor-element-6b87e729 elementor-widget elementor-widget-text-editor\" data-id=\"6b87e729\" data-element_type=\"widget\" data-e-type=\"widget\" data-widget_type=\"text-editor.default\">\n\t\t\t\t<div class=\"elementor-widget-container\">\n\t\t\t\t\t\t\t\t\t<ul><li>Tv\u00e5 st liggunderlag<\/li><li>Tv\u00e5 st Grillspett<\/li><li>Yxa<\/li><li>Spade<\/li><li>Grillborste<\/li><li>Askskyffel<\/li><li>Fuktt\u00e4t l\u00e5da f\u00f6r t\u00e4nddon med:<ul><li>T\u00e4ndsticksask<\/li><li>Fem st t\u00e4ndp\u00e5sar<\/li><\/ul><\/li><\/ul>\t\t\t\t\t\t\t\t<\/div>\n\t\t\t\t<\/div>\n\t\t\t\t<\/div>\n\t\t<div class=\"elementor-element elementor-element-469ffe37 e-con-full e-flex e-con e-child\" data-id=\"469ffe37\" data-element_type=\"container\" data-e-type=\"container\" data-settings=\"{&quot;background_background&quot;:&quot;gradient&quot;}\">\n\t\t\t\t<div class=\"elementor-element elementor-element-6450f458 elementor-widget elementor-widget-heading\" data-id=\"6450f458\" data-element_type=\"widget\" data-e-type=\"widget\" data-widget_type=\"heading.default\">\n\t\t\t\t<div class=\"elementor-widget-container\">\n\t\t\t\t\t<h2 class=\"elementor-heading-title elementor-size-default\">S\u00e5 g\u00e5r det till<\/h2>\t\t\t\t<\/div>\n\t\t\t\t<\/div>\n\t\t\t\t<div class=\"elementor-element elementor-element-428d10ca elementor-widget elementor-widget-text-editor\" data-id=\"428d10ca\" data-element_type=\"widget\" data-e-type=\"widget\" data-widget_type=\"text-editor.default\">\n\t\t\t\t<div class=\"elementor-widget-container\">\n\t\t\t\t\t\t\t\t\t<ol><li>Grillk\u00e4lken \u00e4r utrustad med allt du beh\u00f6ver f\u00f6r en lyckad grillning. Det ni beh\u00f6ver ta med \u00e4r ved och det ni vill grilla.\u00a0<\/li><li>Ring eller e-maila direkt till [Namn f\u00f6r uthyrare] f\u00f6r att se tillg\u00e4nglighet och boka. tillg\u00e4nglighet o chb oka.<\/li><li>\u00d6nskar ni kan vi hj\u00e4lpa er att hitta er n\u00e4rmaste uthyrare och boka en grillk\u00e4lke.<\/li><li>Upph\u00e4mtning av grillk\u00e4lken sker enligt \u00f6verenskommelse med [Namn uthyrare] p\u00e5 adressen som anges till h\u00f6ger.\u00a0<\/li><li>\u00c5terl\u00e4mning sker enligt \u00f6verenskommelse med Norhland On Demand. and.<\/li><li>Sedan \u00e4r det bara att \u00e5ka p\u00e5 tur till den perfekta grillplatsen p\u00e5 fj\u00e4llet, p\u00e5 isen eller runt husknuten!<\/li><\/ol>\t\t\t\t\t\t\t\t<\/div>\n\t\t\t\t<\/div>\n\t\t\t\t<\/div>\n\t\t<div class=\"elementor-element elementor-element-18cb065b e-con-full e-flex e-con e-child\" data-id=\"18cb065b\" data-element_type=\"container\" data-e-type=\"container\" data-settings=\"{&quot;background_background&quot;:&quot;classic&quot;}\">\n\t\t\t\t<\/div>\n\t\t<div class=\"elementor-element elementor-element-14acc406 e-con-full e-flex e-con e-child\" data-id=\"14acc406\" data-element_type=\"container\" data-e-type=\"container\">\n\t\t\t\t<div class=\"elementor-element elementor-element-31bf6ca9 eael-infobox-content-align--center eael-infobox-icon-bg-shape-none eael-infobox-icon-hover-bg-shape-none elementor-widget elementor-widget-eael-info-box\" data-id=\"31bf6ca9\" data-element_type=\"widget\" data-e-type=\"widget\" data-widget_type=\"eael-info-box.default\">\n\t\t\t\t<div class=\"elementor-widget-container\">\n\t\t\t\t\t        <div class=\"eael-infobox icon-on-top\">\n\t            <div class=\"infobox-icon eael-icon-only\">\n\n            \n                            <div class=\"infobox-icon-wrap\">\n                    <i aria-hidden=\"true\" class=\"far fa-envelope\"><\/i>                <\/div>\n            \n            \n        <\/div>\n            <div class=\"infobox-content eael-icon-only\">\n                    <div class=\"infobox-title-section\">\n                <h2 class=\"title\">Email<\/h2>            <\/div>\n            <div><p>ljungdalen@telia.com<\/p><\/div>        <\/div>\n            <\/div>\n\n\t\t\t\t\t\t<\/div>\n\t\t\t\t<\/div>\n\t\t\t\t<div class=\"elementor-element elementor-element-6b2e8ac5 eael-infobox-content-align--center eael-infobox-icon-bg-shape-none eael-infobox-icon-hover-bg-shape-none elementor-widget elementor-widget-eael-info-box\" data-id=\"6b2e8ac5\" data-element_type=\"widget\" data-e-type=\"widget\" data-widget_type=\"eael-info-box.default\">\n\t\t\t\t<div class=\"elementor-widget-container\">\n\t\t\t\t\t        <div class=\"eael-infobox icon-on-top\">\n\t            <div class=\"infobox-icon eael-icon-only\">\n\n            \n                            <div class=\"infobox-icon-wrap\">\n                    <i aria-hidden=\"true\" class=\"fas fa-phone-alt\"><\/i>                <\/div>\n            \n            \n        <\/div>\n            <div class=\"infobox-content eael-icon-only\">\n                    <div class=\"infobox-title-section\">\n                <h2 class=\"title\">Ring<\/h2>            <\/div>\n            <div><p>070 302 24 28\u00a0<\/p><\/div>        <\/div>\n            <\/div>\n\n\t\t\t\t\t\t<\/div>\n\t\t\t\t<\/div>\n\t\t\t\t<div class=\"elementor-element elementor-element-4f62792 eael-infobox-content-align--center eael-infobox-icon-bg-shape-none eael-infobox-icon-hover-bg-shape-none elementor-widget elementor-widget-eael-info-box\" data-id=\"4f62792\" data-element_type=\"widget\" data-e-type=\"widget\" data-widget_type=\"eael-info-box.default\">\n\t\t\t\t<div class=\"elementor-widget-container\">\n\t\t\t\t\t            <a href=\"https:\/\/www.google.com\/maps\/place\/Ljungdalen+127,+845+99+Ljungdalen\/@62.8511751,12.8006301,17z\/data=!3m1!4b1!4m6!3m5!1s0x466e8370a5f23efd:0x3cb84b406fd766f0!8m2!3d62.8511751!4d12.8006301!16s%2Fg%2F11c4wn4x24?entry=ttu&#038;g_ep=EgoyMDI0MTAyOS4wIKXMDSoASAFQAw%3D%3D\">\n\t            <div class=\"eael-infobox icon-on-top\">\n\t            <div class=\"infobox-icon eael-icon-only\">\n\n            \n                            <div class=\"infobox-icon-wrap\">\n                    <i aria-hidden=\"true\" class=\"fas fa-map-marker-alt\"><\/i>                <\/div>\n            \n            \n        <\/div>\n            <div class=\"infobox-content eael-icon-only\">\n                    <div class=\"infobox-title-section\">\n                <h2 class=\"title\">Adress<\/h2>            <\/div>\n            <div><p>Ljungdalen 127\u00a0<\/p><p>845 99 Ljungdalen<\/p><\/div>        <\/div>\n            <\/div>\n\n\t\t            <\/a>\n\t\t\t\t\t\t<\/div>\n\t\t\t\t<\/div>\n\t\t\t\t<div class=\"elementor-element elementor-element-6e30f13f eael-infobox-content-align--center eael-infobox-icon-bg-shape-none eael-infobox-icon-hover-bg-shape-none elementor-widget elementor-widget-eael-info-box\" data-id=\"6e30f13f\" data-element_type=\"widget\" data-e-type=\"widget\" data-widget_type=\"eael-info-box.default\">\n\t\t\t\t<div class=\"elementor-widget-container\">\n\t\t\t\t\t            <a href=\"https:\/\/www.facebook.com\/ljungdalen\">\n\t            <div class=\"eael-infobox icon-on-top\">\n\t            <div class=\"infobox-icon eael-icon-only\">\n\n            \n                            <div class=\"infobox-icon-wrap\">\n                    <i aria-hidden=\"true\" class=\"fas fa-globe\"><\/i>                <\/div>\n            \n            \n        <\/div>\n            <div class=\"infobox-content eael-icon-only\">\n                    <div class=\"infobox-title-section\">\n                <h2 class=\"title\">Hemsida<\/h2>            <\/div>\n            <div><p>facebook.com\/ljungdalen<\/p><\/div>        <\/div>\n            <\/div>\n\n\t\t            <\/a>\n\t\t\t\t\t\t<\/div>\n\t\t\t\t<\/div>\n\t\t\t\t<\/div>\n\t\t\t\t\t<\/div>\n\t\t\t\t<\/div>\n\t\t\t\t<\/div>\n\t\t","protected":false},"excerpt":{"rendered":"<p>Hyr grillk\u00e4lken p\u00e5 Macken i Ljungdalen Pris 595 kr F\u00f6r en hel dag Detta ing\u00e5r: Tv\u00e5 st liggunderlag Tv\u00e5 st Grillspett Yxa Spade Grillborste Askskyffel Fuktt\u00e4t l\u00e5da f\u00f6r t\u00e4nddon med: T\u00e4ndsticksask Fem st t\u00e4ndp\u00e5sar S\u00e5 g\u00e5r det till Grillk\u00e4lken \u00e4r utrustad med allt du beh\u00f6ver f\u00f6r en lyckad grillning. Det ni beh\u00f6ver ta med \u00e4r [&hellip;]<\/p>\n","protected":false},"author":2,"featured_media":0,"parent":0,"menu_order":0,"comment_status":"closed","ping_status":"closed","template":"","meta":{"footnotes":""},"class_list":["post-645","page","type-page","status-publish","hentry"],"yoast_head":"<!-- This site is optimized with the Yoast SEO plugin v26.3 - https:\/\/yoast.com\/wordpress\/plugins\/seo\/ -->\n<title>Ljungdalen -<\/title>\n<meta name=\"robots\" content=\"index, follow, max-snippet:-1, max-image-preview:large, max-video-preview:-1\" \/>\n<link rel=\"canonical\" href=\"https:\/\/grillkalken.se\/index.php\/ljungdalen\/\" \/>\n<meta property=\"og:locale\" content=\"sv_SE\" \/>\n<meta property=\"og:type\" content=\"article\" \/>\n<meta property=\"og:title\" content=\"Ljungdalen -\" \/>\n<meta property=\"og:description\" content=\"Hyr grillk\u00e4lken p\u00e5 Macken i Ljungdalen Pris 595 kr F\u00f6r en hel dag Detta ing\u00e5r: Tv\u00e5 st liggunderlag Tv\u00e5 st Grillspett Yxa Spade Grillborste Askskyffel Fuktt\u00e4t l\u00e5da f\u00f6r t\u00e4nddon med: T\u00e4ndsticksask Fem st t\u00e4ndp\u00e5sar S\u00e5 g\u00e5r det till Grillk\u00e4lken \u00e4r utrustad med allt du beh\u00f6ver f\u00f6r en lyckad grillning. Det ni beh\u00f6ver ta med \u00e4r [&hellip;]\" \/>\n<meta property=\"og:url\" content=\"https:\/\/grillkalken.se\/index.php\/ljungdalen\/\" \/>\n<meta property=\"article:modified_time\" content=\"2024-11-05T13:54:56+00:00\" \/>\n<meta name=\"twitter:card\" content=\"summary_large_image\" \/>\n<meta name=\"twitter:label1\" content=\"Ber\u00e4knad l\u00e4stid\" \/>\n\t<meta name=\"twitter:data1\" content=\"1 minut\" \/>\n<script type=\"application\/ld+json\" class=\"yoast-schema-graph\">{\"@context\":\"https:\/\/schema.org\",\"@graph\":[{\"@type\":\"WebPage\",\"@id\":\"https:\/\/grillkalken.se\/index.php\/ljungdalen\/\",\"url\":\"https:\/\/grillkalken.se\/index.php\/ljungdalen\/\",\"name\":\"Ljungdalen -\",\"isPartOf\":{\"@id\":\"https:\/\/grillkalken.se\/#website\"},\"datePublished\":\"2024-11-05T13:54:44+00:00\",\"dateModified\":\"2024-11-05T13:54:56+00:00\",\"breadcrumb\":{\"@id\":\"https:\/\/grillkalken.se\/index.php\/ljungdalen\/#breadcrumb\"},\"inLanguage\":\"sv-SE\",\"potentialAction\":[{\"@type\":\"ReadAction\",\"target\":[\"https:\/\/grillkalken.se\/index.php\/ljungdalen\/\"]}]},{\"@type\":\"BreadcrumbList\",\"@id\":\"https:\/\/grillkalken.se\/index.php\/ljungdalen\/#breadcrumb\",\"itemListElement\":[{\"@type\":\"ListItem\",\"position\":1,\"name\":\"Hem\",\"item\":\"https:\/\/grillkalken.se\/\"},{\"@type\":\"ListItem\",\"position\":2,\"name\":\"Ljungdalen\"}]},{\"@type\":\"WebSite\",\"@id\":\"https:\/\/grillkalken.se\/#website\",\"url\":\"https:\/\/grillkalken.se\/\",\"name\":\"\",\"description\":\"F\u00f6rgyll skoterturen\",\"potentialAction\":[{\"@type\":\"SearchAction\",\"target\":{\"@type\":\"EntryPoint\",\"urlTemplate\":\"https:\/\/grillkalken.se\/?s={search_term_string}\"},\"query-input\":{\"@type\":\"PropertyValueSpecification\",\"valueRequired\":true,\"valueName\":\"search_term_string\"}}],\"inLanguage\":\"sv-SE\"}]}<\/script>\n<!-- \/ Yoast SEO plugin. -->","yoast_head_json":{"title":"Ljungdalen -","robots":{"index":"index","follow":"follow","max-snippet":"max-snippet:-1","max-image-preview":"max-image-preview:large","max-video-preview":"max-video-preview:-1"},"canonical":"https:\/\/grillkalken.se\/index.php\/ljungdalen\/","og_locale":"sv_SE","og_type":"article","og_title":"Ljungdalen -","og_description":"Hyr grillk\u00e4lken p\u00e5 Macken i Ljungdalen Pris 595 kr F\u00f6r en hel dag Detta ing\u00e5r: Tv\u00e5 st liggunderlag Tv\u00e5 st Grillspett Yxa Spade Grillborste Askskyffel Fuktt\u00e4t l\u00e5da f\u00f6r t\u00e4nddon med: T\u00e4ndsticksask Fem st t\u00e4ndp\u00e5sar S\u00e5 g\u00e5r det till Grillk\u00e4lken \u00e4r utrustad med allt du beh\u00f6ver f\u00f6r en lyckad grillning. Det ni beh\u00f6ver ta med \u00e4r [&hellip;]","og_url":"https:\/\/grillkalken.se\/index.php\/ljungdalen\/","article_modified_time":"2024-11-05T13:54:56+00:00","twitter_card":"summary_large_image","twitter_misc":{"Ber\u00e4knad l\u00e4stid":"1 minut"},"schema":{"@context":"https:\/\/schema.org","@graph":[{"@type":"WebPage","@id":"https:\/\/grillkalken.se\/index.php\/ljungdalen\/","url":"https:\/\/grillkalken.se\/index.php\/ljungdalen\/","name":"Ljungdalen -","isPartOf":{"@id":"https:\/\/grillkalken.se\/#website"},"datePublished":"2024-11-05T13:54:44+00:00","dateModified":"2024-11-05T13:54:56+00:00","breadcrumb":{"@id":"https:\/\/grillkalken.se\/index.php\/ljungdalen\/#breadcrumb"},"inLanguage":"sv-SE","potentialAction":[{"@type":"ReadAction","target":["https:\/\/grillkalken.se\/index.php\/ljungdalen\/"]}]},{"@type":"BreadcrumbList","@id":"https:\/\/grillkalken.se\/index.php\/ljungdalen\/#breadcrumb","itemListElement":[{"@type":"ListItem","position":1,"name":"Hem","item":"https:\/\/grillkalken.se\/"},{"@type":"ListItem","position":2,"name":"Ljungdalen"}]},{"@type":"WebSite","@id":"https:\/\/grillkalken.se\/#website","url":"https:\/\/grillkalken.se\/","name":"","description":"F\u00f6rgyll skoterturen","potentialAction":[{"@type":"SearchAction","target":{"@type":"EntryPoint","urlTemplate":"https:\/\/grillkalken.se\/?s={search_term_string}"},"query-input":{"@type":"PropertyValueSpecification","valueRequired":true,"valueName":"search_term_string"}}],"inLanguage":"sv-SE"}]}},"_links":{"self":[{"href":"https:\/\/grillkalken.se\/index.php\/wp-json\/wp\/v2\/pages\/645","targetHints":{"allow":["GET"]}}],"collection":[{"href":"https:\/\/grillkalken.se\/index.php\/wp-json\/wp\/v2\/pages"}],"about":[{"href":"https:\/\/grillkalken.se\/index.php\/wp-json\/wp\/v2\/types\/page"}],"author":[{"embeddable":true,"href":"https:\/\/grillkalken.se\/index.php\/wp-json\/wp\/v2\/users\/2"}],"replies":[{"embeddable":true,"href":"https:\/\/grillkalken.se\/index.php\/wp-json\/wp\/v2\/comments?post=645"}],"version-history":[{"count":5,"href":"https:\/\/grillkalken.se\/index.php\/wp-json\/wp\/v2\/pages\/645\/revisions"}],"predecessor-version":[{"id":651,"href":"https:\/\/grillkalken.se\/index.php\/wp-json\/wp\/v2\/pages\/645\/revisions\/651"}],"wp:attachment":[{"href":"https:\/\/grillkalken.se\/index.php\/wp-json\/wp\/v2\/media?parent=645"}],"curies":[{"name":"wp","href":"https:\/\/api.w.org\/{rel}","templated":true}]}}