{"id":596,"date":"2024-10-25T13:32:08","date_gmt":"2024-10-25T13:32:08","guid":{"rendered":"https:\/\/grillkalken.se\/?page_id=596"},"modified":"2024-10-25T13:37:15","modified_gmt":"2024-10-25T13:37:15","slug":"bergsjo","status":"publish","type":"page","link":"https:\/\/grillkalken.se\/index.php\/bergsjo\/","title":{"rendered":"Bergsj\u00f6"},"content":{"rendered":"\t\t<div data-elementor-type=\"wp-page\" data-elementor-id=\"596\" class=\"elementor elementor-596\">\n\t\t\t\t<div class=\"elementor-element elementor-element-576a1e6b e-flex e-con-boxed e-con e-parent\" data-id=\"576a1e6b\" data-element_type=\"container\" data-e-type=\"container\" data-settings=\"{&quot;background_background&quot;:&quot;classic&quot;}\">\n\t\t\t\t\t<div class=\"e-con-inner\">\n\t\t<div class=\"elementor-element elementor-element-11268558 e-con-full e-flex e-con e-child\" data-id=\"11268558\" data-element_type=\"container\" data-e-type=\"container\">\n\t\t\t\t<div class=\"elementor-element elementor-element-643e134 elementor-widget elementor-widget-heading\" data-id=\"643e134\" data-element_type=\"widget\" data-e-type=\"widget\" data-widget_type=\"heading.default\">\n\t\t\t\t<div class=\"elementor-widget-container\">\n\t\t\t\t\t<h2 class=\"elementor-heading-title elementor-size-default\">Hyr grillk\u00e4lken i Nordanstig <\/h2>\t\t\t\t<\/div>\n\t\t\t\t<\/div>\n\t\t\t\t<\/div>\n\t\t<div class=\"elementor-element elementor-element-64db95c9 e-con-full e-flex e-con e-child\" data-id=\"64db95c9\" data-element_type=\"container\" data-e-type=\"container\">\n\t\t\t\t<div class=\"elementor-element elementor-element-787608ef elementor-widget elementor-widget-heading\" data-id=\"787608ef\" data-element_type=\"widget\" data-e-type=\"widget\" data-widget_type=\"heading.default\">\n\t\t\t\t<div class=\"elementor-widget-container\">\n\t\t\t\t\t<h2 class=\"elementor-heading-title elementor-size-medium\">Pris<\/h2>\t\t\t\t<\/div>\n\t\t\t\t<\/div>\n\t\t\t\t<div class=\"elementor-element elementor-element-1f3cf7e5 elementor-widget elementor-widget-heading\" data-id=\"1f3cf7e5\" data-element_type=\"widget\" data-e-type=\"widget\" data-widget_type=\"heading.default\">\n\t\t\t\t<div class=\"elementor-widget-container\">\n\t\t\t\t\t<h2 class=\"elementor-heading-title elementor-size-xl\">595 kr <\/h2>\t\t\t\t<\/div>\n\t\t\t\t<\/div>\n\t\t\t\t<div class=\"elementor-element elementor-element-346c4f0c elementor-widget elementor-widget-heading\" data-id=\"346c4f0c\" data-element_type=\"widget\" data-e-type=\"widget\" data-widget_type=\"heading.default\">\n\t\t\t\t<div class=\"elementor-widget-container\">\n\t\t\t\t\t<h2 class=\"elementor-heading-title elementor-size-medium\">F\u00f6r en hel dag<\/h2>\t\t\t\t<\/div>\n\t\t\t\t<\/div>\n\t\t\t\t<\/div>\n\t\t<div class=\"elementor-element elementor-element-1fbfa571 e-con-full e-flex e-con e-child\" data-id=\"1fbfa571\" data-element_type=\"container\" data-e-type=\"container\" data-settings=\"{&quot;background_background&quot;:&quot;gradient&quot;}\">\n\t\t\t\t<div class=\"elementor-element elementor-element-50fb2814 elementor-widget elementor-widget-heading\" data-id=\"50fb2814\" data-element_type=\"widget\" data-e-type=\"widget\" data-widget_type=\"heading.default\">\n\t\t\t\t<div class=\"elementor-widget-container\">\n\t\t\t\t\t<h2 class=\"elementor-heading-title elementor-size-default\">Detta ing\u00e5r:<\/h2>\t\t\t\t<\/div>\n\t\t\t\t<\/div>\n\t\t\t\t<div class=\"elementor-element elementor-element-65f9ecdc elementor-widget elementor-widget-text-editor\" data-id=\"65f9ecdc\" data-element_type=\"widget\" data-e-type=\"widget\" data-widget_type=\"text-editor.default\">\n\t\t\t\t<div class=\"elementor-widget-container\">\n\t\t\t\t\t\t\t\t\t<ul><li>Tv\u00e5 st liggunderlag<\/li><li>Tv\u00e5 st Grillspett<\/li><li>Yxa<\/li><li>Spade<\/li><li>Grillborste<\/li><li>Askskyffel<\/li><li>Fuktt\u00e4t l\u00e5da f\u00f6r t\u00e4nddon med:<ul><li>T\u00e4ndsticksask<\/li><li>Fem st t\u00e4ndp\u00e5sar<\/li><\/ul><\/li><\/ul>\t\t\t\t\t\t\t\t<\/div>\n\t\t\t\t<\/div>\n\t\t\t\t<\/div>\n\t\t<div class=\"elementor-element elementor-element-45c682ae e-con-full e-flex e-con e-child\" data-id=\"45c682ae\" data-element_type=\"container\" data-e-type=\"container\" data-settings=\"{&quot;background_background&quot;:&quot;gradient&quot;}\">\n\t\t\t\t<div class=\"elementor-element elementor-element-50cc89a7 elementor-widget elementor-widget-heading\" data-id=\"50cc89a7\" data-element_type=\"widget\" data-e-type=\"widget\" data-widget_type=\"heading.default\">\n\t\t\t\t<div class=\"elementor-widget-container\">\n\t\t\t\t\t<h2 class=\"elementor-heading-title elementor-size-default\">S\u00e5 g\u00e5r det till<\/h2>\t\t\t\t<\/div>\n\t\t\t\t<\/div>\n\t\t\t\t<div class=\"elementor-element elementor-element-78eec6f elementor-widget elementor-widget-text-editor\" data-id=\"78eec6f\" data-element_type=\"widget\" data-e-type=\"widget\" data-widget_type=\"text-editor.default\">\n\t\t\t\t<div class=\"elementor-widget-container\">\n\t\t\t\t\t\t\t\t\t<ol><li>Grillk\u00e4lken \u00e4r utrustad med allt du beh\u00f6ver f\u00f6r en lyckad grillning. Det ni beh\u00f6ver ta med \u00e4r ved och det ni vill grilla.\u00a0<\/li><li>Ring eller e-maila direkt till [Namn f\u00f6r uthyrare] f\u00f6r att se tillg\u00e4nglighet och boka. tillg\u00e4nglighet o chb oka.<\/li><li>\u00d6nskar ni kan vi hj\u00e4lpa er att hitta er n\u00e4rmaste uthyrare och boka en grillk\u00e4lke.<\/li><li>Upph\u00e4mtning av grillk\u00e4lken sker enligt \u00f6verenskommelse med [Namn uthyrare] p\u00e5 adressen som anges till h\u00f6ger.\u00a0<\/li><li>\u00c5terl\u00e4mning sker enligt \u00f6verenskommelse med Norhland On Demand. and.<\/li><li>Sedan \u00e4r det bara att \u00e5ka p\u00e5 tur till den perfekta grillplatsen p\u00e5 fj\u00e4llet, p\u00e5 isen eller runt husknuten!<\/li><\/ol>\t\t\t\t\t\t\t\t<\/div>\n\t\t\t\t<\/div>\n\t\t\t\t<\/div>\n\t\t<div class=\"elementor-element elementor-element-4ef8b9d3 e-con-full e-flex e-con e-child\" data-id=\"4ef8b9d3\" data-element_type=\"container\" data-e-type=\"container\" data-settings=\"{&quot;background_background&quot;:&quot;classic&quot;}\">\n\t\t\t\t<\/div>\n\t\t<div class=\"elementor-element elementor-element-170583e9 e-con-full e-flex e-con e-child\" data-id=\"170583e9\" data-element_type=\"container\" data-e-type=\"container\">\n\t\t\t\t<div class=\"elementor-element elementor-element-5e042c73 eael-infobox-content-align--center eael-infobox-icon-bg-shape-none eael-infobox-icon-hover-bg-shape-none elementor-widget elementor-widget-eael-info-box\" data-id=\"5e042c73\" data-element_type=\"widget\" data-e-type=\"widget\" data-widget_type=\"eael-info-box.default\">\n\t\t\t\t<div class=\"elementor-widget-container\">\n\t\t\t\t\t        <div class=\"eael-infobox icon-on-top\">\n\t            <div class=\"infobox-icon eael-icon-only\">\n\n            \n                            <div class=\"infobox-icon-wrap\">\n                    <i aria-hidden=\"true\" class=\"far fa-envelope\"><\/i>                <\/div>\n            \n            \n        <\/div>\n            <div class=\"infobox-content eael-icon-only\">\n                    <div class=\"infobox-title-section\">\n                <h2 class=\"title\">Email<\/h2>            <\/div>\n            <div><p>info@grillk\u00e4lken.se\u00a0<\/p><\/div>        <\/div>\n            <\/div>\n\n\t\t\t\t\t\t<\/div>\n\t\t\t\t<\/div>\n\t\t\t\t<div class=\"elementor-element elementor-element-20c84964 eael-infobox-content-align--center eael-infobox-icon-bg-shape-none eael-infobox-icon-hover-bg-shape-none elementor-widget elementor-widget-eael-info-box\" data-id=\"20c84964\" data-element_type=\"widget\" data-e-type=\"widget\" data-widget_type=\"eael-info-box.default\">\n\t\t\t\t<div class=\"elementor-widget-container\">\n\t\t\t\t\t        <div class=\"eael-infobox icon-on-top\">\n\t            <div class=\"infobox-icon eael-icon-only\">\n\n            \n                            <div class=\"infobox-icon-wrap\">\n                    <i aria-hidden=\"true\" class=\"fas fa-phone-alt\"><\/i>                <\/div>\n            \n            \n        <\/div>\n            <div class=\"infobox-content eael-icon-only\">\n                    <div class=\"infobox-title-section\">\n                <h2 class=\"title\">Ring<\/h2>            <\/div>\n            <div><p>076 810 75 55<\/p><\/div>        <\/div>\n            <\/div>\n\n\t\t\t\t\t\t<\/div>\n\t\t\t\t<\/div>\n\t\t\t\t<div class=\"elementor-element elementor-element-23b7f362 eael-infobox-content-align--center eael-infobox-icon-bg-shape-none eael-infobox-icon-hover-bg-shape-none elementor-widget elementor-widget-eael-info-box\" data-id=\"23b7f362\" data-element_type=\"widget\" data-e-type=\"widget\" data-widget_type=\"eael-info-box.default\">\n\t\t\t\t<div class=\"elementor-widget-container\">\n\t\t\t\t\t            <a href=\"https:\/\/www.google.com\/maps\/place\/Yttre+95,+829+51+Bergsj%C3%B6\/@61.9021684,17.0511504,17z\/data=!3m1!4b1!4m6!3m5!1s0x4664190dd29e0211:0xedba0521fd3e18c1!8m2!3d61.9021684!4d17.0511504!16s%2Fg%2F11c1y742pv?entry=ttu&#038;g_ep=EgoyMDI0MTAyMi4wIKXMDSoASAFQAw%3D%3D\">\n\t            <div class=\"eael-infobox icon-on-top\">\n\t            <div class=\"infobox-icon eael-icon-only\">\n\n            \n                            <div class=\"infobox-icon-wrap\">\n                    <i aria-hidden=\"true\" class=\"fas fa-map-marker-alt\"><\/i>                <\/div>\n            \n            \n        <\/div>\n            <div class=\"infobox-content eael-icon-only\">\n                    <div class=\"infobox-title-section\">\n                <h2 class=\"title\">Adress<\/h2>            <\/div>\n            <div><p>Yttre 95\u00a0<\/p><p>829\u00a0 51 Bergsj\u00f6<\/p><\/div>        <\/div>\n            <\/div>\n\n\t\t            <\/a>\n\t\t\t\t\t\t<\/div>\n\t\t\t\t<\/div>\n\t\t\t\t<div class=\"elementor-element elementor-element-4ce134cc eael-infobox-content-align--center eael-infobox-icon-bg-shape-none eael-infobox-icon-hover-bg-shape-none elementor-widget elementor-widget-eael-info-box\" data-id=\"4ce134cc\" data-element_type=\"widget\" data-e-type=\"widget\" data-widget_type=\"eael-info-box.default\">\n\t\t\t\t<div class=\"elementor-widget-container\">\n\t\t\t\t\t            <a href=\"https:\/\/grillkalken.se\/\">\n\t            <div class=\"eael-infobox icon-on-top\">\n\t            <div class=\"infobox-icon eael-icon-only\">\n\n            \n                            <div class=\"infobox-icon-wrap\">\n                    <i aria-hidden=\"true\" class=\"fas fa-globe\"><\/i>                <\/div>\n            \n            \n        <\/div>\n            <div class=\"infobox-content eael-icon-only\">\n                    <div class=\"infobox-title-section\">\n                <h2 class=\"title\">Hemsida<\/h2>            <\/div>\n            <div><p>grillk\u00e4lken.se\u00a0<\/p><\/div>        <\/div>\n            <\/div>\n\n\t\t            <\/a>\n\t\t\t\t\t\t<\/div>\n\t\t\t\t<\/div>\n\t\t\t\t<\/div>\n\t\t\t\t\t<\/div>\n\t\t\t\t<\/div>\n\t\t\t\t<\/div>\n\t\t","protected":false},"excerpt":{"rendered":"<p>Hyr grillk\u00e4lken i Nordanstig Pris 595 kr F\u00f6r en hel dag Detta ing\u00e5r: Tv\u00e5 st liggunderlag Tv\u00e5 st Grillspett Yxa Spade Grillborste Askskyffel Fuktt\u00e4t l\u00e5da f\u00f6r t\u00e4nddon med: T\u00e4ndsticksask Fem st t\u00e4ndp\u00e5sar S\u00e5 g\u00e5r det till Grillk\u00e4lken \u00e4r utrustad med allt du beh\u00f6ver f\u00f6r en lyckad grillning. Det ni beh\u00f6ver ta med \u00e4r ved och [&hellip;]<\/p>\n","protected":false},"author":2,"featured_media":0,"parent":0,"menu_order":0,"comment_status":"closed","ping_status":"closed","template":"","meta":{"footnotes":""},"class_list":["post-596","page","type-page","status-publish","hentry"],"yoast_head":"<!-- This site is optimized with the Yoast SEO plugin v26.3 - https:\/\/yoast.com\/wordpress\/plugins\/seo\/ -->\n<title>Bergsj\u00f6 -<\/title>\n<meta name=\"robots\" content=\"index, follow, max-snippet:-1, max-image-preview:large, max-video-preview:-1\" \/>\n<link rel=\"canonical\" href=\"https:\/\/grillkalken.se\/index.php\/bergsjo\/\" \/>\n<meta property=\"og:locale\" content=\"sv_SE\" \/>\n<meta property=\"og:type\" content=\"article\" \/>\n<meta property=\"og:title\" content=\"Bergsj\u00f6 -\" \/>\n<meta property=\"og:description\" content=\"Hyr grillk\u00e4lken i Nordanstig Pris 595 kr F\u00f6r en hel dag Detta ing\u00e5r: Tv\u00e5 st liggunderlag Tv\u00e5 st Grillspett Yxa Spade Grillborste Askskyffel Fuktt\u00e4t l\u00e5da f\u00f6r t\u00e4nddon med: T\u00e4ndsticksask Fem st t\u00e4ndp\u00e5sar S\u00e5 g\u00e5r det till Grillk\u00e4lken \u00e4r utrustad med allt du beh\u00f6ver f\u00f6r en lyckad grillning. Det ni beh\u00f6ver ta med \u00e4r ved och [&hellip;]\" \/>\n<meta property=\"og:url\" content=\"https:\/\/grillkalken.se\/index.php\/bergsjo\/\" \/>\n<meta property=\"article:modified_time\" content=\"2024-10-25T13:37:15+00:00\" \/>\n<meta name=\"twitter:card\" content=\"summary_large_image\" \/>\n<meta name=\"twitter:label1\" content=\"Ber\u00e4knad l\u00e4stid\" \/>\n\t<meta name=\"twitter:data1\" content=\"1 minut\" \/>\n<script type=\"application\/ld+json\" class=\"yoast-schema-graph\">{\"@context\":\"https:\/\/schema.org\",\"@graph\":[{\"@type\":\"WebPage\",\"@id\":\"https:\/\/grillkalken.se\/index.php\/bergsjo\/\",\"url\":\"https:\/\/grillkalken.se\/index.php\/bergsjo\/\",\"name\":\"Bergsj\u00f6 -\",\"isPartOf\":{\"@id\":\"https:\/\/grillkalken.se\/#website\"},\"datePublished\":\"2024-10-25T13:32:08+00:00\",\"dateModified\":\"2024-10-25T13:37:15+00:00\",\"breadcrumb\":{\"@id\":\"https:\/\/grillkalken.se\/index.php\/bergsjo\/#breadcrumb\"},\"inLanguage\":\"sv-SE\",\"potentialAction\":[{\"@type\":\"ReadAction\",\"target\":[\"https:\/\/grillkalken.se\/index.php\/bergsjo\/\"]}]},{\"@type\":\"BreadcrumbList\",\"@id\":\"https:\/\/grillkalken.se\/index.php\/bergsjo\/#breadcrumb\",\"itemListElement\":[{\"@type\":\"ListItem\",\"position\":1,\"name\":\"Hem\",\"item\":\"https:\/\/grillkalken.se\/\"},{\"@type\":\"ListItem\",\"position\":2,\"name\":\"Bergsj\u00f6\"}]},{\"@type\":\"WebSite\",\"@id\":\"https:\/\/grillkalken.se\/#website\",\"url\":\"https:\/\/grillkalken.se\/\",\"name\":\"\",\"description\":\"F\u00f6rgyll skoterturen\",\"potentialAction\":[{\"@type\":\"SearchAction\",\"target\":{\"@type\":\"EntryPoint\",\"urlTemplate\":\"https:\/\/grillkalken.se\/?s={search_term_string}\"},\"query-input\":{\"@type\":\"PropertyValueSpecification\",\"valueRequired\":true,\"valueName\":\"search_term_string\"}}],\"inLanguage\":\"sv-SE\"}]}<\/script>\n<!-- \/ Yoast SEO plugin. -->","yoast_head_json":{"title":"Bergsj\u00f6 -","robots":{"index":"index","follow":"follow","max-snippet":"max-snippet:-1","max-image-preview":"max-image-preview:large","max-video-preview":"max-video-preview:-1"},"canonical":"https:\/\/grillkalken.se\/index.php\/bergsjo\/","og_locale":"sv_SE","og_type":"article","og_title":"Bergsj\u00f6 -","og_description":"Hyr grillk\u00e4lken i Nordanstig Pris 595 kr F\u00f6r en hel dag Detta ing\u00e5r: Tv\u00e5 st liggunderlag Tv\u00e5 st Grillspett Yxa Spade Grillborste Askskyffel Fuktt\u00e4t l\u00e5da f\u00f6r t\u00e4nddon med: T\u00e4ndsticksask Fem st t\u00e4ndp\u00e5sar S\u00e5 g\u00e5r det till Grillk\u00e4lken \u00e4r utrustad med allt du beh\u00f6ver f\u00f6r en lyckad grillning. Det ni beh\u00f6ver ta med \u00e4r ved och [&hellip;]","og_url":"https:\/\/grillkalken.se\/index.php\/bergsjo\/","article_modified_time":"2024-10-25T13:37:15+00:00","twitter_card":"summary_large_image","twitter_misc":{"Ber\u00e4knad l\u00e4stid":"1 minut"},"schema":{"@context":"https:\/\/schema.org","@graph":[{"@type":"WebPage","@id":"https:\/\/grillkalken.se\/index.php\/bergsjo\/","url":"https:\/\/grillkalken.se\/index.php\/bergsjo\/","name":"Bergsj\u00f6 -","isPartOf":{"@id":"https:\/\/grillkalken.se\/#website"},"datePublished":"2024-10-25T13:32:08+00:00","dateModified":"2024-10-25T13:37:15+00:00","breadcrumb":{"@id":"https:\/\/grillkalken.se\/index.php\/bergsjo\/#breadcrumb"},"inLanguage":"sv-SE","potentialAction":[{"@type":"ReadAction","target":["https:\/\/grillkalken.se\/index.php\/bergsjo\/"]}]},{"@type":"BreadcrumbList","@id":"https:\/\/grillkalken.se\/index.php\/bergsjo\/#breadcrumb","itemListElement":[{"@type":"ListItem","position":1,"name":"Hem","item":"https:\/\/grillkalken.se\/"},{"@type":"ListItem","position":2,"name":"Bergsj\u00f6"}]},{"@type":"WebSite","@id":"https:\/\/grillkalken.se\/#website","url":"https:\/\/grillkalken.se\/","name":"","description":"F\u00f6rgyll skoterturen","potentialAction":[{"@type":"SearchAction","target":{"@type":"EntryPoint","urlTemplate":"https:\/\/grillkalken.se\/?s={search_term_string}"},"query-input":{"@type":"PropertyValueSpecification","valueRequired":true,"valueName":"search_term_string"}}],"inLanguage":"sv-SE"}]}},"_links":{"self":[{"href":"https:\/\/grillkalken.se\/index.php\/wp-json\/wp\/v2\/pages\/596","targetHints":{"allow":["GET"]}}],"collection":[{"href":"https:\/\/grillkalken.se\/index.php\/wp-json\/wp\/v2\/pages"}],"about":[{"href":"https:\/\/grillkalken.se\/index.php\/wp-json\/wp\/v2\/types\/page"}],"author":[{"embeddable":true,"href":"https:\/\/grillkalken.se\/index.php\/wp-json\/wp\/v2\/users\/2"}],"replies":[{"embeddable":true,"href":"https:\/\/grillkalken.se\/index.php\/wp-json\/wp\/v2\/comments?post=596"}],"version-history":[{"count":11,"href":"https:\/\/grillkalken.se\/index.php\/wp-json\/wp\/v2\/pages\/596\/revisions"}],"predecessor-version":[{"id":608,"href":"https:\/\/grillkalken.se\/index.php\/wp-json\/wp\/v2\/pages\/596\/revisions\/608"}],"wp:attachment":[{"href":"https:\/\/grillkalken.se\/index.php\/wp-json\/wp\/v2\/media?parent=596"}],"curies":[{"name":"wp","href":"https:\/\/api.w.org\/{rel}","templated":true}]}}