{"id":530,"date":"2024-10-16T07:14:37","date_gmt":"2024-10-16T07:14:37","guid":{"rendered":"https:\/\/grillkalken.se\/?page_id=530"},"modified":"2024-12-12T14:06:05","modified_gmt":"2024-12-12T14:06:05","slug":"messlingen","status":"publish","type":"page","link":"https:\/\/grillkalken.se\/index.php\/messlingen\/","title":{"rendered":"Messlingen"},"content":{"rendered":"\t\t<div data-elementor-type=\"wp-page\" data-elementor-id=\"530\" class=\"elementor elementor-530\">\n\t\t\t\t<div class=\"elementor-element elementor-element-1e0823fd e-flex e-con-boxed e-con e-parent\" data-id=\"1e0823fd\" data-element_type=\"container\" data-e-type=\"container\" data-settings=\"{&quot;background_background&quot;:&quot;classic&quot;}\">\n\t\t\t\t\t<div class=\"e-con-inner\">\n\t\t<div class=\"elementor-element elementor-element-149ef4e2 e-con-full e-flex e-con e-child\" data-id=\"149ef4e2\" data-element_type=\"container\" data-e-type=\"container\">\n\t\t\t\t<div class=\"elementor-element elementor-element-37750974 elementor-widget elementor-widget-heading\" data-id=\"37750974\" data-element_type=\"widget\" data-e-type=\"widget\" data-widget_type=\"heading.default\">\n\t\t\t\t<div class=\"elementor-widget-container\">\n\t\t\t\t\t<h2 class=\"elementor-heading-title elementor-size-default\">Hyr grillk\u00e4lken hos Messlingen skoteruthyrning <\/h2>\t\t\t\t<\/div>\n\t\t\t\t<\/div>\n\t\t\t\t<\/div>\n\t\t<div class=\"elementor-element elementor-element-fe0bbc e-con-full e-flex e-con e-child\" data-id=\"fe0bbc\" data-element_type=\"container\" data-e-type=\"container\">\n\t\t\t\t<div class=\"elementor-element elementor-element-9026690 elementor-widget elementor-widget-heading\" data-id=\"9026690\" data-element_type=\"widget\" data-e-type=\"widget\" data-widget_type=\"heading.default\">\n\t\t\t\t<div class=\"elementor-widget-container\">\n\t\t\t\t\t<h2 class=\"elementor-heading-title elementor-size-medium\">Pris<\/h2>\t\t\t\t<\/div>\n\t\t\t\t<\/div>\n\t\t\t\t<div class=\"elementor-element elementor-element-7e29ee2e elementor-widget elementor-widget-heading\" data-id=\"7e29ee2e\" data-element_type=\"widget\" data-e-type=\"widget\" data-widget_type=\"heading.default\">\n\t\t\t\t<div class=\"elementor-widget-container\">\n\t\t\t\t\t<h2 class=\"elementor-heading-title elementor-size-xl\">595 kr <\/h2>\t\t\t\t<\/div>\n\t\t\t\t<\/div>\n\t\t\t\t<div class=\"elementor-element elementor-element-e2bcba8 elementor-widget elementor-widget-heading\" data-id=\"e2bcba8\" data-element_type=\"widget\" data-e-type=\"widget\" data-widget_type=\"heading.default\">\n\t\t\t\t<div class=\"elementor-widget-container\">\n\t\t\t\t\t<h2 class=\"elementor-heading-title elementor-size-medium\">F\u00f6r en hel dag<\/h2>\t\t\t\t<\/div>\n\t\t\t\t<\/div>\n\t\t\t\t<\/div>\n\t\t<div class=\"elementor-element elementor-element-10029c21 e-con-full e-flex e-con e-child\" data-id=\"10029c21\" data-element_type=\"container\" data-e-type=\"container\" data-settings=\"{&quot;background_background&quot;:&quot;gradient&quot;}\">\n\t\t\t\t<div class=\"elementor-element elementor-element-52651aa8 elementor-widget elementor-widget-heading\" data-id=\"52651aa8\" data-element_type=\"widget\" data-e-type=\"widget\" data-widget_type=\"heading.default\">\n\t\t\t\t<div class=\"elementor-widget-container\">\n\t\t\t\t\t<h2 class=\"elementor-heading-title elementor-size-default\">Detta ing\u00e5r:<\/h2>\t\t\t\t<\/div>\n\t\t\t\t<\/div>\n\t\t\t\t<div class=\"elementor-element elementor-element-4bdad6ea elementor-widget elementor-widget-text-editor\" data-id=\"4bdad6ea\" data-element_type=\"widget\" data-e-type=\"widget\" data-widget_type=\"text-editor.default\">\n\t\t\t\t<div class=\"elementor-widget-container\">\n\t\t\t\t\t\t\t\t\t<ul><li>Tv\u00e5 st liggunderlag<\/li><li>Tv\u00e5 st Grillspett<\/li><li>Yxa<\/li><li>Spade<\/li><li>Grillborste<\/li><li>Askskyffel<\/li><li>Fuktt\u00e4t l\u00e5da f\u00f6r t\u00e4nddon med:<ul><li>T\u00e4ndsticksask<\/li><li>Fem st t\u00e4ndp\u00e5sar<\/li><\/ul><\/li><\/ul>\t\t\t\t\t\t\t\t<\/div>\n\t\t\t\t<\/div>\n\t\t\t\t<\/div>\n\t\t<div class=\"elementor-element elementor-element-13fcc7c e-con-full e-flex e-con e-child\" data-id=\"13fcc7c\" data-element_type=\"container\" data-e-type=\"container\" data-settings=\"{&quot;background_background&quot;:&quot;gradient&quot;}\">\n\t\t\t\t<div class=\"elementor-element elementor-element-689dd404 elementor-widget elementor-widget-heading\" data-id=\"689dd404\" data-element_type=\"widget\" data-e-type=\"widget\" data-widget_type=\"heading.default\">\n\t\t\t\t<div class=\"elementor-widget-container\">\n\t\t\t\t\t<h2 class=\"elementor-heading-title elementor-size-default\">S\u00e5 g\u00e5r det till<\/h2>\t\t\t\t<\/div>\n\t\t\t\t<\/div>\n\t\t\t\t<div class=\"elementor-element elementor-element-5635589b elementor-widget elementor-widget-text-editor\" data-id=\"5635589b\" data-element_type=\"widget\" data-e-type=\"widget\" data-widget_type=\"text-editor.default\">\n\t\t\t\t<div class=\"elementor-widget-container\">\n\t\t\t\t\t\t\t\t\t<ol><li>Grillk\u00e4lken \u00e4r utrustad med allt du beh\u00f6ver f\u00f6r en lyckad grillning. Det ni beh\u00f6ver ta med \u00e4r ved och det ni vill grilla.\u00a0<\/li><li>Ring eller e-maila direkt till Northland On Demand f\u00f6r att se tillg\u00e4nglighet och boka. tillg\u00e4nglighet o chb oka.<\/li><li>\u00d6nskar ni kan vi hj\u00e4lpa er att hitta er n\u00e4rmaste uthyrare och boka en grillk\u00e4lke.<\/li><li>Upph\u00e4mtning av grillk\u00e4lken sker enligt \u00f6verenskommelse med Norhland On Demand p\u00e5 adressen som anges till h\u00f6ger.\u00a0<\/li><li>\u00c5terl\u00e4mning sker enligt \u00f6verenskommelse med Norhland On Demand. and.<\/li><li>Sedan \u00e4r det bara att \u00e5ka p\u00e5 tur till den perfekta grillplatsen p\u00e5 fj\u00e4llet, p\u00e5 isen eller runt husknuten!<\/li><\/ol>\t\t\t\t\t\t\t\t<\/div>\n\t\t\t\t<\/div>\n\t\t\t\t<\/div>\n\t\t<div class=\"elementor-element elementor-element-4afb8a35 e-con-full e-flex e-con e-child\" data-id=\"4afb8a35\" data-element_type=\"container\" data-e-type=\"container\" data-settings=\"{&quot;background_background&quot;:&quot;gradient&quot;}\">\n\t\t\t\t<div class=\"elementor-element elementor-element-52f39693 elementor-widget elementor-widget-heading\" data-id=\"52f39693\" data-element_type=\"widget\" data-e-type=\"widget\" data-widget_type=\"heading.default\">\n\t\t\t\t<div class=\"elementor-widget-container\">\n\t\t\t\t\t<h2 class=\"elementor-heading-title elementor-size-default\">Endast i Lofsdalen!<\/h2>\t\t\t\t<\/div>\n\t\t\t\t<\/div>\n\t\t\t\t<div class=\"elementor-element elementor-element-550893b2 elementor-widget elementor-widget-text-editor\" data-id=\"550893b2\" data-element_type=\"widget\" data-e-type=\"widget\" data-widget_type=\"text-editor.default\">\n\t\t\t\t<div class=\"elementor-widget-container\">\n\t\t\t\t\t\t\t\t\t<p>Hos Northland On Demand finns det helhetsl\u00f6sningar med f\u00e4rdiga matpaket! Bekv\u00e4mt och klart f\u00f6r grillen vilket ger er utflykt en extra guldkant<\/p><p>Kontakta Northland On Demand f\u00f6r att f\u00e5 veta pris och med om erbjudandet.<\/p>\t\t\t\t\t\t\t\t<\/div>\n\t\t\t\t<\/div>\n\t\t\t\t<\/div>\n\t\t<div class=\"elementor-element elementor-element-4473d3a3 e-con-full e-flex e-con e-child\" data-id=\"4473d3a3\" data-element_type=\"container\" data-e-type=\"container\">\n\t\t\t\t<div class=\"elementor-element elementor-element-226343f1 eael-infobox-content-align--center eael-infobox-icon-bg-shape-none eael-infobox-icon-hover-bg-shape-none elementor-widget elementor-widget-eael-info-box\" data-id=\"226343f1\" data-element_type=\"widget\" data-e-type=\"widget\" data-widget_type=\"eael-info-box.default\">\n\t\t\t\t<div class=\"elementor-widget-container\">\n\t\t\t\t\t        <div class=\"eael-infobox icon-on-top\">\n\t            <div class=\"infobox-icon eael-icon-only\">\n\n            \n                            <div class=\"infobox-icon-wrap\">\n                    <i aria-hidden=\"true\" class=\"far fa-envelope\"><\/i>                <\/div>\n            \n            \n        <\/div>\n            <div class=\"infobox-content eael-icon-only\">\n                    <div class=\"infobox-title-section\">\n                <h2 class=\"title\">Email<\/h2>            <\/div>\n            <div><p>info@messlingen.se<\/p><\/div>        <\/div>\n            <\/div>\n\n\t\t\t\t\t\t<\/div>\n\t\t\t\t<\/div>\n\t\t\t\t<div class=\"elementor-element elementor-element-8700bb1 eael-infobox-content-align--center eael-infobox-icon-bg-shape-none eael-infobox-icon-hover-bg-shape-none elementor-widget elementor-widget-eael-info-box\" data-id=\"8700bb1\" data-element_type=\"widget\" data-e-type=\"widget\" data-widget_type=\"eael-info-box.default\">\n\t\t\t\t<div class=\"elementor-widget-container\">\n\t\t\t\t\t        <div class=\"eael-infobox icon-on-top\">\n\t            <div class=\"infobox-icon eael-icon-only\">\n\n            \n                            <div class=\"infobox-icon-wrap\">\n                    <i aria-hidden=\"true\" class=\"fas fa-phone-alt\"><\/i>                <\/div>\n            \n            \n        <\/div>\n            <div class=\"infobox-content eael-icon-only\">\n                    <div class=\"infobox-title-section\">\n                <h2 class=\"title\">Ring<\/h2>            <\/div>\n            <div><p>070-142 75 50<\/p><\/div>        <\/div>\n            <\/div>\n\n\t\t\t\t\t\t<\/div>\n\t\t\t\t<\/div>\n\t\t\t\t<div class=\"elementor-element elementor-element-3d94cc18 eael-infobox-content-align--center eael-infobox-icon-bg-shape-none eael-infobox-icon-hover-bg-shape-none elementor-widget elementor-widget-eael-info-box\" data-id=\"3d94cc18\" data-element_type=\"widget\" data-e-type=\"widget\" data-widget_type=\"eael-info-box.default\">\n\t\t\t\t<div class=\"elementor-widget-container\">\n\t\t\t\t\t            <a href=\"https:\/\/www.google.com\/maps\/place\/Messlingen+Transtigen+3,+846+74+Fun%C3%A4sdalen\/@62.6664452,12.8663533,17z\/data=!3m1!4b1!4m6!3m5!1s0x466e99ce77936781:0x3501c944e2eca273!8m2!3d62.6664452!4d12.8663533!16s%2Fg%2F11cpj6m7cb?entry=ttu&#038;g_ep=EgoyMDI0MTIwOS4wIKXMDSoASAFQAw%3D%3D\">\n\t            <div class=\"eael-infobox icon-on-top\">\n\t            <div class=\"infobox-icon eael-icon-only\">\n\n            \n                            <div class=\"infobox-icon-wrap\">\n                    <i aria-hidden=\"true\" class=\"fas fa-map-marker-alt\"><\/i>                <\/div>\n            \n            \n        <\/div>\n            <div class=\"infobox-content eael-icon-only\">\n                    <div class=\"infobox-title-section\">\n                <h2 class=\"title\">Adress<\/h2>            <\/div>\n            <div><p>Messlingen Transtigen 3<\/p><p>840 95 Fun\u00e4sdalen<\/p><\/div>        <\/div>\n            <\/div>\n\n\t\t            <\/a>\n\t\t\t\t\t\t<\/div>\n\t\t\t\t<\/div>\n\t\t\t\t<div class=\"elementor-element elementor-element-6a7589da eael-infobox-content-align--center eael-infobox-icon-bg-shape-none eael-infobox-icon-hover-bg-shape-none elementor-widget elementor-widget-eael-info-box\" data-id=\"6a7589da\" data-element_type=\"widget\" data-e-type=\"widget\" data-widget_type=\"eael-info-box.default\">\n\t\t\t\t<div class=\"elementor-widget-container\">\n\t\t\t\t\t            <a href=\"https:\/\/www.messlingenskoter.se\/\">\n\t            <div class=\"eael-infobox icon-on-top\">\n\t            <div class=\"infobox-icon eael-icon-only\">\n\n            \n                            <div class=\"infobox-icon-wrap\">\n                    <i aria-hidden=\"true\" class=\"fas fa-globe\"><\/i>                <\/div>\n            \n            \n        <\/div>\n            <div class=\"infobox-content eael-icon-only\">\n                    <div class=\"infobox-title-section\">\n                <h2 class=\"title\">Hemsida<\/h2>            <\/div>\n            <div><p>messlingenskoter.se<\/p><\/div>        <\/div>\n            <\/div>\n\n\t\t            <\/a>\n\t\t\t\t\t\t<\/div>\n\t\t\t\t<\/div>\n\t\t\t\t<\/div>\n\t\t\t\t\t<\/div>\n\t\t\t\t<\/div>\n\t\t\t\t<\/div>\n\t\t","protected":false},"excerpt":{"rendered":"<p>Hyr grillk\u00e4lken hos Messlingen skoteruthyrning Pris 595 kr F\u00f6r en hel dag Detta ing\u00e5r: Tv\u00e5 st liggunderlag Tv\u00e5 st Grillspett Yxa Spade Grillborste Askskyffel Fuktt\u00e4t l\u00e5da f\u00f6r t\u00e4nddon med: T\u00e4ndsticksask Fem st t\u00e4ndp\u00e5sar S\u00e5 g\u00e5r det till Grillk\u00e4lken \u00e4r utrustad med allt du beh\u00f6ver f\u00f6r en lyckad grillning. Det ni beh\u00f6ver ta med \u00e4r ved [&hellip;]<\/p>\n","protected":false},"author":2,"featured_media":0,"parent":0,"menu_order":0,"comment_status":"closed","ping_status":"closed","template":"","meta":{"footnotes":""},"class_list":["post-530","page","type-page","status-publish","hentry"],"yoast_head":"<!-- This site is optimized with the Yoast SEO plugin v26.3 - https:\/\/yoast.com\/wordpress\/plugins\/seo\/ -->\n<title>Messlingen -<\/title>\n<meta name=\"robots\" content=\"index, follow, max-snippet:-1, max-image-preview:large, max-video-preview:-1\" \/>\n<link rel=\"canonical\" href=\"https:\/\/grillkalken.se\/index.php\/messlingen\/\" \/>\n<meta property=\"og:locale\" content=\"sv_SE\" \/>\n<meta property=\"og:type\" content=\"article\" \/>\n<meta property=\"og:title\" content=\"Messlingen -\" \/>\n<meta property=\"og:description\" content=\"Hyr grillk\u00e4lken hos Messlingen skoteruthyrning Pris 595 kr F\u00f6r en hel dag Detta ing\u00e5r: Tv\u00e5 st liggunderlag Tv\u00e5 st Grillspett Yxa Spade Grillborste Askskyffel Fuktt\u00e4t l\u00e5da f\u00f6r t\u00e4nddon med: T\u00e4ndsticksask Fem st t\u00e4ndp\u00e5sar S\u00e5 g\u00e5r det till Grillk\u00e4lken \u00e4r utrustad med allt du beh\u00f6ver f\u00f6r en lyckad grillning. Det ni beh\u00f6ver ta med \u00e4r ved [&hellip;]\" \/>\n<meta property=\"og:url\" content=\"https:\/\/grillkalken.se\/index.php\/messlingen\/\" \/>\n<meta property=\"article:modified_time\" content=\"2024-12-12T14:06:05+00:00\" \/>\n<meta name=\"twitter:card\" content=\"summary_large_image\" \/>\n<meta name=\"twitter:label1\" content=\"Ber\u00e4knad l\u00e4stid\" \/>\n\t<meta name=\"twitter:data1\" content=\"1 minut\" \/>\n<script type=\"application\/ld+json\" class=\"yoast-schema-graph\">{\"@context\":\"https:\/\/schema.org\",\"@graph\":[{\"@type\":\"WebPage\",\"@id\":\"https:\/\/grillkalken.se\/index.php\/messlingen\/\",\"url\":\"https:\/\/grillkalken.se\/index.php\/messlingen\/\",\"name\":\"Messlingen -\",\"isPartOf\":{\"@id\":\"https:\/\/grillkalken.se\/#website\"},\"datePublished\":\"2024-10-16T07:14:37+00:00\",\"dateModified\":\"2024-12-12T14:06:05+00:00\",\"breadcrumb\":{\"@id\":\"https:\/\/grillkalken.se\/index.php\/messlingen\/#breadcrumb\"},\"inLanguage\":\"sv-SE\",\"potentialAction\":[{\"@type\":\"ReadAction\",\"target\":[\"https:\/\/grillkalken.se\/index.php\/messlingen\/\"]}]},{\"@type\":\"BreadcrumbList\",\"@id\":\"https:\/\/grillkalken.se\/index.php\/messlingen\/#breadcrumb\",\"itemListElement\":[{\"@type\":\"ListItem\",\"position\":1,\"name\":\"Hem\",\"item\":\"https:\/\/grillkalken.se\/\"},{\"@type\":\"ListItem\",\"position\":2,\"name\":\"Messlingen\"}]},{\"@type\":\"WebSite\",\"@id\":\"https:\/\/grillkalken.se\/#website\",\"url\":\"https:\/\/grillkalken.se\/\",\"name\":\"\",\"description\":\"F\u00f6rgyll skoterturen\",\"potentialAction\":[{\"@type\":\"SearchAction\",\"target\":{\"@type\":\"EntryPoint\",\"urlTemplate\":\"https:\/\/grillkalken.se\/?s={search_term_string}\"},\"query-input\":{\"@type\":\"PropertyValueSpecification\",\"valueRequired\":true,\"valueName\":\"search_term_string\"}}],\"inLanguage\":\"sv-SE\"}]}<\/script>\n<!-- \/ Yoast SEO plugin. -->","yoast_head_json":{"title":"Messlingen -","robots":{"index":"index","follow":"follow","max-snippet":"max-snippet:-1","max-image-preview":"max-image-preview:large","max-video-preview":"max-video-preview:-1"},"canonical":"https:\/\/grillkalken.se\/index.php\/messlingen\/","og_locale":"sv_SE","og_type":"article","og_title":"Messlingen -","og_description":"Hyr grillk\u00e4lken hos Messlingen skoteruthyrning Pris 595 kr F\u00f6r en hel dag Detta ing\u00e5r: Tv\u00e5 st liggunderlag Tv\u00e5 st Grillspett Yxa Spade Grillborste Askskyffel Fuktt\u00e4t l\u00e5da f\u00f6r t\u00e4nddon med: T\u00e4ndsticksask Fem st t\u00e4ndp\u00e5sar S\u00e5 g\u00e5r det till Grillk\u00e4lken \u00e4r utrustad med allt du beh\u00f6ver f\u00f6r en lyckad grillning. Det ni beh\u00f6ver ta med \u00e4r ved [&hellip;]","og_url":"https:\/\/grillkalken.se\/index.php\/messlingen\/","article_modified_time":"2024-12-12T14:06:05+00:00","twitter_card":"summary_large_image","twitter_misc":{"Ber\u00e4knad l\u00e4stid":"1 minut"},"schema":{"@context":"https:\/\/schema.org","@graph":[{"@type":"WebPage","@id":"https:\/\/grillkalken.se\/index.php\/messlingen\/","url":"https:\/\/grillkalken.se\/index.php\/messlingen\/","name":"Messlingen -","isPartOf":{"@id":"https:\/\/grillkalken.se\/#website"},"datePublished":"2024-10-16T07:14:37+00:00","dateModified":"2024-12-12T14:06:05+00:00","breadcrumb":{"@id":"https:\/\/grillkalken.se\/index.php\/messlingen\/#breadcrumb"},"inLanguage":"sv-SE","potentialAction":[{"@type":"ReadAction","target":["https:\/\/grillkalken.se\/index.php\/messlingen\/"]}]},{"@type":"BreadcrumbList","@id":"https:\/\/grillkalken.se\/index.php\/messlingen\/#breadcrumb","itemListElement":[{"@type":"ListItem","position":1,"name":"Hem","item":"https:\/\/grillkalken.se\/"},{"@type":"ListItem","position":2,"name":"Messlingen"}]},{"@type":"WebSite","@id":"https:\/\/grillkalken.se\/#website","url":"https:\/\/grillkalken.se\/","name":"","description":"F\u00f6rgyll skoterturen","potentialAction":[{"@type":"SearchAction","target":{"@type":"EntryPoint","urlTemplate":"https:\/\/grillkalken.se\/?s={search_term_string}"},"query-input":{"@type":"PropertyValueSpecification","valueRequired":true,"valueName":"search_term_string"}}],"inLanguage":"sv-SE"}]}},"_links":{"self":[{"href":"https:\/\/grillkalken.se\/index.php\/wp-json\/wp\/v2\/pages\/530","targetHints":{"allow":["GET"]}}],"collection":[{"href":"https:\/\/grillkalken.se\/index.php\/wp-json\/wp\/v2\/pages"}],"about":[{"href":"https:\/\/grillkalken.se\/index.php\/wp-json\/wp\/v2\/types\/page"}],"author":[{"embeddable":true,"href":"https:\/\/grillkalken.se\/index.php\/wp-json\/wp\/v2\/users\/2"}],"replies":[{"embeddable":true,"href":"https:\/\/grillkalken.se\/index.php\/wp-json\/wp\/v2\/comments?post=530"}],"version-history":[{"count":22,"href":"https:\/\/grillkalken.se\/index.php\/wp-json\/wp\/v2\/pages\/530\/revisions"}],"predecessor-version":[{"id":852,"href":"https:\/\/grillkalken.se\/index.php\/wp-json\/wp\/v2\/pages\/530\/revisions\/852"}],"wp:attachment":[{"href":"https:\/\/grillkalken.se\/index.php\/wp-json\/wp\/v2\/media?parent=530"}],"curies":[{"name":"wp","href":"https:\/\/api.w.org\/{rel}","templated":true}]}}