{"id":476,"date":"2024-10-09T15:04:56","date_gmt":"2024-10-09T15:04:56","guid":{"rendered":"https:\/\/grillkalken.se\/?page_id=476"},"modified":"2024-10-09T15:50:56","modified_gmt":"2024-10-09T15:50:56","slug":"information-till-nya-uthyrare","status":"publish","type":"page","link":"https:\/\/grillkalken.se\/index.php\/information-till-nya-uthyrare\/","title":{"rendered":"Information till nya uthyrare"},"content":{"rendered":"\t\t<div data-elementor-type=\"wp-page\" data-elementor-id=\"476\" class=\"elementor elementor-476\">\n\t\t\t\t<div class=\"elementor-element elementor-element-5d44e47 e-flex e-con-boxed e-con e-parent\" data-id=\"5d44e47\" data-element_type=\"container\" data-e-type=\"container\">\n\t\t\t\t\t<div class=\"e-con-inner\">\n\t\t<div class=\"elementor-element elementor-element-74709b6 e-con-full e-flex e-con e-child\" data-id=\"74709b6\" data-element_type=\"container\" data-e-type=\"container\">\n\t\t\t\t<div class=\"elementor-element elementor-element-aeda91d elementor-widget__width-initial elementor-widget elementor-widget-text-editor\" data-id=\"aeda91d\" data-element_type=\"widget\" data-e-type=\"widget\" data-widget_type=\"text-editor.default\">\n\t\t\t\t<div class=\"elementor-widget-container\">\n\t\t\t\t\t\t\t\t\t<h1>Bli en av v\u00e5ra uthyrare!<\/h1><p>H\u00e4r hittar du som f\u00f6retagare information om hur du kan b\u00f6rja hyra ut grillk\u00e4lken!<\/p><p>\u00a0<\/p><p>\u00a0<\/p><h3>S\u00e5 enkelt \u00e4r det att bli uthyrare!<\/h3><p>I dag h\u00e5ller vi till i j\u00e4mtland och h\u00e4rjedals fj\u00e4llen och riktar i f\u00f6rsta hand in oss p\u00e5 uthyrare i det omr\u00e5det. Men vi letar alltid efter att ut\u00f6ka v\u00e5rat omr\u00e5de s\u00e5 fler ska f\u00e5 m\u00f6jligheten att njuta av grillk\u00e4lken.\u00a0<\/p><p>Kontakta oss ifall du som skoteruthyrare eller annat f\u00f6retag \u00e4r intresserad av att hyra ut k\u00e4lkar med oss!<\/p><p>Mer fr\u00e5gor och svar finns lite l\u00e4ngre ner p\u00e5 sidan.<\/p><p>\u00a0<\/p>\t\t\t\t\t\t\t\t<\/div>\n\t\t\t\t<\/div>\n\t\t\t\t<\/div>\n\t\t<div class=\"elementor-element elementor-element-ae9c550 e-con-full e-flex e-con e-child\" data-id=\"ae9c550\" data-element_type=\"container\" data-e-type=\"container\">\n\t\t\t\t<div class=\"elementor-element elementor-element-7881dd5 elementor-widget__width-initial elementor-widget elementor-widget-image\" data-id=\"7881dd5\" data-element_type=\"widget\" data-e-type=\"widget\" data-widget_type=\"image.default\">\n\t\t\t\t<div class=\"elementor-widget-container\">\n\t\t\t\t\t\t\t\t\t\t\t\t\t\t\t<img fetchpriority=\"high\" decoding=\"async\" width=\"800\" height=\"360\" src=\"https:\/\/grillkalken.se\/wp-content\/uploads\/2024\/10\/20230416_123331-1024x461.jpg\" class=\"attachment-large size-large wp-image-493\" alt=\"\" srcset=\"https:\/\/grillkalken.se\/wp-content\/uploads\/2024\/10\/20230416_123331-1024x461.jpg 1024w, https:\/\/grillkalken.se\/wp-content\/uploads\/2024\/10\/20230416_123331-300x135.jpg 300w, https:\/\/grillkalken.se\/wp-content\/uploads\/2024\/10\/20230416_123331-768x346.jpg 768w, https:\/\/grillkalken.se\/wp-content\/uploads\/2024\/10\/20230416_123331-1536x692.jpg 1536w, https:\/\/grillkalken.se\/wp-content\/uploads\/2024\/10\/20230416_123331-2048x922.jpg 2048w, https:\/\/grillkalken.se\/wp-content\/uploads\/2024\/10\/20230416_123331-600x270.jpg 600w\" sizes=\"(max-width: 800px) 100vw, 800px\" \/>\t\t\t\t\t\t\t\t\t\t\t\t\t\t\t<\/div>\n\t\t\t\t<\/div>\n\t\t\t\t<\/div>\n\t\t\t\t\t<\/div>\n\t\t\t\t<\/div>\n\t\t<div class=\"elementor-element elementor-element-a2ebedb e-flex e-con-boxed e-con e-parent\" data-id=\"a2ebedb\" data-element_type=\"container\" data-e-type=\"container\">\n\t\t\t\t\t<div class=\"e-con-inner\">\n\t\t\t\t<div class=\"elementor-element elementor-element-db35f80 elementor-widget elementor-widget-text-editor\" data-id=\"db35f80\" data-element_type=\"widget\" data-e-type=\"widget\" data-widget_type=\"text-editor.default\">\n\t\t\t\t<div class=\"elementor-widget-container\">\n\t\t\t\t\t\t\t\t\t<h1>Fr\u00e5gor och svar\u00a0<\/h1><p>TIPS! F\u00f6r att enklare hitta svar p\u00e5 din fr\u00e5ga, anv\u00e4nd ctrl+f och s\u00f6k p\u00e5 ett ord om du sitter vid en dator.\u00a0<\/p>\t\t\t\t\t\t\t\t<\/div>\n\t\t\t\t<\/div>\n\t\t\t\t\t<\/div>\n\t\t\t\t<\/div>\n\t\t<div class=\"elementor-element elementor-element-055773e e-flex e-con-boxed e-con e-parent\" data-id=\"055773e\" data-element_type=\"container\" data-e-type=\"container\">\n\t\t\t\t\t<div class=\"e-con-inner\">\n\t\t<div class=\"elementor-element elementor-element-c8802c6 e-con-full e-flex e-con e-child\" data-id=\"c8802c6\" data-element_type=\"container\" data-e-type=\"container\">\n\t\t\t\t<div class=\"elementor-element elementor-element-e27b5b4 elementor-widget elementor-widget-text-editor\" data-id=\"e27b5b4\" data-element_type=\"widget\" data-e-type=\"widget\" data-widget_type=\"text-editor.default\">\n\t\t\t\t<div class=\"elementor-widget-container\">\n\t\t\t\t\t\t\t\t\t<h2>Priser<\/h2><p>\u00a0<\/p><p>Dagshyran f\u00f6r kunden \u00e4r 495 kr f\u00f6r en hel dag.<\/p><p>\u00a0<\/p><p>Summan f\u00f6r uthyrningen delar vi sedan 50\/50 vardera, som vi fakturerar m\u00e5naden efter.<\/p><p>\u00a0<\/p><p>F\u00f6r er som uthyrare kostar det inget mer \u00e4n f\u00f6rvaringsplats och en gnutta administration!<\/p>\t\t\t\t\t\t\t\t<\/div>\n\t\t\t\t<\/div>\n\t\t\t\t<\/div>\n\t\t<div class=\"elementor-element elementor-element-91c626b e-con-full e-flex e-con e-child\" data-id=\"91c626b\" data-element_type=\"container\" data-e-type=\"container\">\n\t\t\t\t<div class=\"elementor-element elementor-element-23c616d elementor-widget elementor-widget-text-editor\" data-id=\"23c616d\" data-element_type=\"widget\" data-e-type=\"widget\" data-widget_type=\"text-editor.default\">\n\t\t\t\t<div class=\"elementor-widget-container\">\n\t\t\t\t\t\t\t\t\t<h2>Marknadsf\u00f6ring\u00a0<\/h2><p>\u00a0<\/p><p>Vi p\u00e5 Magntec st\u00e5r f\u00f6r att\u00a0 f\u00f6rmedla vart v\u00e5ra uthyrare finns och kommer att annonser under olika perioder i olika mediekanaler.\u00a0\u00a0<\/p><p>\u00a0<\/p><p>Den lokala marknadsf\u00f6ringen f\u00f6r de enskilda omr\u00e5dena\/uthyrarna st\u00e5r man som uthyrare f\u00f6r sj\u00e4lv.\u00a0<\/p>\t\t\t\t\t\t\t\t<\/div>\n\t\t\t\t<\/div>\n\t\t\t\t<\/div>\n\t\t<div class=\"elementor-element elementor-element-6893866 e-con-full e-flex e-con e-child\" data-id=\"6893866\" data-element_type=\"container\" data-e-type=\"container\">\n\t\t\t\t<div class=\"elementor-element elementor-element-c21054a elementor-widget elementor-widget-text-editor\" data-id=\"c21054a\" data-element_type=\"widget\" data-e-type=\"widget\" data-widget_type=\"text-editor.default\">\n\t\t\t\t<div class=\"elementor-widget-container\">\n\t\t\t\t\t\t\t\t\t<h2>Hittar di inte svar p\u00e5 din fr\u00e5ga?<\/h2><p>\u00a0<\/p><p>\u00a0<\/p><h3>Ers\u00e4tta produkter i f\u00f6rvaringsl\u00e5dan.<\/h3><p>Liggunderlag\u00a0 160,00 kr\u00a0 \u00a0 \u00a0 \u00a0 \u00a0 \u00a0 \u00a0 \u00a0 \u00a0 \u00a0 \u00a0 \u00a0 \u00a0 \u00a0 \u00a0 \u00a0 \u00a0 \u00a0 \u00a0 \u00a0 \u00a0 \u00a0 \u00a0 \u00a0 \u00a0 \u00a0 \u00a0 \u00a0 \u00a0 \u00a0 Sopskyffel 40,00 kr\u00a0 \u00a0 \u00a0Spade 130,00 kr\u00a0 \u00a0 \u00a0 \u00a0 \u00a0 Yxa 80,00 kr\u00a0 \u00a0L\u00e5da 300,00 kr\u00a0 \u00a0 \u00a0 \u00a0 \u00a0 \u00a0 \u00a0 \u00a0 \u00a0Grillspett 100,00 kr\u00a0 \u00a0 \u00a0Sp\u00e4nnr\u00e4m 20,00 kr\u00a0 \u00a0 L\u00e5da f\u00f6r t\u00e4nne 10,00 kr\u00a0<\/p>\t\t\t\t\t\t\t\t<\/div>\n\t\t\t\t<\/div>\n\t\t\t\t<\/div>\n\t\t\t\t\t<\/div>\n\t\t\t\t<\/div>\n\t\t<div class=\"elementor-element elementor-element-24635c4 e-flex e-con-boxed e-con e-parent\" data-id=\"24635c4\" data-element_type=\"container\" data-e-type=\"container\">\n\t\t\t\t\t<div class=\"e-con-inner\">\n\t\t<div class=\"elementor-element elementor-element-8373c1d e-con-full e-flex e-con e-child\" data-id=\"8373c1d\" data-element_type=\"container\" data-e-type=\"container\">\n\t\t\t\t<div class=\"elementor-element elementor-element-90c3d89 elementor-widget elementor-widget-text-editor\" data-id=\"90c3d89\" data-element_type=\"widget\" data-e-type=\"widget\" data-widget_type=\"text-editor.default\">\n\t\t\t\t<div class=\"elementor-widget-container\">\n\t\t\t\t\t\t\t\t\t<h2>Fakturering\u00a0<\/h2><p>F\u00f6r att den administrativa processen ska bli s\u00e5 enkel som m\u00f6jligt rapporterar ni in hur m\u00e5nga uthyrningstillf\u00e4llen ni har haft under den g\u00e5ngna m\u00e5naden. Detta formul\u00e4r tar bara n\u00e5gra minuter att fylla i s\u00e5 det ska g\u00e5 s\u00e5 smidigt som m\u00f6jligt.<\/p><p>I formul\u00e4ret g\u00e5r det \u00e4ven att g\u00f6ra felanm\u00e4lan p\u00e5 k\u00e4lkarna ifall en kund har tappat bort n\u00e5got fr\u00e5n f\u00f6rvaringsl\u00e5dan eller om det \u00e4r n\u00e5got som har g\u00e5tt s\u00f6nder p\u00e5 k\u00e4lken. L\u00e4as mer om hur vi hanterar olycksfall under rubriken\u00a0<strong>OLYCKSFALL<\/strong>.<\/p><p>Efter att ni har l\u00e4mnat in underlaget kommer vi skicka en faktura p\u00e5 halva beloppet av den totala summan. Som ni f\u00e5r 30 dagar p\u00e5 er\u00a0 att betala.\u00a0<\/p><p>Exempel &#8211; Ni har under Januari m\u00e5nad har haft grillk\u00e4lken uthyrd 25 g\u00e5nger, detta blir en int\u00e4kt p\u00e5 totalt 9 875 kr. Ni kommer d\u00e5 bli fakturerade 4 937,5 kr och f\u00e5r beh\u00e5lla resterande sj\u00e4lv.\u00a0<\/p>\t\t\t\t\t\t\t\t<\/div>\n\t\t\t\t<\/div>\n\t\t\t\t<\/div>\n\t\t<div class=\"elementor-element elementor-element-4a2f2b5 e-con-full e-flex e-con e-child\" data-id=\"4a2f2b5\" data-element_type=\"container\" data-e-type=\"container\">\n\t\t\t\t<div class=\"elementor-element elementor-element-ea8aadc elementor-widget elementor-widget-text-editor\" data-id=\"ea8aadc\" data-element_type=\"widget\" data-e-type=\"widget\" data-widget_type=\"text-editor.default\">\n\t\t\t\t<div class=\"elementor-widget-container\">\n\t\t\t\t\t\t\t\t\t<h2>Olycksfall\u00a0<\/h2><p>Ibland kan olyckan vara framme och det \u00e4r n\u00e5got som f\u00f6rsvinner eller g\u00e5r s\u00f6nder. I de fall kommer kunden som orsakat skadan beh\u00f6va betala f\u00f6r detta.\u00a0<\/p><p>P\u00e5 v\u00e5r hemsida finns det en lista p\u00e5 vad allt kostar att reparera eller ers\u00e4tta. Detta inkluderar kostnader f\u00f6r frakt och arbete. Detta debiterar ni kunden, varp\u00e5 vi kommer att l\u00e4gga till det p\u00e5 fakturan n\u00e4stkommande fakturerings period. Ansvaret f\u00f6r att debitera kunden ligger p\u00e5 dig som uthyrare.<\/p><p>I formul\u00e4ret f\u00f6r fakturaunderlag g\u00e5r det att g\u00f6ra en felanm\u00e4lan p\u00e5 grillk\u00e4lken. D\u00e4r fyller ni i vad det \u00e4r som skett, vad det \u00e4r som saknas eller vad det \u00e4r som \u00e4r skadat och n\u00e4r det skedde.\u00a0<\/p><p>Om det \u00e4r en skada som har skett s\u00e5 skickar ni delen till oss (vi st\u00e5r f\u00f6r frakten) f\u00f6r reparation och vi kommer samtidigt att skicka en ny del f\u00f6r att det ska bli s\u00e5 smidigt som m\u00f6jligt. Detta kan dock i vissa fall ta upp emot 5 arbetsdagar beroende\u00a0 p\u00e5 om vi har delen f\u00e4rdig eller inte.<\/p><p>Om det \u00e4r n\u00e5got som f\u00f6rsvunnit eller som beh\u00f6ver ers\u00e4ttas vi det till er, alternativt om ni ers\u00e4tter det med en likv\u00e4rdig produkt. D\u00e5 fakturerar vi er sj\u00e4lvklart inte g\u00f6r det som f\u00f6rsvunnit, men vi vill \u00e4nd\u00e5 att ni anm\u00e4ler detta i formul\u00e4ret.\u00a0<\/p><p>???Vid uthyrning kan kunden v\u00e4lja att l\u00e4gga till en f\u00f6rs\u00e4kring f\u00f6r olycksfall f\u00f6r 99 kr extra. Denna kostnad tar vi hela beloppet av. Med detta skydd tar vi p\u00e5 oss hela kostnaden f\u00f6r att ers\u00e4tta det som har g\u00e5tt s\u00f6nder eller f\u00f6rsvunnit??? om de k\u00f6per f\u00f6rs\u00e4kringen, informera att de m\u00e5ste ha dokumenterat som styrker olycksfallen.<\/p><p>\u00a0<\/p>\t\t\t\t\t\t\t\t<\/div>\n\t\t\t\t<\/div>\n\t\t\t\t<\/div>\n\t\t<div class=\"elementor-element elementor-element-6b0cc94 e-con-full e-flex e-con e-child\" data-id=\"6b0cc94\" data-element_type=\"container\" data-e-type=\"container\">\n\t\t\t\t<div class=\"elementor-element elementor-element-5a48d13 elementor-widget elementor-widget-text-editor\" data-id=\"5a48d13\" data-element_type=\"widget\" data-e-type=\"widget\" data-widget_type=\"text-editor.default\">\n\t\t\t\t<div class=\"elementor-widget-container\">\n\t\t\t\t\t\t\t\t\t<h2>Kostnad f\u00f6r att laga delar av k\u00e4lken\u00a0<\/h2><p>En ny skida\u00a0 \u00a0 \u00a0 \u00a0 \u00a0 \u00a0 \u00a0 \u00a0 \u00a0 \u00a0 \u00a0 \u00a0 \u00a0 \u00a0 \u00a0 \u00a0 \u00a0 \u00a0 \u00a0 \u00a0 \u00a0 \u00a0 \u00a0 \u00a0 \u00a0 \u00a0 \u00a0 \u00a0 \u00a0 \u00a0 \u00a0 \u00a0 \u00a0 \u00a0 \u00a0 \u00a0 \u00a0 \u00a0 \u00a0 \u00a0 1 000 kr\u00a0<\/p><p>Drag &amp; dragst\u00e5ng\u00a0 \u00a0 \u00a0 \u00a0 \u00a0 \u00a0 \u00a0 \u00a0 \u00a0 \u00a0 \u00a0 \u00a0 \u00a0 \u00a0 \u00a0 \u00a0 \u00a0 \u00a0 \u00a0 \u00a0 \u00a0 \u00a0 \u00a0 \u00a0 \u00a0 \u00a0 \u00a0 \u00a0 \u00a0 \u00a0 \u00a0 \u00a0400 kr\u00a0<\/p><p>Grill\u00e5da &amp; grillgaller\u00a0 \u00a0 \u00a0 \u00a0 \u00a0 \u00a0 \u00a0 \u00a0 \u00a0 \u00a0 \u00a0 \u00a0 \u00a0 \u00a0 \u00a0 \u00a0 \u00a0 \u00a0 \u00a0 \u00a0 \u00a0 \u00a0 \u00a0 \u00a0 \u00a0 \u00a02 200 kr<\/p><p>Fotst\u00f6d\u00a0 \u00a0 \u00a0 \u00a0 \u00a0 \u00a0 \u00a0 \u00a0 \u00a0 \u00a0 \u00a0 \u00a0 \u00a0 \u00a0 \u00a0 \u00a0 \u00a0 \u00a0 \u00a0 \u00a0 \u00a0 \u00a0 \u00a0 \u00a0 \u00a0 \u00a0 \u00a0 \u00a0 \u00a0 \u00a0 \u00a0 \u00a0 \u00a0 \u00a0 \u00a0 \u00a0 \u00a0 \u00a0 \u00a0 \u00a0 \u00a0 \u00a0 \u00a0 \u00a0 \u00a0 \u00a0 \u00a0250 kr\u00a0<\/p><p>Axel\u00a0 \u00a0 \u00a0 \u00a0 \u00a0 \u00a0 \u00a0 \u00a0 \u00a0 \u00a0 \u00a0 \u00a0 \u00a0 \u00a0 \u00a0 \u00a0 \u00a0 \u00a0 \u00a0 \u00a0 \u00a0 \u00a0 \u00a0 \u00a0 \u00a0 \u00a0 \u00a0 \u00a0 \u00a0 \u00a0 \u00a0 \u00a0 \u00a0 \u00a0 \u00a0 \u00a0 \u00a0 \u00a0 \u00a0 \u00a0 \u00a0 \u00a0 \u00a0 \u00a0 \u00a0 \u00a0 \u00a0 \u00a0 \u00a0 \u00a0 \u00a0 \u00a0250kr\u00a0<\/p><p>A-arm + st\u00f6td\u00e4mpare\u00a0 \u00a0 \u00a0 \u00a0 \u00a0 \u00a0 \u00a0 \u00a0 \u00a0 \u00a0 \u00a0 \u00a0 \u00a0 \u00a0 \u00a0 \u00a0 \u00a0 \u00a0 \u00a0 \u00a0 \u00a0 \u00a0 \u00a0 \u00a0 \u00a0 \u00a0 \u00a0750 kr<\/p><p>\u00a0<\/p><p>Frakt 1 del\u00a0 \u00a0 \u00a0 \u00a0 \u00a0 \u00a0 \u00a0 \u00a0 \u00a0 \u00a0 \u00a0 \u00a0 \u00a0 \u00a0 \u00a0 \u00a0 \u00a0 \u00a0 \u00a0 \u00a0 \u00a0 \u00a0 \u00a0 \u00a0 \u00a0 \u00a0 \u00a0 \u00a0 \u00a0 \u00a0 \u00a0 \u00a0 \u00a0 \u00a0 \u00a0 \u00a0 \u00a0 \u00a0 \u00a0 \u00a0 \u00a0 \u00a0 \u00a0 300 kr\u00a0<\/p>\t\t\t\t\t\t\t\t<\/div>\n\t\t\t\t<\/div>\n\t\t\t\t<\/div>\n\t\t\t\t\t<\/div>\n\t\t\t\t<\/div>\n\t\t<div class=\"elementor-element elementor-element-5721388 e-flex e-con-boxed e-con e-parent\" data-id=\"5721388\" data-element_type=\"container\" data-e-type=\"container\">\n\t\t\t\t\t<div class=\"e-con-inner\">\n\t\t\t\t<div class=\"elementor-element elementor-element-b8ad982 elementor-widget-divider--view-line elementor-widget elementor-widget-divider\" data-id=\"b8ad982\" data-element_type=\"widget\" data-e-type=\"widget\" data-widget_type=\"divider.default\">\n\t\t\t\t<div class=\"elementor-widget-container\">\n\t\t\t\t\t\t\t<div class=\"elementor-divider\">\n\t\t\t<span class=\"elementor-divider-separator\">\n\t\t\t\t\t\t<\/span>\n\t\t<\/div>\n\t\t\t\t\t\t<\/div>\n\t\t\t\t<\/div>\n\t\t\t\t\t<\/div>\n\t\t\t\t<\/div>\n\t\t\t\t<\/div>\n\t\t","protected":false},"excerpt":{"rendered":"<p>Bli en av v\u00e5ra uthyrare! H\u00e4r hittar du som f\u00f6retagare information om hur du kan b\u00f6rja hyra ut grillk\u00e4lken! \u00a0 \u00a0 S\u00e5 enkelt \u00e4r det att bli uthyrare! I dag h\u00e5ller vi till i j\u00e4mtland och h\u00e4rjedals fj\u00e4llen och riktar i f\u00f6rsta hand in oss p\u00e5 uthyrare i det omr\u00e5det. Men vi letar alltid efter [&hellip;]<\/p>\n","protected":false},"author":2,"featured_media":0,"parent":0,"menu_order":0,"comment_status":"closed","ping_status":"closed","template":"","meta":{"footnotes":""},"class_list":["post-476","page","type-page","status-publish","hentry"],"yoast_head":"<!-- This site is optimized with the Yoast SEO plugin v26.3 - https:\/\/yoast.com\/wordpress\/plugins\/seo\/ -->\n<title>Information till nya uthyrare -<\/title>\n<meta name=\"robots\" content=\"index, follow, max-snippet:-1, max-image-preview:large, max-video-preview:-1\" \/>\n<link rel=\"canonical\" href=\"https:\/\/grillkalken.se\/index.php\/information-till-nya-uthyrare\/\" \/>\n<meta property=\"og:locale\" content=\"sv_SE\" \/>\n<meta property=\"og:type\" content=\"article\" \/>\n<meta property=\"og:title\" content=\"Information till nya uthyrare -\" \/>\n<meta property=\"og:description\" content=\"Bli en av v\u00e5ra uthyrare! H\u00e4r hittar du som f\u00f6retagare information om hur du kan b\u00f6rja hyra ut grillk\u00e4lken! \u00a0 \u00a0 S\u00e5 enkelt \u00e4r det att bli uthyrare! I dag h\u00e5ller vi till i j\u00e4mtland och h\u00e4rjedals fj\u00e4llen och riktar i f\u00f6rsta hand in oss p\u00e5 uthyrare i det omr\u00e5det. Men vi letar alltid efter [&hellip;]\" \/>\n<meta property=\"og:url\" content=\"https:\/\/grillkalken.se\/index.php\/information-till-nya-uthyrare\/\" \/>\n<meta property=\"article:modified_time\" content=\"2024-10-09T15:50:56+00:00\" \/>\n<meta property=\"og:image\" content=\"https:\/\/grillkalken.se\/wp-content\/uploads\/2024\/10\/20230416_123331-1024x461.jpg\" \/>\n<meta name=\"twitter:card\" content=\"summary_large_image\" \/>\n<meta name=\"twitter:label1\" content=\"Ber\u00e4knad l\u00e4stid\" \/>\n\t<meta name=\"twitter:data1\" content=\"4 minuter\" \/>\n<script type=\"application\/ld+json\" class=\"yoast-schema-graph\">{\"@context\":\"https:\/\/schema.org\",\"@graph\":[{\"@type\":\"WebPage\",\"@id\":\"https:\/\/grillkalken.se\/index.php\/information-till-nya-uthyrare\/\",\"url\":\"https:\/\/grillkalken.se\/index.php\/information-till-nya-uthyrare\/\",\"name\":\"Information till nya uthyrare -\",\"isPartOf\":{\"@id\":\"https:\/\/grillkalken.se\/#website\"},\"primaryImageOfPage\":{\"@id\":\"https:\/\/grillkalken.se\/index.php\/information-till-nya-uthyrare\/#primaryimage\"},\"image\":{\"@id\":\"https:\/\/grillkalken.se\/index.php\/information-till-nya-uthyrare\/#primaryimage\"},\"thumbnailUrl\":\"https:\/\/grillkalken.se\/wp-content\/uploads\/2024\/10\/20230416_123331-1024x461.jpg\",\"datePublished\":\"2024-10-09T15:04:56+00:00\",\"dateModified\":\"2024-10-09T15:50:56+00:00\",\"breadcrumb\":{\"@id\":\"https:\/\/grillkalken.se\/index.php\/information-till-nya-uthyrare\/#breadcrumb\"},\"inLanguage\":\"sv-SE\",\"potentialAction\":[{\"@type\":\"ReadAction\",\"target\":[\"https:\/\/grillkalken.se\/index.php\/information-till-nya-uthyrare\/\"]}]},{\"@type\":\"ImageObject\",\"inLanguage\":\"sv-SE\",\"@id\":\"https:\/\/grillkalken.se\/index.php\/information-till-nya-uthyrare\/#primaryimage\",\"url\":\"https:\/\/grillkalken.se\/wp-content\/uploads\/2024\/10\/20230416_123331-scaled.jpg\",\"contentUrl\":\"https:\/\/grillkalken.se\/wp-content\/uploads\/2024\/10\/20230416_123331-scaled.jpg\",\"width\":2560,\"height\":1153},{\"@type\":\"BreadcrumbList\",\"@id\":\"https:\/\/grillkalken.se\/index.php\/information-till-nya-uthyrare\/#breadcrumb\",\"itemListElement\":[{\"@type\":\"ListItem\",\"position\":1,\"name\":\"Hem\",\"item\":\"https:\/\/grillkalken.se\/\"},{\"@type\":\"ListItem\",\"position\":2,\"name\":\"Information till nya uthyrare\"}]},{\"@type\":\"WebSite\",\"@id\":\"https:\/\/grillkalken.se\/#website\",\"url\":\"https:\/\/grillkalken.se\/\",\"name\":\"\",\"description\":\"F\u00f6rgyll skoterturen\",\"potentialAction\":[{\"@type\":\"SearchAction\",\"target\":{\"@type\":\"EntryPoint\",\"urlTemplate\":\"https:\/\/grillkalken.se\/?s={search_term_string}\"},\"query-input\":{\"@type\":\"PropertyValueSpecification\",\"valueRequired\":true,\"valueName\":\"search_term_string\"}}],\"inLanguage\":\"sv-SE\"}]}<\/script>\n<!-- \/ Yoast SEO plugin. -->","yoast_head_json":{"title":"Information till nya uthyrare -","robots":{"index":"index","follow":"follow","max-snippet":"max-snippet:-1","max-image-preview":"max-image-preview:large","max-video-preview":"max-video-preview:-1"},"canonical":"https:\/\/grillkalken.se\/index.php\/information-till-nya-uthyrare\/","og_locale":"sv_SE","og_type":"article","og_title":"Information till nya uthyrare -","og_description":"Bli en av v\u00e5ra uthyrare! H\u00e4r hittar du som f\u00f6retagare information om hur du kan b\u00f6rja hyra ut grillk\u00e4lken! \u00a0 \u00a0 S\u00e5 enkelt \u00e4r det att bli uthyrare! I dag h\u00e5ller vi till i j\u00e4mtland och h\u00e4rjedals fj\u00e4llen och riktar i f\u00f6rsta hand in oss p\u00e5 uthyrare i det omr\u00e5det. Men vi letar alltid efter [&hellip;]","og_url":"https:\/\/grillkalken.se\/index.php\/information-till-nya-uthyrare\/","article_modified_time":"2024-10-09T15:50:56+00:00","og_image":[{"url":"https:\/\/grillkalken.se\/wp-content\/uploads\/2024\/10\/20230416_123331-1024x461.jpg","type":"","width":"","height":""}],"twitter_card":"summary_large_image","twitter_misc":{"Ber\u00e4knad l\u00e4stid":"4 minuter"},"schema":{"@context":"https:\/\/schema.org","@graph":[{"@type":"WebPage","@id":"https:\/\/grillkalken.se\/index.php\/information-till-nya-uthyrare\/","url":"https:\/\/grillkalken.se\/index.php\/information-till-nya-uthyrare\/","name":"Information till nya uthyrare -","isPartOf":{"@id":"https:\/\/grillkalken.se\/#website"},"primaryImageOfPage":{"@id":"https:\/\/grillkalken.se\/index.php\/information-till-nya-uthyrare\/#primaryimage"},"image":{"@id":"https:\/\/grillkalken.se\/index.php\/information-till-nya-uthyrare\/#primaryimage"},"thumbnailUrl":"https:\/\/grillkalken.se\/wp-content\/uploads\/2024\/10\/20230416_123331-1024x461.jpg","datePublished":"2024-10-09T15:04:56+00:00","dateModified":"2024-10-09T15:50:56+00:00","breadcrumb":{"@id":"https:\/\/grillkalken.se\/index.php\/information-till-nya-uthyrare\/#breadcrumb"},"inLanguage":"sv-SE","potentialAction":[{"@type":"ReadAction","target":["https:\/\/grillkalken.se\/index.php\/information-till-nya-uthyrare\/"]}]},{"@type":"ImageObject","inLanguage":"sv-SE","@id":"https:\/\/grillkalken.se\/index.php\/information-till-nya-uthyrare\/#primaryimage","url":"https:\/\/grillkalken.se\/wp-content\/uploads\/2024\/10\/20230416_123331-scaled.jpg","contentUrl":"https:\/\/grillkalken.se\/wp-content\/uploads\/2024\/10\/20230416_123331-scaled.jpg","width":2560,"height":1153},{"@type":"BreadcrumbList","@id":"https:\/\/grillkalken.se\/index.php\/information-till-nya-uthyrare\/#breadcrumb","itemListElement":[{"@type":"ListItem","position":1,"name":"Hem","item":"https:\/\/grillkalken.se\/"},{"@type":"ListItem","position":2,"name":"Information till nya uthyrare"}]},{"@type":"WebSite","@id":"https:\/\/grillkalken.se\/#website","url":"https:\/\/grillkalken.se\/","name":"","description":"F\u00f6rgyll skoterturen","potentialAction":[{"@type":"SearchAction","target":{"@type":"EntryPoint","urlTemplate":"https:\/\/grillkalken.se\/?s={search_term_string}"},"query-input":{"@type":"PropertyValueSpecification","valueRequired":true,"valueName":"search_term_string"}}],"inLanguage":"sv-SE"}]}},"_links":{"self":[{"href":"https:\/\/grillkalken.se\/index.php\/wp-json\/wp\/v2\/pages\/476","targetHints":{"allow":["GET"]}}],"collection":[{"href":"https:\/\/grillkalken.se\/index.php\/wp-json\/wp\/v2\/pages"}],"about":[{"href":"https:\/\/grillkalken.se\/index.php\/wp-json\/wp\/v2\/types\/page"}],"author":[{"embeddable":true,"href":"https:\/\/grillkalken.se\/index.php\/wp-json\/wp\/v2\/users\/2"}],"replies":[{"embeddable":true,"href":"https:\/\/grillkalken.se\/index.php\/wp-json\/wp\/v2\/comments?post=476"}],"version-history":[{"count":17,"href":"https:\/\/grillkalken.se\/index.php\/wp-json\/wp\/v2\/pages\/476\/revisions"}],"predecessor-version":[{"id":496,"href":"https:\/\/grillkalken.se\/index.php\/wp-json\/wp\/v2\/pages\/476\/revisions\/496"}],"wp:attachment":[{"href":"https:\/\/grillkalken.se\/index.php\/wp-json\/wp\/v2\/media?parent=476"}],"curies":[{"name":"wp","href":"https:\/\/api.w.org\/{rel}","templated":true}]}}