{"id":461,"date":"2024-10-08T15:51:59","date_gmt":"2024-10-08T15:51:59","guid":{"rendered":"https:\/\/grillkalken.se\/?page_id=461"},"modified":"2024-10-09T15:54:33","modified_gmt":"2024-10-09T15:54:33","slug":"villkor","status":"publish","type":"page","link":"https:\/\/grillkalken.se\/index.php\/villkor\/","title":{"rendered":"Villkor"},"content":{"rendered":"\t\t<div data-elementor-type=\"wp-page\" data-elementor-id=\"461\" class=\"elementor elementor-461\">\n\t\t\t\t<div class=\"elementor-element elementor-element-b20dd59 e-flex e-con-boxed e-con e-parent\" data-id=\"b20dd59\" data-element_type=\"container\" data-e-type=\"container\">\n\t\t\t\t\t<div class=\"e-con-inner\">\n\t\t<div class=\"elementor-element elementor-element-b782c0d e-con-full e-flex e-con e-child\" data-id=\"b782c0d\" data-element_type=\"container\" data-e-type=\"container\">\n\t\t\t\t<div class=\"elementor-element elementor-element-0b343d5 elementor-widget elementor-widget-text-editor\" data-id=\"0b343d5\" data-element_type=\"widget\" data-e-type=\"widget\" data-widget_type=\"text-editor.default\">\n\t\t\t\t<div class=\"elementor-widget-container\">\n\t\t\t\t\t\t\t\t\t<h1>\u00a0<\/h1><h1>\u00a0<\/h1><h1>FAQ<\/h1><p>H\u00e4r kan du l\u00e4sa om v\u00e5ra villkor och hitta information om grillk\u00e4lken\u00a0<\/p>\t\t\t\t\t\t\t\t<\/div>\n\t\t\t\t<\/div>\n\t\t\t\t<\/div>\n\t\t<div class=\"elementor-element elementor-element-3c914c7 e-con-full e-flex e-con e-child\" data-id=\"3c914c7\" data-element_type=\"container\" data-e-type=\"container\">\n\t\t\t\t<div class=\"elementor-element elementor-element-320e59a elementor-widget elementor-widget-image\" data-id=\"320e59a\" data-element_type=\"widget\" data-e-type=\"widget\" data-widget_type=\"image.default\">\n\t\t\t\t<div class=\"elementor-widget-container\">\n\t\t\t\t\t\t\t\t\t\t\t\t\t\t\t<img fetchpriority=\"high\" decoding=\"async\" width=\"800\" height=\"360\" src=\"https:\/\/grillkalken.se\/wp-content\/uploads\/2024\/10\/20230415_160645-1024x461.jpg\" class=\"attachment-large size-large wp-image-497\" alt=\"\" srcset=\"https:\/\/grillkalken.se\/wp-content\/uploads\/2024\/10\/20230415_160645-1024x461.jpg 1024w, https:\/\/grillkalken.se\/wp-content\/uploads\/2024\/10\/20230415_160645-300x135.jpg 300w, https:\/\/grillkalken.se\/wp-content\/uploads\/2024\/10\/20230415_160645-768x346.jpg 768w, https:\/\/grillkalken.se\/wp-content\/uploads\/2024\/10\/20230415_160645-1536x692.jpg 1536w, https:\/\/grillkalken.se\/wp-content\/uploads\/2024\/10\/20230415_160645-2048x922.jpg 2048w, https:\/\/grillkalken.se\/wp-content\/uploads\/2024\/10\/20230415_160645-600x270.jpg 600w\" sizes=\"(max-width: 800px) 100vw, 800px\" \/>\t\t\t\t\t\t\t\t\t\t\t\t\t\t\t<\/div>\n\t\t\t\t<\/div>\n\t\t\t\t<\/div>\n\t\t\t\t\t<\/div>\n\t\t\t\t<\/div>\n\t\t<div class=\"elementor-element elementor-element-401f6f4 e-flex e-con-boxed e-con e-parent\" data-id=\"401f6f4\" data-element_type=\"container\" data-e-type=\"container\">\n\t\t\t\t\t<div class=\"e-con-inner\">\n\t\t<div class=\"elementor-element elementor-element-2b8d7d7 e-con-full e-flex e-con e-child\" data-id=\"2b8d7d7\" data-element_type=\"container\" data-e-type=\"container\">\n\t\t\t\t<div class=\"elementor-element elementor-element-dd13f0a elementor-widget elementor-widget-text-editor\" data-id=\"dd13f0a\" data-element_type=\"widget\" data-e-type=\"widget\" data-widget_type=\"text-editor.default\">\n\t\t\t\t<div class=\"elementor-widget-container\">\n\t\t\t\t\t\t\t\t\t<h2>Olycksfall\u00a0<\/h2><p>Ibland \u00e4r olyckan framme och det \u00e4r n\u00e5got som f\u00f6rsvinner eller g\u00e5r s\u00f6nder. Du som hyr k\u00e4lken \u00e4r ansvarig f\u00f6r att den l\u00e4mnas tillbaka i det skick den var n\u00e4r du h\u00e4mtade den.<\/p><p>Skulle n\u00e5got g\u00e5 s\u00f6nder eller saknas p\u00e5 k\u00e4lken blir du som hyr k\u00e4lken \u00e5terbetalningsskyldig f\u00f6r det som g\u00e5tt s\u00f6nder eller saknas. Hos din\u00a0 uthyrare finns det mer information om vad de olika delarna kostar att ers\u00e4tta.<\/p><p>K\u00e4lken \u00e4r byggd s\u00e5 att det ska g\u00e5 att ers\u00e4tta delar av den, ni kommer allts\u00e5 aldrig bli debiterad f\u00f6r att ers\u00e4tta hela k\u00e4lken.<\/p><p>Ni kan v\u00e4lja att l\u00e4gga till en\u00a0<strong>olycksfallsf\u00f6rs\u00e4kring\u00a0<\/strong>som t\u00e4cker alla skador eller om det saknas n\u00e5got i grillk\u00e4lken. Denna f\u00f6rs\u00e4kring tar vi 99 kr\/dag f\u00f6r. L\u00e4s mer om f\u00f6rs\u00e4kringen i F\u00d6RS\u00c4KRING\u00a0<\/p>\t\t\t\t\t\t\t\t<\/div>\n\t\t\t\t<\/div>\n\t\t\t\t<\/div>\n\t\t<div class=\"elementor-element elementor-element-ae666b8 e-con-full e-flex e-con e-child\" data-id=\"ae666b8\" data-element_type=\"container\" data-e-type=\"container\">\n\t\t\t\t<div class=\"elementor-element elementor-element-1c49ba7 elementor-widget elementor-widget-text-editor\" data-id=\"1c49ba7\" data-element_type=\"widget\" data-e-type=\"widget\" data-widget_type=\"text-editor.default\">\n\t\t\t\t<div class=\"elementor-widget-container\">\n\t\t\t\t\t\t\t\t\t<h2>Priser\u00a0<\/h2><p>Grillk\u00e4lken kostar 495kr\/dag att hyra. I detta ing\u00e5r f\u00f6ljande:<\/p><ul><li>Tv\u00e5 st Liggunderlag\u00a0<\/li><li>Tv\u00e5 st Grillspett\u00a0<\/li><li>Yxa\u00a0<\/li><li>Spade\u00a0<\/li><li>Grillborste\u00a0<\/li><li>Askskyffel\u00a0<\/li><li>Fuktt\u00e4t l\u00e5da f\u00f6r t\u00e4nddon med: T\u00e4ndsticksask och 5st T\u00e4ndp\u00e5sar<\/li><\/ul><p>Ved och mat tar ni som hyr k\u00e4lkarna med sj\u00e4lva. Ved finns att k\u00f6pa hos de flesta uthyrarna. kontakta din uthyrare f\u00f6r vidare information.<\/p><p>\u00a0<\/p><p>\u00a0<\/p><h3>Till\u00e4ggsprodukter\u00a0<\/h3><p>Hos vissa uthyrare g\u00e5r det att l\u00e4gga till en eller flera av f\u00f6ljande produkter:<\/p><ul><li>Murrikka med stekspade\u00a0<\/li><li>Kolbullepanna\u00a0<\/li><li>Stekpanna f\u00f6r vegansk matlagning<\/li><\/ul><p>*L\u00e4s mer under mats\u00e4kerhet\u00a0<\/p><p>\u00a0<\/p><p>\u00a0<\/p><h2>F\u00f6rs\u00e4kring\u00a0<\/h2><p>Villkor f\u00f6r f\u00f6rs\u00e4kringen.<\/p><p>V\u00e5rdsl\u00f6shet<\/p><p>Skador f\u00f6r upp till 3-5000<\/p>\t\t\t\t\t\t\t\t<\/div>\n\t\t\t\t<\/div>\n\t\t\t\t<\/div>\n\t\t<div class=\"elementor-element elementor-element-18f3133 e-con-full e-flex e-con e-child\" data-id=\"18f3133\" data-element_type=\"container\" data-e-type=\"container\">\n\t\t\t\t<div class=\"elementor-element elementor-element-63dd1dc elementor-widget elementor-widget-text-editor\" data-id=\"63dd1dc\" data-element_type=\"widget\" data-e-type=\"widget\" data-widget_type=\"text-editor.default\">\n\t\t\t\t<div class=\"elementor-widget-container\">\n\t\t\t\t\t\t\t\t\t<h3>Hittar du inte svar p\u00e5 din fr\u00e5ga?<\/h3><p>\u00a0<\/p><p>\u00a0<\/p><p>\u00a0<\/p><h3>Mats\u00e4kerhet\u00a0<\/h3><p>Vi kan aldrig garantera att k\u00e4lken \u00e4r fri fr\u00e5n n\u00e5got allergen eller protein eftersom all form av grillning \u00e4r till\u00e5ten p\u00e5 v\u00e5ra grillar. Det finns borstar f\u00f6r att reng\u00f6ra grillgallret innan ni b\u00f6rjar grilla och efter att ni har grillat klart. S\u00e4kerst\u00e4ll \u00e4ven att elden hinner brinna ett tag innan ni b\u00f6rjar grilla f\u00f6r att d\u00f6da eventuella bakterier och annat som kan sitta kvar p\u00e5 gallret efter tidigare grillningar. B\u00f6rja aldrig tillaga mat innan eldp\u00e5sen har brunnit ut!<\/p><p>Hos vissa av v\u00e5ra uthyrare finns det speciella pannor som endast \u00e4r \u00e4mnade f\u00f6r vegansk matlagning. Fr\u00e5ga din uthyrare hur det ser ut hos dem. !<span style=\"text-decoration: underline;\">!!Dessa kostar 5 kr\/dag extra att hyra!!!\u00a0<\/span><\/p><p>*Det f\u00e5r inte grillas n\u00e5got som inte \u00e4r \u00e4tbart och\/eller \u00e4r skadligt.<\/p><p>** Vi kan aldrig garantera att dessa \u00e4r het fria fr\u00e5n kontaminering av icke veganska produkter.<\/p>\t\t\t\t\t\t\t\t<\/div>\n\t\t\t\t<\/div>\n\t\t\t\t<\/div>\n\t\t\t\t\t<\/div>\n\t\t\t\t<\/div>\n\t\t<div class=\"elementor-element elementor-element-c0d71e2 e-flex e-con-boxed e-con e-parent\" data-id=\"c0d71e2\" data-element_type=\"container\" data-e-type=\"container\">\n\t\t\t\t\t<div class=\"e-con-inner\">\n\t\t\t\t<div class=\"elementor-element elementor-element-e7c7e18 elementor-widget-divider--view-line elementor-widget elementor-widget-divider\" data-id=\"e7c7e18\" data-element_type=\"widget\" data-e-type=\"widget\" data-widget_type=\"divider.default\">\n\t\t\t\t<div class=\"elementor-widget-container\">\n\t\t\t\t\t\t\t<div class=\"elementor-divider\">\n\t\t\t<span class=\"elementor-divider-separator\">\n\t\t\t\t\t\t<\/span>\n\t\t<\/div>\n\t\t\t\t\t\t<\/div>\n\t\t\t\t<\/div>\n\t\t\t\t\t<\/div>\n\t\t\t\t<\/div>\n\t\t\t\t<\/div>\n\t\t","protected":false},"excerpt":{"rendered":"<p>\u00a0 \u00a0 FAQ H\u00e4r kan du l\u00e4sa om v\u00e5ra villkor och hitta information om grillk\u00e4lken\u00a0 Olycksfall\u00a0 Ibland \u00e4r olyckan framme och det \u00e4r n\u00e5got som f\u00f6rsvinner eller g\u00e5r s\u00f6nder. Du som hyr k\u00e4lken \u00e4r ansvarig f\u00f6r att den l\u00e4mnas tillbaka i det skick den var n\u00e4r du h\u00e4mtade den. Skulle n\u00e5got g\u00e5 s\u00f6nder eller saknas [&hellip;]<\/p>\n","protected":false},"author":2,"featured_media":0,"parent":0,"menu_order":0,"comment_status":"closed","ping_status":"closed","template":"","meta":{"footnotes":""},"class_list":["post-461","page","type-page","status-publish","hentry"],"yoast_head":"<!-- This site is optimized with the Yoast SEO plugin v26.3 - https:\/\/yoast.com\/wordpress\/plugins\/seo\/ -->\n<title>Villkor -<\/title>\n<meta name=\"robots\" content=\"index, follow, max-snippet:-1, max-image-preview:large, max-video-preview:-1\" \/>\n<link rel=\"canonical\" href=\"https:\/\/grillkalken.se\/index.php\/villkor\/\" \/>\n<meta property=\"og:locale\" content=\"sv_SE\" \/>\n<meta property=\"og:type\" content=\"article\" \/>\n<meta property=\"og:title\" content=\"Villkor -\" \/>\n<meta property=\"og:description\" content=\"\u00a0 \u00a0 FAQ H\u00e4r kan du l\u00e4sa om v\u00e5ra villkor och hitta information om grillk\u00e4lken\u00a0 Olycksfall\u00a0 Ibland \u00e4r olyckan framme och det \u00e4r n\u00e5got som f\u00f6rsvinner eller g\u00e5r s\u00f6nder. Du som hyr k\u00e4lken \u00e4r ansvarig f\u00f6r att den l\u00e4mnas tillbaka i det skick den var n\u00e4r du h\u00e4mtade den. Skulle n\u00e5got g\u00e5 s\u00f6nder eller saknas [&hellip;]\" \/>\n<meta property=\"og:url\" content=\"https:\/\/grillkalken.se\/index.php\/villkor\/\" \/>\n<meta property=\"article:modified_time\" content=\"2024-10-09T15:54:33+00:00\" \/>\n<meta property=\"og:image\" content=\"https:\/\/grillkalken.se\/wp-content\/uploads\/2024\/10\/20230415_160645-1024x461.jpg\" \/>\n<meta name=\"twitter:card\" content=\"summary_large_image\" \/>\n<meta name=\"twitter:label1\" content=\"Ber\u00e4knad l\u00e4stid\" \/>\n\t<meta name=\"twitter:data1\" content=\"3 minuter\" \/>\n<script type=\"application\/ld+json\" class=\"yoast-schema-graph\">{\"@context\":\"https:\/\/schema.org\",\"@graph\":[{\"@type\":\"WebPage\",\"@id\":\"https:\/\/grillkalken.se\/index.php\/villkor\/\",\"url\":\"https:\/\/grillkalken.se\/index.php\/villkor\/\",\"name\":\"Villkor -\",\"isPartOf\":{\"@id\":\"https:\/\/grillkalken.se\/#website\"},\"primaryImageOfPage\":{\"@id\":\"https:\/\/grillkalken.se\/index.php\/villkor\/#primaryimage\"},\"image\":{\"@id\":\"https:\/\/grillkalken.se\/index.php\/villkor\/#primaryimage\"},\"thumbnailUrl\":\"https:\/\/grillkalken.se\/wp-content\/uploads\/2024\/10\/20230415_160645-1024x461.jpg\",\"datePublished\":\"2024-10-08T15:51:59+00:00\",\"dateModified\":\"2024-10-09T15:54:33+00:00\",\"breadcrumb\":{\"@id\":\"https:\/\/grillkalken.se\/index.php\/villkor\/#breadcrumb\"},\"inLanguage\":\"sv-SE\",\"potentialAction\":[{\"@type\":\"ReadAction\",\"target\":[\"https:\/\/grillkalken.se\/index.php\/villkor\/\"]}]},{\"@type\":\"ImageObject\",\"inLanguage\":\"sv-SE\",\"@id\":\"https:\/\/grillkalken.se\/index.php\/villkor\/#primaryimage\",\"url\":\"https:\/\/grillkalken.se\/wp-content\/uploads\/2024\/10\/20230415_160645-scaled.jpg\",\"contentUrl\":\"https:\/\/grillkalken.se\/wp-content\/uploads\/2024\/10\/20230415_160645-scaled.jpg\",\"width\":2560,\"height\":1153},{\"@type\":\"BreadcrumbList\",\"@id\":\"https:\/\/grillkalken.se\/index.php\/villkor\/#breadcrumb\",\"itemListElement\":[{\"@type\":\"ListItem\",\"position\":1,\"name\":\"Hem\",\"item\":\"https:\/\/grillkalken.se\/\"},{\"@type\":\"ListItem\",\"position\":2,\"name\":\"Villkor\"}]},{\"@type\":\"WebSite\",\"@id\":\"https:\/\/grillkalken.se\/#website\",\"url\":\"https:\/\/grillkalken.se\/\",\"name\":\"\",\"description\":\"F\u00f6rgyll skoterturen\",\"potentialAction\":[{\"@type\":\"SearchAction\",\"target\":{\"@type\":\"EntryPoint\",\"urlTemplate\":\"https:\/\/grillkalken.se\/?s={search_term_string}\"},\"query-input\":{\"@type\":\"PropertyValueSpecification\",\"valueRequired\":true,\"valueName\":\"search_term_string\"}}],\"inLanguage\":\"sv-SE\"}]}<\/script>\n<!-- \/ Yoast SEO plugin. -->","yoast_head_json":{"title":"Villkor -","robots":{"index":"index","follow":"follow","max-snippet":"max-snippet:-1","max-image-preview":"max-image-preview:large","max-video-preview":"max-video-preview:-1"},"canonical":"https:\/\/grillkalken.se\/index.php\/villkor\/","og_locale":"sv_SE","og_type":"article","og_title":"Villkor -","og_description":"\u00a0 \u00a0 FAQ H\u00e4r kan du l\u00e4sa om v\u00e5ra villkor och hitta information om grillk\u00e4lken\u00a0 Olycksfall\u00a0 Ibland \u00e4r olyckan framme och det \u00e4r n\u00e5got som f\u00f6rsvinner eller g\u00e5r s\u00f6nder. Du som hyr k\u00e4lken \u00e4r ansvarig f\u00f6r att den l\u00e4mnas tillbaka i det skick den var n\u00e4r du h\u00e4mtade den. Skulle n\u00e5got g\u00e5 s\u00f6nder eller saknas [&hellip;]","og_url":"https:\/\/grillkalken.se\/index.php\/villkor\/","article_modified_time":"2024-10-09T15:54:33+00:00","og_image":[{"url":"https:\/\/grillkalken.se\/wp-content\/uploads\/2024\/10\/20230415_160645-1024x461.jpg","type":"","width":"","height":""}],"twitter_card":"summary_large_image","twitter_misc":{"Ber\u00e4knad l\u00e4stid":"3 minuter"},"schema":{"@context":"https:\/\/schema.org","@graph":[{"@type":"WebPage","@id":"https:\/\/grillkalken.se\/index.php\/villkor\/","url":"https:\/\/grillkalken.se\/index.php\/villkor\/","name":"Villkor -","isPartOf":{"@id":"https:\/\/grillkalken.se\/#website"},"primaryImageOfPage":{"@id":"https:\/\/grillkalken.se\/index.php\/villkor\/#primaryimage"},"image":{"@id":"https:\/\/grillkalken.se\/index.php\/villkor\/#primaryimage"},"thumbnailUrl":"https:\/\/grillkalken.se\/wp-content\/uploads\/2024\/10\/20230415_160645-1024x461.jpg","datePublished":"2024-10-08T15:51:59+00:00","dateModified":"2024-10-09T15:54:33+00:00","breadcrumb":{"@id":"https:\/\/grillkalken.se\/index.php\/villkor\/#breadcrumb"},"inLanguage":"sv-SE","potentialAction":[{"@type":"ReadAction","target":["https:\/\/grillkalken.se\/index.php\/villkor\/"]}]},{"@type":"ImageObject","inLanguage":"sv-SE","@id":"https:\/\/grillkalken.se\/index.php\/villkor\/#primaryimage","url":"https:\/\/grillkalken.se\/wp-content\/uploads\/2024\/10\/20230415_160645-scaled.jpg","contentUrl":"https:\/\/grillkalken.se\/wp-content\/uploads\/2024\/10\/20230415_160645-scaled.jpg","width":2560,"height":1153},{"@type":"BreadcrumbList","@id":"https:\/\/grillkalken.se\/index.php\/villkor\/#breadcrumb","itemListElement":[{"@type":"ListItem","position":1,"name":"Hem","item":"https:\/\/grillkalken.se\/"},{"@type":"ListItem","position":2,"name":"Villkor"}]},{"@type":"WebSite","@id":"https:\/\/grillkalken.se\/#website","url":"https:\/\/grillkalken.se\/","name":"","description":"F\u00f6rgyll skoterturen","potentialAction":[{"@type":"SearchAction","target":{"@type":"EntryPoint","urlTemplate":"https:\/\/grillkalken.se\/?s={search_term_string}"},"query-input":{"@type":"PropertyValueSpecification","valueRequired":true,"valueName":"search_term_string"}}],"inLanguage":"sv-SE"}]}},"_links":{"self":[{"href":"https:\/\/grillkalken.se\/index.php\/wp-json\/wp\/v2\/pages\/461","targetHints":{"allow":["GET"]}}],"collection":[{"href":"https:\/\/grillkalken.se\/index.php\/wp-json\/wp\/v2\/pages"}],"about":[{"href":"https:\/\/grillkalken.se\/index.php\/wp-json\/wp\/v2\/types\/page"}],"author":[{"embeddable":true,"href":"https:\/\/grillkalken.se\/index.php\/wp-json\/wp\/v2\/users\/2"}],"replies":[{"embeddable":true,"href":"https:\/\/grillkalken.se\/index.php\/wp-json\/wp\/v2\/comments?post=461"}],"version-history":[{"count":14,"href":"https:\/\/grillkalken.se\/index.php\/wp-json\/wp\/v2\/pages\/461\/revisions"}],"predecessor-version":[{"id":500,"href":"https:\/\/grillkalken.se\/index.php\/wp-json\/wp\/v2\/pages\/461\/revisions\/500"}],"wp:attachment":[{"href":"https:\/\/grillkalken.se\/index.php\/wp-json\/wp\/v2\/media?parent=461"}],"curies":[{"name":"wp","href":"https:\/\/api.w.org\/{rel}","templated":true}]}}