{"id":38,"date":"2023-10-25T15:23:47","date_gmt":"2023-10-25T15:23:47","guid":{"rendered":"https:\/\/grillkalken.se\/?page_id=38"},"modified":"2023-11-02T19:30:50","modified_gmt":"2023-11-02T19:30:50","slug":"information","status":"publish","type":"page","link":"https:\/\/grillkalken.se\/index.php\/information\/","title":{"rendered":"Information"},"content":{"rendered":"\t\t<div data-elementor-type=\"wp-page\" data-elementor-id=\"38\" class=\"elementor elementor-38\">\n\t\t\t\t<div class=\"elementor-element elementor-element-b5400a2 e-flex e-con-boxed e-con e-parent\" data-id=\"b5400a2\" data-element_type=\"container\" data-e-type=\"container\" data-settings=\"{&quot;background_background&quot;:&quot;classic&quot;}\">\n\t\t\t\t\t<div class=\"e-con-inner\">\n\t\t\t\t<div class=\"elementor-element elementor-element-ed70732 elementor-widget elementor-widget-spacer\" data-id=\"ed70732\" data-element_type=\"widget\" data-e-type=\"widget\" data-widget_type=\"spacer.default\">\n\t\t\t\t<div class=\"elementor-widget-container\">\n\t\t\t\t\t\t\t<div class=\"elementor-spacer\">\n\t\t\t<div class=\"elementor-spacer-inner\"><\/div>\n\t\t<\/div>\n\t\t\t\t\t\t<\/div>\n\t\t\t\t<\/div>\n\t\t<div class=\"elementor-element elementor-element-90d2a40 e-flex e-con-boxed e-con e-child\" data-id=\"90d2a40\" data-element_type=\"container\" data-e-type=\"container\" data-settings=\"{&quot;background_background&quot;:&quot;classic&quot;}\">\n\t\t\t\t\t<div class=\"e-con-inner\">\n\t\t\t\t<div class=\"elementor-element elementor-element-1bf3e82 elementor-widget elementor-widget-heading\" data-id=\"1bf3e82\" data-element_type=\"widget\" data-e-type=\"widget\" data-widget_type=\"heading.default\">\n\t\t\t\t<div class=\"elementor-widget-container\">\n\t\t\t\t\t<h2 class=\"elementor-heading-title elementor-size-default\">V\u00e5ra uthyrare<\/h2>\t\t\t\t<\/div>\n\t\t\t\t<\/div>\n\t\t\t\t<div class=\"elementor-element elementor-element-e719b07 elementor-widget elementor-widget-heading\" data-id=\"e719b07\" data-element_type=\"widget\" data-e-type=\"widget\" data-widget_type=\"heading.default\">\n\t\t\t\t<div class=\"elementor-widget-container\">\n\t\t\t\t\t<h2 class=\"elementor-heading-title elementor-size-xxl\">Grillk\u00e4lken<\/h2>\t\t\t\t<\/div>\n\t\t\t\t<\/div>\n\t\t\t\t<div class=\"elementor-element elementor-element-db59c41 elementor-widget elementor-widget-text-editor\" data-id=\"db59c41\" data-element_type=\"widget\" data-e-type=\"widget\" data-widget_type=\"text-editor.default\">\n\t\t\t\t<div class=\"elementor-widget-container\">\n\t\t\t\t\t\t\t\t\t<p>Vi har ett stort antal uthyrare p\u00e5 olika platser f\u00f6r<br \/>att s\u00e5 m\u00e5nga som m\u00f6jligt ska kunna njuta av<br \/>skoterupplevelsen.<\/p><p>Grillk\u00e4lken \u00e4r en grill som kan dras efter<br \/>sn\u00f6skotern, och \u00e4r utrustad med allt som beh\u00f6vs<br \/>f\u00f6r en lyckad grillning utom ved och mat. Den \u00e4r<br \/>perfekt f\u00f6r den som vill njuta av grillning p\u00e5<br \/>platser som \u00e4r sv\u00e5ra att n\u00e5 till fots eller med bil.<\/p><p>Hos v\u00e5r uthyrare i Lofsdalen g\u00e5r det att f\u00e5 f\u00e4rdiga<br \/>matpaket som g\u00f6r det extra smidigt att bara<br \/>komma och h\u00e4mta allt f\u00f6r en perfekt dag!<\/p>\t\t\t\t\t\t\t\t<\/div>\n\t\t\t\t<\/div>\n\t\t\t\t\t<\/div>\n\t\t\t\t<\/div>\n\t\t<div class=\"elementor-element elementor-element-f086c31 e-flex e-con-boxed e-con e-child\" data-id=\"f086c31\" data-element_type=\"container\" data-e-type=\"container\" data-settings=\"{&quot;background_background&quot;:&quot;classic&quot;}\">\n\t\t\t\t\t<div class=\"e-con-inner\">\n\t\t\t\t<div class=\"elementor-element elementor-element-99f04a1 elementor-widget elementor-widget-heading\" data-id=\"99f04a1\" data-element_type=\"widget\" data-e-type=\"widget\" data-widget_type=\"heading.default\">\n\t\t\t\t<div class=\"elementor-widget-container\">\n\t\t\t\t\t<h2 class=\"elementor-heading-title elementor-size-default\">S\u00e5h\u00e4r g\u00e5r det till<\/h2>\t\t\t\t<\/div>\n\t\t\t\t<\/div>\n\t\t\t\t<div class=\"elementor-element elementor-element-eff6481 elementor-widget elementor-widget-text-editor\" data-id=\"eff6481\" data-element_type=\"widget\" data-e-type=\"widget\" data-widget_type=\"text-editor.default\">\n\t\t\t\t<div class=\"elementor-widget-container\">\n\t\t\t\t\t\t\t\t\t<ol><li>Grillk\u00e4lken \u00e4r utrustad med allt du beh\u00f6ver f\u00f6r en lyckad grillning. Du beh\u00f6ver endast ta med ved och det du vill grilla.<\/li><li>Bokningsprocessen varierar mellan olika uthyrare. V\u00e4lj den uthyraren som ligger n\u00e4rmast dig under &#8221;uthyrare&#8221; i menyn f\u00f6r att l\u00f6sa med och f\u00e5 kontaktuppgifter. Om du beh\u00f6ver hj\u00e4lp med bokningen el\u00f6er att hitta r\u00e4tt uthyrare kan du skicka ett meddelande till oss s\u00e5 hj\u00e4lper vi dig.<\/li><li>Upph\u00e4mtning av grillk\u00e4lken sker p\u00e5 bokad dag, \u00f6ppettiderna varierar mella uthyrarna. Vanligtvis kan grillk\u00e4lken h\u00e4mtas mellan 07,00-09,00.\u00a0<\/li><li>\u00c5terl\u00e4mning sker enligt \u00f6verenskommelse med uthyraren.<\/li><li>Ved kan k\u00f6pas fr\u00e5n uthyraren eller i n\u00e4rheten av uthyraren. Bes\u00f6k den uthyraren som ligger n\u00e4rmast dig p\u00e5 v\u00e5r sida f\u00f6r mer information.<\/li><li>F\u00f6rslag p\u00e5 turer att g\u00f6ra med grillk\u00e4lken finns ocks\u00e5 tillg\u00e4ngliga p\u00e5 v\u00e5r hemsida under fliken &#8221;utflyktsm\u00e5l\u201d<\/li><li>\u00c5k p\u00e5 tur till den perfekta gripplatsen p\u00e5 fj\u00e4llet, p\u00e5 isen eller runt husknuten med din grillk\u00e4lke!<\/li><li>\u00a0<\/li><\/ol>\t\t\t\t\t\t\t\t<\/div>\n\t\t\t\t<\/div>\n\t\t\t\t\t<\/div>\n\t\t\t\t<\/div>\n\t\t<div class=\"elementor-element elementor-element-f30268e e-con-full e-flex e-con e-child\" data-id=\"f30268e\" data-element_type=\"container\" data-e-type=\"container\" data-settings=\"{&quot;background_background&quot;:&quot;classic&quot;}\">\n\t\t\t\t<div class=\"elementor-element elementor-element-5faab0f elementor-widget elementor-widget-heading\" data-id=\"5faab0f\" data-element_type=\"widget\" data-e-type=\"widget\" data-widget_type=\"heading.default\">\n\t\t\t\t<div class=\"elementor-widget-container\">\n\t\t\t\t\t<h2 class=\"elementor-heading-title elementor-size-default\">N\u00e4r du hyr grillk\u00e4lken ing\u00e5r:<\/h2>\t\t\t\t<\/div>\n\t\t\t\t<\/div>\n\t\t\t\t<div class=\"elementor-element elementor-element-77d8e16 elementor-widget elementor-widget-text-editor\" data-id=\"77d8e16\" data-element_type=\"widget\" data-e-type=\"widget\" data-widget_type=\"text-editor.default\">\n\t\t\t\t<div class=\"elementor-widget-container\">\n\t\t\t\t\t\t\t\t\t<ul><li>Tv\u00e5 st Liggunderlag<\/li><li>Tv\u00e5 st Grillspett<\/li><li>Yxa<\/li><li>Spade<\/li><li>Grillborste<\/li><li>Askskyffel<\/li><li>Fuktt\u00e4t l\u00e5da f\u00f6r t\u00e4nddon med:<br \/><ul><li>T\u00e4ndsticksask<\/li><li>5 st T\u00e4ndp\u00e5sar<\/li><\/ul><\/li><\/ul>\t\t\t\t\t\t\t\t<\/div>\n\t\t\t\t<\/div>\n\t\t\t\t<div class=\"elementor-element elementor-element-6e2b63c elementor-widget elementor-widget-image\" data-id=\"6e2b63c\" data-element_type=\"widget\" data-e-type=\"widget\" data-widget_type=\"image.default\">\n\t\t\t\t<div class=\"elementor-widget-container\">\n\t\t\t\t\t\t\t\t\t\t\t\t\t\t\t<img fetchpriority=\"high\" decoding=\"async\" width=\"800\" height=\"450\" src=\"https:\/\/grillkalken.se\/wp-content\/uploads\/2023\/11\/20210508_112943-1024x576.jpg\" class=\"attachment-large size-large wp-image-243\" alt=\"\" srcset=\"https:\/\/grillkalken.se\/wp-content\/uploads\/2023\/11\/20210508_112943-1024x576.jpg 1024w, https:\/\/grillkalken.se\/wp-content\/uploads\/2023\/11\/20210508_112943-300x169.jpg 300w, https:\/\/grillkalken.se\/wp-content\/uploads\/2023\/11\/20210508_112943-768x432.jpg 768w, https:\/\/grillkalken.se\/wp-content\/uploads\/2023\/11\/20210508_112943-1536x864.jpg 1536w, https:\/\/grillkalken.se\/wp-content\/uploads\/2023\/11\/20210508_112943-2048x1152.jpg 2048w, https:\/\/grillkalken.se\/wp-content\/uploads\/2023\/11\/20210508_112943-600x338.jpg 600w\" sizes=\"(max-width: 800px) 100vw, 800px\" \/>\t\t\t\t\t\t\t\t\t\t\t\t\t\t\t<\/div>\n\t\t\t\t<\/div>\n\t\t\t\t<\/div>\n\t\t<div class=\"elementor-element elementor-element-d10f1c4 e-flex e-con-boxed e-con e-child\" data-id=\"d10f1c4\" data-element_type=\"container\" data-e-type=\"container\">\n\t\t\t\t\t<div class=\"e-con-inner\">\n\t\t\t\t<div class=\"elementor-element elementor-element-8e09e42 elementor-widget elementor-widget-html\" data-id=\"8e09e42\" data-element_type=\"widget\" data-e-type=\"widget\" data-widget_type=\"html.default\">\n\t\t\t\t<div class=\"elementor-widget-container\">\n\t\t\t\t\t<iframe src=\"https:\/\/www.google.com\/maps\/d\/embed?mid=1kWRYzCYI_FwSyNM7HnQG2671De0Y_AWf&ehbc=2E312F\" width=\"640\" height=\"380\"><\/iframe>\t\t\t\t<\/div>\n\t\t\t\t<\/div>\n\t\t\t\t\t<\/div>\n\t\t\t\t<\/div>\n\t\t\t\t\t<\/div>\n\t\t\t\t<\/div>\n\t\t\t\t<\/div>\n\t\t","protected":false},"excerpt":{"rendered":"<p>V\u00e5ra uthyrare Grillk\u00e4lken Vi har ett stort antal uthyrare p\u00e5 olika platser f\u00f6ratt s\u00e5 m\u00e5nga som m\u00f6jligt ska kunna njuta avskoterupplevelsen. Grillk\u00e4lken \u00e4r en grill som kan dras eftersn\u00f6skotern, och \u00e4r utrustad med allt som beh\u00f6vsf\u00f6r en lyckad grillning utom ved och mat. Den \u00e4rperfekt f\u00f6r den som vill njuta av grillning p\u00e5platser som \u00e4r [&hellip;]<\/p>\n","protected":false},"author":1,"featured_media":0,"parent":0,"menu_order":0,"comment_status":"closed","ping_status":"closed","template":"","meta":{"footnotes":""},"class_list":["post-38","page","type-page","status-publish","hentry"],"yoast_head":"<!-- This site is optimized with the Yoast SEO plugin v26.3 - https:\/\/yoast.com\/wordpress\/plugins\/seo\/ -->\n<title>Information -<\/title>\n<meta name=\"robots\" content=\"index, follow, max-snippet:-1, max-image-preview:large, max-video-preview:-1\" \/>\n<link rel=\"canonical\" href=\"https:\/\/grillkalken.se\/index.php\/information\/\" \/>\n<meta property=\"og:locale\" content=\"sv_SE\" \/>\n<meta property=\"og:type\" content=\"article\" \/>\n<meta property=\"og:title\" content=\"Information -\" \/>\n<meta property=\"og:description\" content=\"V\u00e5ra uthyrare Grillk\u00e4lken Vi har ett stort antal uthyrare p\u00e5 olika platser f\u00f6ratt s\u00e5 m\u00e5nga som m\u00f6jligt ska kunna njuta avskoterupplevelsen. Grillk\u00e4lken \u00e4r en grill som kan dras eftersn\u00f6skotern, och \u00e4r utrustad med allt som beh\u00f6vsf\u00f6r en lyckad grillning utom ved och mat. Den \u00e4rperfekt f\u00f6r den som vill njuta av grillning p\u00e5platser som \u00e4r [&hellip;]\" \/>\n<meta property=\"og:url\" content=\"https:\/\/grillkalken.se\/index.php\/information\/\" \/>\n<meta property=\"article:modified_time\" content=\"2023-11-02T19:30:50+00:00\" \/>\n<meta property=\"og:image\" content=\"https:\/\/grillkalken.se\/wp-content\/uploads\/2023\/11\/20210508_112943-1024x576.jpg\" \/>\n<meta name=\"twitter:card\" content=\"summary_large_image\" \/>\n<meta name=\"twitter:label1\" content=\"Ber\u00e4knad l\u00e4stid\" \/>\n\t<meta name=\"twitter:data1\" content=\"2 minuter\" \/>\n<script type=\"application\/ld+json\" class=\"yoast-schema-graph\">{\"@context\":\"https:\/\/schema.org\",\"@graph\":[{\"@type\":\"WebPage\",\"@id\":\"https:\/\/grillkalken.se\/index.php\/information\/\",\"url\":\"https:\/\/grillkalken.se\/index.php\/information\/\",\"name\":\"Information -\",\"isPartOf\":{\"@id\":\"https:\/\/grillkalken.se\/#website\"},\"primaryImageOfPage\":{\"@id\":\"https:\/\/grillkalken.se\/index.php\/information\/#primaryimage\"},\"image\":{\"@id\":\"https:\/\/grillkalken.se\/index.php\/information\/#primaryimage\"},\"thumbnailUrl\":\"https:\/\/grillkalken.se\/wp-content\/uploads\/2023\/11\/20210508_112943-1024x576.jpg\",\"datePublished\":\"2023-10-25T15:23:47+00:00\",\"dateModified\":\"2023-11-02T19:30:50+00:00\",\"breadcrumb\":{\"@id\":\"https:\/\/grillkalken.se\/index.php\/information\/#breadcrumb\"},\"inLanguage\":\"sv-SE\",\"potentialAction\":[{\"@type\":\"ReadAction\",\"target\":[\"https:\/\/grillkalken.se\/index.php\/information\/\"]}]},{\"@type\":\"ImageObject\",\"inLanguage\":\"sv-SE\",\"@id\":\"https:\/\/grillkalken.se\/index.php\/information\/#primaryimage\",\"url\":\"https:\/\/grillkalken.se\/wp-content\/uploads\/2023\/11\/20210508_112943-scaled.jpg\",\"contentUrl\":\"https:\/\/grillkalken.se\/wp-content\/uploads\/2023\/11\/20210508_112943-scaled.jpg\",\"width\":2560,\"height\":1440},{\"@type\":\"BreadcrumbList\",\"@id\":\"https:\/\/grillkalken.se\/index.php\/information\/#breadcrumb\",\"itemListElement\":[{\"@type\":\"ListItem\",\"position\":1,\"name\":\"Hem\",\"item\":\"https:\/\/grillkalken.se\/\"},{\"@type\":\"ListItem\",\"position\":2,\"name\":\"Information\"}]},{\"@type\":\"WebSite\",\"@id\":\"https:\/\/grillkalken.se\/#website\",\"url\":\"https:\/\/grillkalken.se\/\",\"name\":\"\",\"description\":\"F\u00f6rgyll skoterturen\",\"potentialAction\":[{\"@type\":\"SearchAction\",\"target\":{\"@type\":\"EntryPoint\",\"urlTemplate\":\"https:\/\/grillkalken.se\/?s={search_term_string}\"},\"query-input\":{\"@type\":\"PropertyValueSpecification\",\"valueRequired\":true,\"valueName\":\"search_term_string\"}}],\"inLanguage\":\"sv-SE\"}]}<\/script>\n<!-- \/ Yoast SEO plugin. -->","yoast_head_json":{"title":"Information -","robots":{"index":"index","follow":"follow","max-snippet":"max-snippet:-1","max-image-preview":"max-image-preview:large","max-video-preview":"max-video-preview:-1"},"canonical":"https:\/\/grillkalken.se\/index.php\/information\/","og_locale":"sv_SE","og_type":"article","og_title":"Information -","og_description":"V\u00e5ra uthyrare Grillk\u00e4lken Vi har ett stort antal uthyrare p\u00e5 olika platser f\u00f6ratt s\u00e5 m\u00e5nga som m\u00f6jligt ska kunna njuta avskoterupplevelsen. Grillk\u00e4lken \u00e4r en grill som kan dras eftersn\u00f6skotern, och \u00e4r utrustad med allt som beh\u00f6vsf\u00f6r en lyckad grillning utom ved och mat. Den \u00e4rperfekt f\u00f6r den som vill njuta av grillning p\u00e5platser som \u00e4r [&hellip;]","og_url":"https:\/\/grillkalken.se\/index.php\/information\/","article_modified_time":"2023-11-02T19:30:50+00:00","og_image":[{"url":"https:\/\/grillkalken.se\/wp-content\/uploads\/2023\/11\/20210508_112943-1024x576.jpg","type":"","width":"","height":""}],"twitter_card":"summary_large_image","twitter_misc":{"Ber\u00e4knad l\u00e4stid":"2 minuter"},"schema":{"@context":"https:\/\/schema.org","@graph":[{"@type":"WebPage","@id":"https:\/\/grillkalken.se\/index.php\/information\/","url":"https:\/\/grillkalken.se\/index.php\/information\/","name":"Information -","isPartOf":{"@id":"https:\/\/grillkalken.se\/#website"},"primaryImageOfPage":{"@id":"https:\/\/grillkalken.se\/index.php\/information\/#primaryimage"},"image":{"@id":"https:\/\/grillkalken.se\/index.php\/information\/#primaryimage"},"thumbnailUrl":"https:\/\/grillkalken.se\/wp-content\/uploads\/2023\/11\/20210508_112943-1024x576.jpg","datePublished":"2023-10-25T15:23:47+00:00","dateModified":"2023-11-02T19:30:50+00:00","breadcrumb":{"@id":"https:\/\/grillkalken.se\/index.php\/information\/#breadcrumb"},"inLanguage":"sv-SE","potentialAction":[{"@type":"ReadAction","target":["https:\/\/grillkalken.se\/index.php\/information\/"]}]},{"@type":"ImageObject","inLanguage":"sv-SE","@id":"https:\/\/grillkalken.se\/index.php\/information\/#primaryimage","url":"https:\/\/grillkalken.se\/wp-content\/uploads\/2023\/11\/20210508_112943-scaled.jpg","contentUrl":"https:\/\/grillkalken.se\/wp-content\/uploads\/2023\/11\/20210508_112943-scaled.jpg","width":2560,"height":1440},{"@type":"BreadcrumbList","@id":"https:\/\/grillkalken.se\/index.php\/information\/#breadcrumb","itemListElement":[{"@type":"ListItem","position":1,"name":"Hem","item":"https:\/\/grillkalken.se\/"},{"@type":"ListItem","position":2,"name":"Information"}]},{"@type":"WebSite","@id":"https:\/\/grillkalken.se\/#website","url":"https:\/\/grillkalken.se\/","name":"","description":"F\u00f6rgyll skoterturen","potentialAction":[{"@type":"SearchAction","target":{"@type":"EntryPoint","urlTemplate":"https:\/\/grillkalken.se\/?s={search_term_string}"},"query-input":{"@type":"PropertyValueSpecification","valueRequired":true,"valueName":"search_term_string"}}],"inLanguage":"sv-SE"}]}},"_links":{"self":[{"href":"https:\/\/grillkalken.se\/index.php\/wp-json\/wp\/v2\/pages\/38","targetHints":{"allow":["GET"]}}],"collection":[{"href":"https:\/\/grillkalken.se\/index.php\/wp-json\/wp\/v2\/pages"}],"about":[{"href":"https:\/\/grillkalken.se\/index.php\/wp-json\/wp\/v2\/types\/page"}],"author":[{"embeddable":true,"href":"https:\/\/grillkalken.se\/index.php\/wp-json\/wp\/v2\/users\/1"}],"replies":[{"embeddable":true,"href":"https:\/\/grillkalken.se\/index.php\/wp-json\/wp\/v2\/comments?post=38"}],"version-history":[{"count":19,"href":"https:\/\/grillkalken.se\/index.php\/wp-json\/wp\/v2\/pages\/38\/revisions"}],"predecessor-version":[{"id":250,"href":"https:\/\/grillkalken.se\/index.php\/wp-json\/wp\/v2\/pages\/38\/revisions\/250"}],"wp:attachment":[{"href":"https:\/\/grillkalken.se\/index.php\/wp-json\/wp\/v2\/media?parent=38"}],"curies":[{"name":"wp","href":"https:\/\/api.w.org\/{rel}","templated":true}]}}