{"id":358,"date":"2024-03-30T08:19:05","date_gmt":"2024-03-30T08:19:05","guid":{"rendered":"https:\/\/grillkalken.se\/?page_id=358"},"modified":"2024-03-30T19:20:18","modified_gmt":"2024-03-30T19:20:18","slug":"kop-grillkelken","status":"publish","type":"page","link":"https:\/\/grillkalken.se\/index.php\/kop-grillkelken\/","title":{"rendered":"K\u00f6p Grillk\u00e4lken!"},"content":{"rendered":"\t\t<div data-elementor-type=\"wp-page\" data-elementor-id=\"358\" class=\"elementor elementor-358\">\n\t\t\t\t<div class=\"elementor-element elementor-element-7c633e3 e-flex e-con-boxed e-con e-parent\" data-id=\"7c633e3\" data-element_type=\"container\" data-e-type=\"container\">\n\t\t\t\t\t<div class=\"e-con-inner\">\n\t\t\t\t<div class=\"elementor-element elementor-element-d2d3e1f elementor-widget elementor-widget-text-editor\" data-id=\"d2d3e1f\" data-element_type=\"widget\" data-e-type=\"widget\" data-widget_type=\"text-editor.default\">\n\t\t\t\t<div class=\"elementor-widget-container\">\n\t\t\t\t\t\t\t\t\t<p>\u00c4r du intreserad av att k\u00f6pa en egen k\u00e4lke och f\u00f6rgylla din skoter- eller fisketur n\u00e4r du vill?\u00a0<\/p><p>D\u00e5 kan du best\u00e4lla en ny eller titta p\u00e5 n\u00e5gon av v\u00e5ra \u00e4ldre modeller.\u00a0<\/p><p>Kontakta oss f\u00f6r att g\u00f6ra en best\u00e4llning eller f\u00e5 mer information!<\/p>\t\t\t\t\t\t\t\t<\/div>\n\t\t\t\t<\/div>\n\t\t\t\t<div class=\"elementor-element elementor-element-9d49057 elementor-widget elementor-widget-text-editor\" data-id=\"9d49057\" data-element_type=\"widget\" data-e-type=\"widget\" data-widget_type=\"text-editor.default\">\n\t\t\t\t<div class=\"elementor-widget-container\">\n\t\t\t\t\t\t\t\t\t<p>Prislista (ink moms):<\/p><p>Grillk\u00e4lke i standardutf\u00f6rande: 12 499 kr<\/p><p>Grillk\u00e4lke med rostfri grill\u00e5da: +2 499 kr<\/p><p>\u00a0<\/p><p>Tillbeh\u00f6r:<\/p><table width=\"239\"><tbody><tr><td width=\"159\">Eldgaller\u00a0<\/td><td width=\"80\">\u00a0\u00a0\u00a0\u00a0\u00a0\u00a0 499,00 kr<\/td><\/tr><tr><td>Isborrs-\/skidh\u00e5llare\u00a0<\/td><td>\u00a0\u00a0\u00a0\u00a0\u00a0\u00a0 499,00 kr<\/td><\/tr><tr><td>Murrikah\u00e5llare<\/td><td>\u00a0\u00a0\u00a0\u00a0\u00a0\u00a0 499,00 kr<\/td><\/tr><tr><td>Redskapsh\u00e5llaren\u00a0<\/td><td>\u00a0\u00a0\u00a0\u00a0\u00a0\u00a0 299,00 kr<\/td><\/tr><tr><td>Extra drag<\/td><td>\u00a0\u00a0\u00a0\u00a0\u00a0\u00a0 369,00 kr<\/td><\/tr><tr><td>Ugn\u00a0<\/td><td>\u00a0\u00a0 1 099,00 kr<\/td><\/tr><tr><td>Rostfri ung<\/td><td>\u00a0\u00a0 2 299,00 kr<\/td><\/tr><tr><td>Verktygsl\u00e5da<\/td><td>\u00a0\u00a0 1 399,00 kr<\/td><\/tr><tr><td>H\u00e5llare f\u00f6r Murrikaben<\/td><td>\u00a0\u00a0\u00a0\u00a0\u00a0\u00a0 449,00 kr<\/td><\/tr><tr><td>Arm kaffepanna<\/td><td>\u00a0\u00a0\u00a0\u00a0\u00a0\u00a0 699,00 kr<\/td><\/tr><\/tbody><\/table>\t\t\t\t\t\t\t\t<\/div>\n\t\t\t\t<\/div>\n\t\t\t\t<div class=\"elementor-element elementor-element-ba6d866 elementor-widget elementor-widget-heading\" data-id=\"ba6d866\" data-element_type=\"widget\" data-e-type=\"widget\" data-widget_type=\"heading.default\">\n\t\t\t\t<div class=\"elementor-widget-container\">\n\t\t\t\t\t<h2 class=\"elementor-heading-title elementor-size-default\">Intreserad?\nKontakta oss!<\/h2>\t\t\t\t<\/div>\n\t\t\t\t<\/div>\n\t\t\t\t\t<\/div>\n\t\t\t\t<\/div>\n\t\t\t\t<\/div>\n\t\t","protected":false},"excerpt":{"rendered":"<p>\u00c4r du intreserad av att k\u00f6pa en egen k\u00e4lke och f\u00f6rgylla din skoter- eller fisketur n\u00e4r du vill?\u00a0 D\u00e5 kan du best\u00e4lla en ny eller titta p\u00e5 n\u00e5gon av v\u00e5ra \u00e4ldre modeller.\u00a0 Kontakta oss f\u00f6r att g\u00f6ra en best\u00e4llning eller f\u00e5 mer information! Prislista (ink moms): Grillk\u00e4lke i standardutf\u00f6rande: 12 499 kr Grillk\u00e4lke med rostfri [&hellip;]<\/p>\n","protected":false},"author":1,"featured_media":0,"parent":0,"menu_order":0,"comment_status":"closed","ping_status":"closed","template":"","meta":{"footnotes":""},"class_list":["post-358","page","type-page","status-publish","hentry"],"yoast_head":"<!-- This site is optimized with the Yoast SEO plugin v26.3 - https:\/\/yoast.com\/wordpress\/plugins\/seo\/ -->\n<title>K\u00f6p Grillk\u00e4lken! -<\/title>\n<meta name=\"robots\" content=\"index, follow, max-snippet:-1, max-image-preview:large, max-video-preview:-1\" \/>\n<link rel=\"canonical\" href=\"https:\/\/grillkalken.se\/index.php\/kop-grillkelken\/\" \/>\n<meta property=\"og:locale\" content=\"sv_SE\" \/>\n<meta property=\"og:type\" content=\"article\" \/>\n<meta property=\"og:title\" content=\"K\u00f6p Grillk\u00e4lken! -\" \/>\n<meta property=\"og:description\" content=\"\u00c4r du intreserad av att k\u00f6pa en egen k\u00e4lke och f\u00f6rgylla din skoter- eller fisketur n\u00e4r du vill?\u00a0 D\u00e5 kan du best\u00e4lla en ny eller titta p\u00e5 n\u00e5gon av v\u00e5ra \u00e4ldre modeller.\u00a0 Kontakta oss f\u00f6r att g\u00f6ra en best\u00e4llning eller f\u00e5 mer information! Prislista (ink moms): Grillk\u00e4lke i standardutf\u00f6rande: 12 499 kr Grillk\u00e4lke med rostfri [&hellip;]\" \/>\n<meta property=\"og:url\" content=\"https:\/\/grillkalken.se\/index.php\/kop-grillkelken\/\" \/>\n<meta property=\"article:modified_time\" content=\"2024-03-30T19:20:18+00:00\" \/>\n<meta name=\"twitter:card\" content=\"summary_large_image\" \/>\n<meta name=\"twitter:label1\" content=\"Ber\u00e4knad l\u00e4stid\" \/>\n\t<meta name=\"twitter:data1\" content=\"1 minut\" \/>\n<script type=\"application\/ld+json\" class=\"yoast-schema-graph\">{\"@context\":\"https:\/\/schema.org\",\"@graph\":[{\"@type\":\"WebPage\",\"@id\":\"https:\/\/grillkalken.se\/index.php\/kop-grillkelken\/\",\"url\":\"https:\/\/grillkalken.se\/index.php\/kop-grillkelken\/\",\"name\":\"K\u00f6p Grillk\u00e4lken! -\",\"isPartOf\":{\"@id\":\"https:\/\/grillkalken.se\/#website\"},\"datePublished\":\"2024-03-30T08:19:05+00:00\",\"dateModified\":\"2024-03-30T19:20:18+00:00\",\"breadcrumb\":{\"@id\":\"https:\/\/grillkalken.se\/index.php\/kop-grillkelken\/#breadcrumb\"},\"inLanguage\":\"sv-SE\",\"potentialAction\":[{\"@type\":\"ReadAction\",\"target\":[\"https:\/\/grillkalken.se\/index.php\/kop-grillkelken\/\"]}]},{\"@type\":\"BreadcrumbList\",\"@id\":\"https:\/\/grillkalken.se\/index.php\/kop-grillkelken\/#breadcrumb\",\"itemListElement\":[{\"@type\":\"ListItem\",\"position\":1,\"name\":\"Hem\",\"item\":\"https:\/\/grillkalken.se\/\"},{\"@type\":\"ListItem\",\"position\":2,\"name\":\"K\u00f6p Grillk\u00e4lken!\"}]},{\"@type\":\"WebSite\",\"@id\":\"https:\/\/grillkalken.se\/#website\",\"url\":\"https:\/\/grillkalken.se\/\",\"name\":\"\",\"description\":\"F\u00f6rgyll skoterturen\",\"potentialAction\":[{\"@type\":\"SearchAction\",\"target\":{\"@type\":\"EntryPoint\",\"urlTemplate\":\"https:\/\/grillkalken.se\/?s={search_term_string}\"},\"query-input\":{\"@type\":\"PropertyValueSpecification\",\"valueRequired\":true,\"valueName\":\"search_term_string\"}}],\"inLanguage\":\"sv-SE\"}]}<\/script>\n<!-- \/ Yoast SEO plugin. -->","yoast_head_json":{"title":"K\u00f6p Grillk\u00e4lken! -","robots":{"index":"index","follow":"follow","max-snippet":"max-snippet:-1","max-image-preview":"max-image-preview:large","max-video-preview":"max-video-preview:-1"},"canonical":"https:\/\/grillkalken.se\/index.php\/kop-grillkelken\/","og_locale":"sv_SE","og_type":"article","og_title":"K\u00f6p Grillk\u00e4lken! -","og_description":"\u00c4r du intreserad av att k\u00f6pa en egen k\u00e4lke och f\u00f6rgylla din skoter- eller fisketur n\u00e4r du vill?\u00a0 D\u00e5 kan du best\u00e4lla en ny eller titta p\u00e5 n\u00e5gon av v\u00e5ra \u00e4ldre modeller.\u00a0 Kontakta oss f\u00f6r att g\u00f6ra en best\u00e4llning eller f\u00e5 mer information! Prislista (ink moms): Grillk\u00e4lke i standardutf\u00f6rande: 12 499 kr Grillk\u00e4lke med rostfri [&hellip;]","og_url":"https:\/\/grillkalken.se\/index.php\/kop-grillkelken\/","article_modified_time":"2024-03-30T19:20:18+00:00","twitter_card":"summary_large_image","twitter_misc":{"Ber\u00e4knad l\u00e4stid":"1 minut"},"schema":{"@context":"https:\/\/schema.org","@graph":[{"@type":"WebPage","@id":"https:\/\/grillkalken.se\/index.php\/kop-grillkelken\/","url":"https:\/\/grillkalken.se\/index.php\/kop-grillkelken\/","name":"K\u00f6p Grillk\u00e4lken! -","isPartOf":{"@id":"https:\/\/grillkalken.se\/#website"},"datePublished":"2024-03-30T08:19:05+00:00","dateModified":"2024-03-30T19:20:18+00:00","breadcrumb":{"@id":"https:\/\/grillkalken.se\/index.php\/kop-grillkelken\/#breadcrumb"},"inLanguage":"sv-SE","potentialAction":[{"@type":"ReadAction","target":["https:\/\/grillkalken.se\/index.php\/kop-grillkelken\/"]}]},{"@type":"BreadcrumbList","@id":"https:\/\/grillkalken.se\/index.php\/kop-grillkelken\/#breadcrumb","itemListElement":[{"@type":"ListItem","position":1,"name":"Hem","item":"https:\/\/grillkalken.se\/"},{"@type":"ListItem","position":2,"name":"K\u00f6p Grillk\u00e4lken!"}]},{"@type":"WebSite","@id":"https:\/\/grillkalken.se\/#website","url":"https:\/\/grillkalken.se\/","name":"","description":"F\u00f6rgyll skoterturen","potentialAction":[{"@type":"SearchAction","target":{"@type":"EntryPoint","urlTemplate":"https:\/\/grillkalken.se\/?s={search_term_string}"},"query-input":{"@type":"PropertyValueSpecification","valueRequired":true,"valueName":"search_term_string"}}],"inLanguage":"sv-SE"}]}},"_links":{"self":[{"href":"https:\/\/grillkalken.se\/index.php\/wp-json\/wp\/v2\/pages\/358","targetHints":{"allow":["GET"]}}],"collection":[{"href":"https:\/\/grillkalken.se\/index.php\/wp-json\/wp\/v2\/pages"}],"about":[{"href":"https:\/\/grillkalken.se\/index.php\/wp-json\/wp\/v2\/types\/page"}],"author":[{"embeddable":true,"href":"https:\/\/grillkalken.se\/index.php\/wp-json\/wp\/v2\/users\/1"}],"replies":[{"embeddable":true,"href":"https:\/\/grillkalken.se\/index.php\/wp-json\/wp\/v2\/comments?post=358"}],"version-history":[{"count":14,"href":"https:\/\/grillkalken.se\/index.php\/wp-json\/wp\/v2\/pages\/358\/revisions"}],"predecessor-version":[{"id":753,"href":"https:\/\/grillkalken.se\/index.php\/wp-json\/wp\/v2\/pages\/358\/revisions\/753"}],"wp:attachment":[{"href":"https:\/\/grillkalken.se\/index.php\/wp-json\/wp\/v2\/media?parent=358"}],"curies":[{"name":"wp","href":"https:\/\/api.w.org\/{rel}","templated":true}]}}